{"id":13762,"date":"2023-12-13T23:56:45","date_gmt":"2023-12-13T21:56:45","guid":{"rendered":"https:\/\/superstore.ee\/?post_type=product&#038;p=13762"},"modified":"2024-04-21T15:06:51","modified_gmt":"2024-04-21T13:06:51","slug":"kinkekomplekt-nr-3","status":"publish","type":"product","link":"https:\/\/superstore.ee\/index.php\/toode\/kinkekomplekt-nr-3\/","title":{"rendered":"Kinkekomplekt Nr.3"},"content":{"rendered":"","protected":false},"excerpt":{"rendered":"<p>\ud83c\uddea\ud83c\uddea Kingituskomplekt KIKO Milano on ideaalne kingitus iluarmastajale.<\/p>\n<p>Komplektis on:<\/p>\n<p>\u2728 Elegantselt pakitud kingikarp paela ja kaunistustega, luues erilise meeleolu.<\/p>\n<p>\ud83c\udf1f KIKO Milano 3-\u00fches ripsmetu\u0161\u0161 kahekordse aplikaatoriga (must). Lisateavet leiate <strong><a href=\"https:\/\/superstore.ee\/index.php\/toode\/kauapusiv-12h-3-in-2-ripsmetuss-kiko-milano\/\">siit<\/a><\/strong>.<\/p>\n<p>\ud83d\udc84 \u00a0Niisutav s\u00e4delev huulepulk KIKO Milano (01 toon) &#8211; t\u00e4iuslik t\u00e4iendus kaunile v\u00e4limusele. Lisateavet toote kohta leiate <strong><a href=\"https:\/\/superstore.ee\/index.php\/toode\/niisutav-sadelev-huulepulk-kiko-milano-mood-boost-born-to-shine-lip-stylo-01\/\">siit<\/a><\/strong>.<\/p>\n<p>\ud83d\udca7 KIKO Milano niisked salvr\u00e4tikud \u00f5rna ja efektiivse meigi eemaldamiseks. Lisateavet saab leida <strong><a href=\"https:\/\/superstore.ee\/index.php\/toode\/niisked-salvratikud-meigi-eemaldamiseks-kiko-milano-pure-clean-wipes-mini\/\">siit<\/a><\/strong>.<\/p>\n<p>&nbsp;<\/p>\n<p>\ud83c\uddf7\ud83c\uddfa \u041e\u0447\u0430\u0440\u043e\u0432\u0430\u0442\u0435\u043b\u044c\u043d\u044b\u0439 \u043f\u043e\u0434\u0430\u0440\u043e\u0447\u043d\u044b\u0439 \u043d\u0430\u0431\u043e\u0440 KIKO Milano \u2014 \u044d\u0442\u043e \u0438\u0434\u0435\u0430\u043b\u044c\u043d\u044b\u0439 \u043f\u043e\u0434\u0430\u0440\u043e\u043a \u0434\u043b\u044f \u043b\u044e\u0431\u0438\u0442\u0435\u043b\u044c\u043d\u0438\u0446\u044b \u043a\u0440\u0430\u0441\u043e\u0442\u044b. \u0412\u043d\u0443\u0442\u0440\u0438 \u0432\u044b \u043d\u0430\u0439\u0434\u0435\u0442\u0435:<\/p>\n<div class=\"flex-1 overflow-hidden\">\n<div class=\"react-scroll-to-bottom--css-dvwuw-79elbk h-full\">\n<div class=\"react-scroll-to-bottom--css-dvwuw-1n7m0yu\">\n<div class=\"flex flex-col pb-9 text-sm\">\n<div class=\"w-full text-token-text-primary\" data-testid=\"conversation-turn-5\">\n<div class=\"px-4 py-2 justify-center text-base md:gap-6 m-auto\">\n<div class=\"flex flex-1 text-base mx-auto gap-3 md:px-5 lg:px-1 xl:px-5 md:max-w-3xl lg:max-w-[40rem] xl:max-w-[48rem] group final-completion\">\n<div class=\"relative flex w-full flex-col lg:w-[calc(100%-115px)] agent-turn\">\n<div class=\"flex-col gap-1 md:gap-3\">\n<div class=\"flex flex-grow flex-col max-w-full\">\n<div class=\"min-h-[20px] text-message flex flex-col items-start gap-3 whitespace-pre-wrap break-words [.text-message+&amp;]:mt-5 overflow-x-auto\" data-message-author-role=\"assistant\" data-message-id=\"bf9d3401-887f-4260-ac3f-0372ca93daff\">\n<div class=\"markdown prose w-full break-words dark:prose-invert dark\">\n<p>\u2728 \u042d\u043b\u0435\u0433\u0430\u043d\u0442\u043d\u0443\u044e \u043f\u043e\u0434\u0430\u0440\u043e\u0447\u043d\u0443\u044e \u043a\u043e\u0440\u043e\u0431\u043a\u0443, \u043e\u0444\u043e\u0440\u043c\u043b\u0435\u043d\u043d\u0443\u044e \u043b\u0435\u043d\u0442\u043e\u0439 \u0438 \u0443\u043a\u0440\u0430\u0448\u0435\u043d\u0438\u044f\u043c\u0438, \u0447\u0442\u043e\u0431\u044b \u0441\u043e\u0437\u0434\u0430\u0442\u044c \u043e\u0441\u043e\u0431\u0435\u043d\u043d\u0443\u044e \u0430\u0442\u043c\u043e\u0441\u0444\u0435\u0440\u0443.<\/p>\n<p>\ud83c\udf1f \u0422\u0443\u0448\u044c \u0434\u043b\u044f \u0440\u0435\u0441\u043d\u0438\u0446 KIKO Milano 3-\u0432-1 \u0441 \u0434\u0432\u043e\u0439\u043d\u044b\u043c \u0430\u043f\u043f\u043b\u0438\u043a\u0430\u0442\u043e\u0440\u043e\u043c (\u0447\u0435\u0440\u043d\u0430\u044f) \u2014 \u0438\u043d\u0441\u0442\u0440\u0443\u043c\u0435\u043d\u0442 \u0434\u043b\u044f \u0432\u044b\u0440\u0430\u0437\u0438\u0442\u0435\u043b\u044c\u043d\u043e\u0433\u043e \u0432\u0437\u0433\u043b\u044f\u0434\u0430. \u0414\u043e\u043f\u043e\u043b\u043d\u0438\u0442\u0435\u043b\u044c\u043d\u0443\u044e \u0438\u043d\u0444\u043e\u0440\u043c\u0430\u0446\u0438\u044e \u0432\u044b \u043c\u043e\u0436\u0435\u0442\u0435 \u043d\u0430\u0439\u0442\u0438 <strong><a href=\"https:\/\/superstore.ee\/index.php\/toode\/kauapusiv-12h-3-in-2-ripsmetuss-kiko-milano\/\" target=\"_new\" rel=\"noopener\">\u0437\u0434\u0435\u0441\u044c<\/a><\/strong>.<\/p>\n<p>\ud83d\udc84 \u0423\u0432\u043b\u0430\u0436\u043d\u044f\u044e\u0449\u0430\u044f \u0433\u0443\u0431\u043d\u0430\u044f \u043f\u043e\u043c\u0430\u0434\u0430 KIKO Milano \u0441 \u0441\u0438\u044f\u044e\u0449\u0438\u043c \u0444\u0438\u043d\u0438\u0448\u0435\u043c (01 \u043e\u0442\u0442\u0435\u043d\u043e\u043a) \u2014 \u0438\u0434\u0435\u0430\u043b\u044c\u043d\u043e\u0435 \u0434\u043e\u043f\u043e\u043b\u043d\u0435\u043d\u0438\u0435 \u0434\u043b\u044f \u043a\u0440\u0430\u0441\u0438\u0432\u043e\u0433\u043e \u043e\u0431\u0440\u0430\u0437\u0430. \u041f\u043e\u0434\u0440\u043e\u0431\u043d\u0435\u0435 \u043e \u043f\u0440\u043e\u0434\u0443\u043a\u0442\u0435 <strong><a href=\"https:\/\/superstore.ee\/index.php\/toode\/niisutav-sadelev-huulepulk-kiko-milano-mood-boost-born-to-shine-lip-stylo-01\/\" target=\"_new\" rel=\"noopener\">\u0437\u0434\u0435\u0441\u044c<\/a><\/strong>.<\/p>\n<p>\ud83d\udca7 \u0412\u043b\u0430\u0436\u043d\u044b\u0435 \u0441\u0430\u043b\u0444\u0435\u0442\u043a\u0438 KIKO Milano \u0434\u043b\u044f \u043c\u044f\u0433\u043a\u043e\u0433\u043e \u0438 \u044d\u0444\u0444\u0435\u043a\u0442\u0438\u0432\u043d\u043e\u0433\u043e \u0441\u043d\u044f\u0442\u0438\u044f \u043c\u0430\u043a\u0438\u044f\u0436\u0430. \u0414\u043e\u043f\u043e\u043b\u043d\u0438\u0442\u0435\u043b\u044c\u043d\u0443\u044e \u0438\u043d\u0444\u043e\u0440\u043c\u0430\u0446\u0438\u044e \u043c\u043e\u0436\u043d\u043e \u043d\u0430\u0439\u0442\u0438 <strong><a href=\"https:\/\/superstore.ee\/index.php\/toode\/niisked-salvratikud-meigi-eemaldamiseks-kiko-milano-pure-clean-wipes-mini\/\" target=\"_new\" rel=\"noopener\">\u0437\u0434\u0435\u0441\u044c<\/a><\/strong>.<\/p>\n<\/div>\n<\/div>\n<\/div>\n<\/div>\n<\/div>\n<\/div>\n<\/div>\n<\/div>\n<\/div>\n<\/div>\n<\/div>\n<\/div>\n<p>&nbsp;<\/p>\n","protected":false},"featured_media":13790,"template":"","meta":{"jetpack_publicize_message":"","jetpack_publicize_feature_enabled":true,"jetpack_social_post_already_shared":false,"jetpack_social_options":{"image_generator_settings":{"template":"highway","default_image_id":0,"font":"","enabled":false},"version":2}},"product_brand":[],"product_cat":[340],"product_tag":[],"class_list":{"0":"post-13762","1":"product","2":"type-product","3":"status-publish","4":"has-post-thumbnail","6":"product_cat-kiko-milano","8":"first","9":"outofstock","10":"sale","11":"shipping-taxable","12":"purchasable","13":"product-type-simple"},"jetpack_publicize_connections":[],"jetpack_sharing_enabled":true,"jetpack_likes_enabled":true,"_links":{"self":[{"href":"https:\/\/superstore.ee\/index.php\/wp-json\/wp\/v2\/product\/13762","targetHints":{"allow":["GET"]}}],"collection":[{"href":"https:\/\/superstore.ee\/index.php\/wp-json\/wp\/v2\/product"}],"about":[{"href":"https:\/\/superstore.ee\/index.php\/wp-json\/wp\/v2\/types\/product"}],"wp:featuredmedia":[{"embeddable":true,"href":"https:\/\/superstore.ee\/index.php\/wp-json\/wp\/v2\/media\/13790"}],"wp:attachment":[{"href":"https:\/\/superstore.ee\/index.php\/wp-json\/wp\/v2\/media?parent=13762"}],"wp:term":[{"taxonomy":"product_brand","embeddable":true,"href":"https:\/\/superstore.ee\/index.php\/wp-json\/wp\/v2\/product_brand?post=13762"},{"taxonomy":"product_cat","embeddable":true,"href":"https:\/\/superstore.ee\/index.php\/wp-json\/wp\/v2\/product_cat?post=13762"},{"taxonomy":"product_tag","embeddable":true,"href":"https:\/\/superstore.ee\/index.php\/wp-json\/wp\/v2\/product_tag?post=13762"}],"curies":[{"name":"wp","href":"https:\/\/api.w.org\/{rel}","templated":true}]}}