{"id":13822,"date":"2023-12-15T01:35:01","date_gmt":"2023-12-14T23:35:01","guid":{"rendered":"https:\/\/superstore.ee\/?post_type=product&#038;p=13822"},"modified":"2025-01-15T18:17:27","modified_gmt":"2025-01-15T16:17:27","slug":"suur-kinkekarp-prosecco-2","status":"publish","type":"product","link":"https:\/\/superstore.ee\/index.php\/toode\/suur-kinkekarp-prosecco-2\/","title":{"rendered":"V\u00e4ike Kinkekarp"},"content":{"rendered":"","protected":false},"excerpt":{"rendered":"<p>\ud83c\uddea\ud83c\uddea Kas soovite tellitud kaupu veebipoest muuta ideaalseks kingituseks? Pakume ilusa pakendamise teenust teie soovil. Palun valige kaubad, mida soovite kinkida, ja kirjutage t\u00e4psustused ostukorvis olevasse m\u00e4rkuste lahtrisse. Kui soovite kingitust otse saajale saata, palun m\u00e4rkige tema kontaktandmed.<\/p>\n<p>\u041aarp mahutab suuruse j\u00e4rgi 3-4 huulepulka.<\/p>\n<p>Hinnas sisaldub:<\/p>\n<ul>\n<li>Kingikarp, kaunistatud paela ja dekoratsioonidega, et luua eriline \u00f5hkkond.<\/li>\n<li>Geisha kommid (2-3 tk) magusaks meeleoluks v\u00f5i Rafaello komm.<\/li>\n<\/ul>\n<p>\ud83c\uddf7\ud83c\uddfa \u0425\u043e\u0442\u0438\u0442\u0435 \u0441\u0434\u0435\u043b\u0430\u0442\u044c \u0437\u0430\u043a\u0430\u0437\u0430\u043d\u043d\u044b\u0435 \u0432\u0430\u043c\u0438 \u0442\u043e\u0432\u0430\u0440\u044b \u0438\u0437 \u0438\u043d\u0442\u0435\u0440\u043d\u0435\u0442-\u043c\u0430\u0433\u0430\u0437\u0438\u043d\u0430 \u0438\u0434\u0435\u0430\u043b\u044c\u043d\u044b\u043c \u043f\u043e\u0434\u0430\u0440\u043a\u043e\u043c? \u041c\u044b \u043f\u0440\u0435\u0434\u043b\u0430\u0433\u0430\u0435\u043c \u0443\u0441\u043b\u0443\u0433\u0443 \u043a\u0440\u0430\u0441\u0438\u0432\u043e\u0439 \u0443\u043f\u0430\u043a\u043e\u0432\u043a\u0438 \u043f\u043e \u0432\u0430\u0448\u0435\u043c\u0443 \u0436\u0435\u043b\u0430\u043d\u0438\u044e. \u041f\u043e\u0436\u0430\u043b\u0443\u0439\u0441\u0442\u0430, \u0432\u044b\u0431\u0435\u0440\u0438\u0442\u0435 \u0442\u043e\u0432\u0430\u0440\u044b, \u043a\u043e\u0442\u043e\u0440\u044b\u0435 \u0445\u043e\u0442\u0438\u0442\u0435 \u043f\u043e\u0434\u0430\u0440\u0438\u0442\u044c \u0438 \u0443\u043a\u0430\u0436\u0438\u0442\u0435 \u043f\u043e\u0434\u0440\u043e\u0431\u043d\u043e\u0441\u0442\u0438 \u0432 \u0440\u0430\u0437\u0434\u0435\u043b\u0435 \u043a\u043e\u043c\u043c\u0435\u043d\u0442\u0430\u0440\u0438\u0435\u0432 \u043f\u0440\u0438 \u043e\u0444\u043e\u0440\u043c\u043b\u0435\u043d\u0438\u0438 \u0437\u0430\u043a\u0430\u0437\u0430. \u0415\u0441\u043b\u0438 \u0432\u044b \u0436\u0435\u043b\u0430\u0435\u0442\u0435 \u043e\u0442\u043f\u0440\u0430\u0432\u0438\u0442\u044c \u043f\u043e\u0434\u0430\u0440\u043e\u043a \u043d\u0430\u043f\u0440\u044f\u043c\u0443\u044e \u043f\u043e\u043b\u0443\u0447\u0430\u0442\u0435\u043b\u044e, \u043f\u043e\u0436\u0430\u043b\u0443\u0439\u0441\u0442\u0430, \u0443\u043a\u0430\u0436\u0438\u0442\u0435 \u0435\u0433\u043e \u043a\u043e\u043d\u0442\u0430\u043a\u0442\u043d\u044b\u0435.<\/p>\n<p>\u041a\u043e\u0440\u043e\u0431\u043e\u0447\u043a\u0430 \u043f\u043e \u0440\u0430\u0437\u043c\u0435\u0440\u0443 \u0432\u043c\u0435\u0449\u0430\u0435\u0442 3-4 \u043f\u043e\u043c\u0430\u0434\u044b, \u043d\u0435 \u0432\u043c\u0435\u0449\u0430\u0435\u0442 \u0441\u043f\u0440\u0435\u0438 \u043e\u0442 Victoria&#8217;s Secret<\/p>\n<p>\u0412 \u0446\u0435\u043d\u0443 \u0432\u0445\u043e\u0434\u0438\u0442:<\/p>\n<ul>\n<li>\u041f\u043e\u0434\u0430\u0440\u043e\u0447\u043d\u0430\u044f \u043a\u043e\u0440\u043e\u0431\u043a\u0430, \u0443\u043a\u0440\u0430\u0448\u0435\u043d\u043d\u0430\u044f \u043b\u0435\u043d\u0442\u043e\u0447\u043a\u043e\u0439 \u0438 \u0434\u0435\u043a\u043e\u0440\u043e\u043c \u0434\u043b\u044f \u0441\u043e\u0437\u0434\u0430\u043d\u0438\u044f \u043e\u0441\u043e\u0431\u0435\u043d\u043d\u043e\u0439 \u0430\u0442\u043c\u043e\u0441\u0444\u0435\u0440\u044b.<\/li>\n<li>\u041a\u043e\u043d\u0444\u0435\u0442\u044b Geisha (2-3 \u0448\u0442\u0443\u043a) \u0434\u043b\u044f \u0441\u043b\u0430\u0434\u043a\u043e\u0433\u043e \u043d\u0430\u0441\u0442\u0440\u043e\u0435\u043d\u0438\u044f \u0438\u043b\u0438 \u043a\u043e\u043d\u0444\u0435\u0442\u0430 Rafaello<\/li>\n<\/ul>\n<p>\ud83c\uddfa\ud83c\uddf8 Do you want to make the items you\u2019ve ordered from our online store the perfect gift? We offer a service for beautiful packaging according to your preferences. Please select the items you wish to gift and provide details in the comments section during checkout. If you\u2019d like to send the gift directly to the recipient, please provide their contact details.<\/p>\n<div class=\"flex-1 overflow-hidden\">\n<div class=\"react-scroll-to-bottom--css-elcdo-79elbk h-full\">\n<div class=\"react-scroll-to-bottom--css-elcdo-1n7m0yu\">\n<div class=\"flex flex-col pb-9 text-sm\">\n<div class=\"w-full text-token-text-primary\" data-testid=\"conversation-turn-7\">\n<div class=\"px-4 py-2 justify-center text-base md:gap-6 m-auto\">\n<div class=\"flex flex-1 text-base mx-auto gap-3 md:px-5 lg:px-1 xl:px-5 md:max-w-3xl lg:max-w-[40rem] xl:max-w-[48rem] } group final-completion\">\n<div class=\"relative flex w-full flex-col lg:w-[calc(100%-115px)] agent-turn\">\n<div class=\"flex-col gap-1 md:gap-3\">\n<div class=\"flex flex-grow flex-col max-w-full\">\n<div class=\"min-h-[20px] text-message flex flex-col items-start gap-3 whitespace-pre-wrap break-words [.text-message+&amp;]:mt-5 overflow-x-auto\" data-message-author-role=\"assistant\" data-message-id=\"4deb8d0c-93a2-4dd9-85b6-65492cb37f5c\">\n<div class=\"markdown prose w-full break-words dark:prose-invert dark\">\n<p>The price includes:<\/p>\n<ul>\n<li>A gift box adorned with ribbons and decorations to create a special atmosphere.<\/li>\n<li>Geisha candies (2-3 pieces) for a sweet mood or Rafaello candy.<\/li>\n<\/ul>\n<\/div>\n<\/div>\n<\/div>\n<\/div>\n<\/div>\n<\/div>\n<\/div>\n<\/div>\n<\/div>\n<\/div>\n<\/div>\n<\/div>\n","protected":false},"featured_media":13823,"template":"","meta":{"jetpack_publicize_message":"","jetpack_publicize_feature_enabled":true,"jetpack_social_post_already_shared":false,"jetpack_social_options":{"image_generator_settings":{"template":"highway","default_image_id":0,"font":"","enabled":false},"version":2}},"product_brand":[],"product_cat":[340,830,342,341],"product_tag":[],"class_list":{"0":"post-13822","1":"product","2":"type-product","3":"status-publish","4":"has-post-thumbnail","6":"product_cat-kiko-milano","7":"product_cat-kingitused","8":"product_cat-komplektid-victorias-secret","9":"product_cat-victorias-secret","11":"first","12":"outofstock","13":"shipping-taxable","14":"purchasable","15":"product-type-simple"},"jetpack_publicize_connections":[],"jetpack_sharing_enabled":true,"jetpack_likes_enabled":true,"_links":{"self":[{"href":"https:\/\/superstore.ee\/index.php\/wp-json\/wp\/v2\/product\/13822","targetHints":{"allow":["GET"]}}],"collection":[{"href":"https:\/\/superstore.ee\/index.php\/wp-json\/wp\/v2\/product"}],"about":[{"href":"https:\/\/superstore.ee\/index.php\/wp-json\/wp\/v2\/types\/product"}],"wp:featuredmedia":[{"embeddable":true,"href":"https:\/\/superstore.ee\/index.php\/wp-json\/wp\/v2\/media\/13823"}],"wp:attachment":[{"href":"https:\/\/superstore.ee\/index.php\/wp-json\/wp\/v2\/media?parent=13822"}],"wp:term":[{"taxonomy":"product_brand","embeddable":true,"href":"https:\/\/superstore.ee\/index.php\/wp-json\/wp\/v2\/product_brand?post=13822"},{"taxonomy":"product_cat","embeddable":true,"href":"https:\/\/superstore.ee\/index.php\/wp-json\/wp\/v2\/product_cat?post=13822"},{"taxonomy":"product_tag","embeddable":true,"href":"https:\/\/superstore.ee\/index.php\/wp-json\/wp\/v2\/product_tag?post=13822"}],"curies":[{"name":"wp","href":"https:\/\/api.w.org\/{rel}","templated":true}]}}