{"id":13835,"date":"2023-12-15T12:25:58","date_gmt":"2023-12-15T10:25:58","guid":{"rendered":"https:\/\/superstore.ee\/?post_type=product&#038;p=13835"},"modified":"2025-10-13T18:51:23","modified_gmt":"2025-10-13T15:51:23","slug":"suur-kinkekarp-prosecco","status":"publish","type":"product","link":"https:\/\/superstore.ee\/index.php\/toode\/suur-kinkekarp-prosecco\/","title":{"rendered":"Suur Kinkekarp"},"content":{"rendered":"","protected":false},"excerpt":{"rendered":"<p>\ud83c\uddea\ud83c\uddea Kas soovite tellitud kaupu veebipoest muuta ideaalseks kingituseks? Pakume ilusa pakendamise teenust teie soovil. Palun valige kaubad, mida soovite kinkida, ja kirjutage t\u00e4psustused ostukorvis olevasse m\u00e4rkuste lahtrisse. Kui soovite kingitust otse saajale saata, palun m\u00e4rkige tema kontaktandmed.<br \/>\n<span style=\"font-family: S\u00f6hne,ui-sans-serif,system-ui,-apple-system,;\"><strong>Prosecco kingikarbis sisaldub<\/strong><\/span><strong>:<\/strong><\/p>\n<ul>\n<li>Kingikarp, kaunistatud paela ja dekoratsioonidega, et luua eriline \u00f5hkkond.<\/li>\n<li>Zonin Prosecco Cuvee 20 cl, et muuta \u00f5htu veelgi pidulikumaks.<\/li>\n<li>Kommid\/\u0161okolaad magusaks meeleoluks.<\/li>\n<\/ul>\n<p>Samuti on v\u00f5imalik tellida kingikarp <strong>ilma proseccota,<\/strong> kuid k\u00f5ik muu karbi sisu j\u00e4\u00e4b samaks.<\/p>\n<p>\ud83c\uddf7\ud83c\uddfa \u0425\u043e\u0442\u0438\u0442\u0435 \u0441\u0434\u0435\u043b\u0430\u0442\u044c \u0437\u0430\u043a\u0430\u0437\u0430\u043d\u043d\u044b\u0435 \u0432\u0430\u043c\u0438 \u0442\u043e\u0432\u0430\u0440\u044b \u0438\u0437 \u0438\u043d\u0442\u0435\u0440\u043d\u0435\u0442-\u043c\u0430\u0433\u0430\u0437\u0438\u043d\u0430 \u0438\u0434\u0435\u0430\u043b\u044c\u043d\u044b\u043c \u043f\u043e\u0434\u0430\u0440\u043a\u043e\u043c? \u041c\u044b \u043f\u0440\u0435\u0434\u043b\u0430\u0433\u0430\u0435\u043c \u0443\u0441\u043b\u0443\u0433\u0443 \u043a\u0440\u0430\u0441\u0438\u0432\u043e\u0439 \u0443\u043f\u0430\u043a\u043e\u0432\u043a\u0438 \u043f\u043e \u0432\u0430\u0448\u0435\u043c\u0443 \u0436\u0435\u043b\u0430\u043d\u0438\u044e. \u041f\u043e\u0436\u0430\u043b\u0443\u0439\u0441\u0442\u0430, \u0432\u044b\u0431\u0435\u0440\u0438\u0442\u0435 \u0442\u043e\u0432\u0430\u0440\u044b, \u043a\u043e\u0442\u043e\u0440\u044b\u0435 \u0445\u043e\u0442\u0438\u0442\u0435 \u043f\u043e\u0434\u0430\u0440\u0438\u0442\u044c \u0438 \u0443\u043a\u0430\u0436\u0438\u0442\u0435 \u043f\u043e\u0434\u0440\u043e\u0431\u043d\u043e\u0441\u0442\u0438 \u0432 \u0440\u0430\u0437\u0434\u0435\u043b\u0435 \u043a\u043e\u043c\u043c\u0435\u043d\u0442\u0430\u0440\u0438\u0435\u0432 \u043f\u0440\u0438 \u043e\u0444\u043e\u0440\u043c\u043b\u0435\u043d\u0438\u0438 \u0437\u0430\u043a\u0430\u0437\u0430. \u0415\u0441\u043b\u0438 \u0432\u044b \u0436\u0435\u043b\u0430\u0435\u0442\u0435 \u043e\u0442\u043f\u0440\u0430\u0432\u0438\u0442\u044c \u043f\u043e\u0434\u0430\u0440\u043e\u043a \u043d\u0430\u043f\u0440\u044f\u043c\u0443\u044e \u043f\u043e\u043b\u0443\u0447\u0430\u0442\u0435\u043b\u044e, \u043f\u043e\u0436\u0430\u043b\u0443\u0439\u0441\u0442\u0430, \u0443\u043a\u0430\u0436\u0438\u0442\u0435 \u0435\u0433\u043e \u043a\u043e\u043d\u0442\u0430\u043a\u0442\u043d\u044b\u0435.<\/p>\n<p><strong>\u0412 \u043f\u043e\u0434\u0430\u0440\u043e\u0447\u043d\u0443\u044e \u043a\u043e\u0440\u043e\u0431\u043a\u0443 Prosecco \u0432\u0445\u043e\u0434\u0438\u0442:<\/strong><\/p>\n<ul>\n<li>\u041f\u043e\u0434\u0430\u0440\u043e\u0447\u043d\u0430\u044f \u043a\u043e\u0440\u043e\u0431\u043a\u0430, \u0443\u043a\u0440\u0430\u0448\u0435\u043d\u043d\u0430\u044f \u043b\u0435\u043d\u0442\u043e\u0447\u043a\u043e\u0439 \u0438 \u0434\u0435\u043a\u043e\u0440\u043e\u043c \u0434\u043b\u044f \u0441\u043e\u0437\u0434\u0430\u043d\u0438\u044f \u043e\u0441\u043e\u0431\u0435\u043d\u043d\u043e\u0439 \u0430\u0442\u043c\u043e\u0441\u0444\u0435\u0440\u044b.<\/li>\n<li>Zonin Prosecco Cuvee 20 cl, \u0447\u0442\u043e\u0431\u044b \u0441\u0434\u0435\u043b\u0430\u0442\u044c \u0432\u0435\u0447\u0435\u0440 \u0435\u0449\u0435 \u0431\u043e\u043b\u0435\u0435 \u043f\u0440\u0430\u0437\u0434\u043d\u0438\u0447\u043d\u044b\u043c.<\/li>\n<li>\u041a\u043e\u043d\u0444\u0435\u0442\u044b\/\u0448\u043e\u043a\u043e\u043b\u0430\u0434\u043a\u0430 \u0434\u043b\u044f \u0441\u043b\u0430\u0434\u043a\u043e\u0433\u043e \u043d\u0430\u0441\u0442\u0440\u043e\u0435\u043d\u0438\u044f.<\/li>\n<\/ul>\n<p>\u0422\u0430\u043a \u0436\u0435 \u0435\u0441\u0442\u044c \u0432\u043e\u0437\u043c\u043e\u0436\u043d\u043e\u0441\u0442\u044c \u0437\u0430\u043a\u0430\u0437\u0430\u0442\u044c \u043f\u043e\u0434\u0430\u0440\u043e\u0447\u043d\u0443\u044e \u043a\u043e\u0440\u043e\u0431\u043a\u0443 <strong>\u0431\u0435\u0437 \u043f\u0440\u043e\u0441\u0435\u043a\u043a\u043e,<\/strong> \u043e\u0441\u0442\u0430\u043b\u044c\u043d\u043e\u0435 \u0441\u043e\u0434\u0435\u0440\u0436\u0438\u043c\u043e\u0435 \u043a\u043e\u0440\u043e\u0431\u043a\u0438 \u0442\u0430\u043a\u043e\u0435 \u0436\u0435.<\/p>\n<p>\ud83c\uddfa\ud83c\uddf8 Do you want to make the items you\u2019ve ordered from our online store the perfect gift? We offer a service for beautiful packaging according to your preferences. Please select the items you wish to gift and provide details in the comments section during checkout. If you\u2019d like to send the gift directly to the recipient, please provide their contact details.<\/p>\n<div class=\"flex-1 overflow-hidden\">\n<div class=\"react-scroll-to-bottom--css-elcdo-79elbk h-full\">\n<div class=\"react-scroll-to-bottom--css-elcdo-1n7m0yu\">\n<div class=\"flex flex-col pb-9 text-sm\">\n<div class=\"w-full text-token-text-primary\" data-testid=\"conversation-turn-7\">\n<div class=\"px-4 py-2 justify-center text-base md:gap-6 m-auto\">\n<div class=\"flex flex-1 text-base mx-auto gap-3 md:px-5 lg:px-1 xl:px-5 md:max-w-3xl lg:max-w-[40rem] xl:max-w-[48rem] } group final-completion\">\n<div class=\"relative flex w-full flex-col lg:w-[calc(100%-115px)] agent-turn\">\n<div class=\"flex-col gap-1 md:gap-3\">\n<div class=\"flex flex-grow flex-col max-w-full\">\n<div class=\"min-h-[20px] text-message flex flex-col items-start gap-3 whitespace-pre-wrap break-words [.text-message+&amp;]:mt-5 overflow-x-auto\" data-message-author-role=\"assistant\" data-message-id=\"4deb8d0c-93a2-4dd9-85b6-65492cb37f5c\">\n<div class=\"markdown prose w-full break-words dark:prose-invert dark\">\n<p>The Prosecco Gift Box includes:<\/p>\n<ul>\n<li>A gift box adorned with ribbons and decorations to create a special atmosphere.<\/li>\n<li>Zonin Prosecco Cuvee 20 cl to make the evening even more festive.<\/li>\n<li>Candies for a sweet mood.<\/li>\n<li>Also, it is possible to order a gift box without Prosecco, but with the same contents.<\/li>\n<\/ul>\n<p>There\u2019s also an option to order a gift box <strong>without Prosecco,<\/strong> the rest of the contents of the box are the same.<\/p>\n<\/div>\n<\/div>\n<\/div>\n<\/div>\n<\/div>\n<\/div>\n<\/div>\n<\/div>\n<\/div>\n<\/div>\n<\/div>\n<\/div>\n","protected":false},"featured_media":13710,"template":"","meta":{"jetpack_publicize_message":"","jetpack_publicize_feature_enabled":true,"jetpack_social_post_already_shared":false,"jetpack_social_options":{"image_generator_settings":{"template":"highway","default_image_id":0,"font":"","enabled":false},"version":2}},"product_brand":[],"product_cat":[911,340,830,342,912,341],"product_tag":[],"class_list":{"0":"post-13835","1":"product","2":"type-product","3":"status-publish","4":"has-post-thumbnail","6":"product_cat-huuled","7":"product_cat-kiko-milano","8":"product_cat-kingitused","9":"product_cat-komplektid-victorias-secret","10":"product_cat-nahahooldus","11":"product_cat-victorias-secret","12":"pa_varv-prosecco-kinkekarp","13":"pa_varv-tavaline-kiknkekarp","15":"first","16":"instock","17":"shipping-taxable","18":"purchasable","19":"product-type-variable"},"jetpack_publicize_connections":[],"jetpack_sharing_enabled":true,"jetpack_likes_enabled":true,"_links":{"self":[{"href":"https:\/\/superstore.ee\/index.php\/wp-json\/wp\/v2\/product\/13835","targetHints":{"allow":["GET"]}}],"collection":[{"href":"https:\/\/superstore.ee\/index.php\/wp-json\/wp\/v2\/product"}],"about":[{"href":"https:\/\/superstore.ee\/index.php\/wp-json\/wp\/v2\/types\/product"}],"wp:featuredmedia":[{"embeddable":true,"href":"https:\/\/superstore.ee\/index.php\/wp-json\/wp\/v2\/media\/13710"}],"wp:attachment":[{"href":"https:\/\/superstore.ee\/index.php\/wp-json\/wp\/v2\/media?parent=13835"}],"wp:term":[{"taxonomy":"product_brand","embeddable":true,"href":"https:\/\/superstore.ee\/index.php\/wp-json\/wp\/v2\/product_brand?post=13835"},{"taxonomy":"product_cat","embeddable":true,"href":"https:\/\/superstore.ee\/index.php\/wp-json\/wp\/v2\/product_cat?post=13835"},{"taxonomy":"product_tag","embeddable":true,"href":"https:\/\/superstore.ee\/index.php\/wp-json\/wp\/v2\/product_tag?post=13835"}],"curies":[{"name":"wp","href":"https:\/\/api.w.org\/{rel}","templated":true}]}}