{"id":13838,"date":"2023-12-15T12:27:12","date_gmt":"2023-12-15T10:27:12","guid":{"rendered":"https:\/\/superstore.ee\/?post_type=product&#038;p=13838"},"modified":"2024-04-11T08:35:09","modified_gmt":"2024-04-11T06:35:09","slug":"kinkekomplekt-nr-1","status":"publish","type":"product","link":"https:\/\/superstore.ee\/index.php\/toode\/kinkekomplekt-nr-1\/","title":{"rendered":"Kinkekomplekt Nr.1"},"content":{"rendered":"","protected":false},"excerpt":{"rendered":"<p>\ud83c\uddea\ud83c\uddea \u041aIKO Milano populaarseimate toodetega kaunis ja stiilne kingituskomplekt on ideaalne kingitus neile, kes hindavad kvaliteeti ja luksuslikku enesehooldust.<\/p>\n<p>See komplekt sisaldab:<\/p>\n<ul>\n<li>Kingituskarpi, kaunistatud paela ja dekoratsiooniga, et luua eriline atmosf\u00e4\u00e4r.<\/li>\n<li>Zonin Prosecco Cuvee 20 cl, et teha \u00f5htu veel pidulikumaks.<\/li>\n<li>Geisha kommid (5 t\u00fckki) magusaks meeleoluks.<\/li>\n<li>3D efektiga niisutav huulel\u00e4ige, toon 05. Kui soovite teist tooni, m\u00e4rkige see tellimuse esitamisel kommentaaridesse (saadaval olevaid v\u00e4rve saab n\u00e4ha <strong><a href=\"https:\/\/superstore.ee\/index.php\/toode\/huulelaige-kiko-milano-3d-hydra-lipgloss\/\">siin<\/a><\/strong>).<\/li>\n<li>Kauap\u00fcsiv kaheastmeline vedel huulepulk Unlimited Double Touch, toon 103. Kui eelistate teist v\u00e4rvi, m\u00e4rkige see tellimuse esitamisel (saadaval olevaid v\u00e4rve saab n\u00e4ha <strong><a href=\"https:\/\/superstore.ee\/index.php\/toode\/kauapusiv-vedel-huulepulk-kiko-milano-unlimited-double-touch-12h\/\">siin<\/a><\/strong>).<\/li>\n<li>Lauv\u00e4rvipalett (01 Garden Rose). \u00dcksikasjalikud fotod on saadaval <strong><a href=\"https:\/\/superstore.ee\/index.php\/toode\/kiko-milano-soft-nude-eyeshadow-palette-01-garden-rose\/\">siin<\/a><\/strong>.<\/li>\n<li>Kreemjas mini-huulepulk, toon 03. Rohkem pilte saab vaadata <strong><a href=\"https:\/\/superstore.ee\/index.php\/toode\/poolmatt-minihuulepulk-kiko-milano-demi-matte-mini-lipstick\/\">siit<\/a><\/strong>.<\/li>\n<li>Kauap\u00fcsiv 3-\u00fches ripsmetu\u0161\u0161 (must). Rohkem teavet toote kohta on saadaval <strong><a href=\"https:\/\/superstore.ee\/index.php\/toode\/kauapusiv-12h-3-in-2-ripsmetuss-kiko-milano\/\">siin<\/a><\/strong>.<\/li>\n<li>Mitsellaarne geel meigi eemaldamiseks (150 ml). Rohkem teavet on saadaval <strong><a href=\"https:\/\/superstore.ee\/index.php\/toode\/mitsellaargeel-kiko-milano-pure-clean-micellar-gel\/\">siin<\/a><\/strong>.<\/li>\n<\/ul>\n<p>Andke elegantsust ja ilu selle KIKO Milano komplektiga &#8211; unikaalse ja meeldej\u00e4\u00e4va kingitusega erilistele inimestele teie elus.<\/p>\n<p>\ud83c\uddf7\ud83c\uddfa \u041a\u0440\u0430\u0441\u0438\u0432\u044b\u0439 \u0438 \u0441\u0442\u0438\u043b\u044c\u043d\u044b\u0439 \u043f\u043e\u0434\u0430\u0440\u043e\u0447\u043d\u044b\u0439 \u043a\u043e\u043c\u043f\u043b\u0435\u043a\u0442 \u0441 \u0441\u0430\u043c\u044b\u043c\u0438 \u043f\u043e\u043f\u0443\u043b\u044f\u0440\u043d\u044b\u043c\u0438 \u0442\u043e\u0432\u0430\u0440\u0430\u043c\u0438 \u043e\u0442 KIKO Milano \u2013 \u0438\u0434\u0435\u0430\u043b\u044c\u043d\u044b\u0439 \u043f\u043e\u0434\u0430\u0440\u043e\u043a \u0434\u043b\u044f \u0442\u0435\u0445, \u043a\u0442\u043e \u0446\u0435\u043d\u0438\u0442 \u043a\u0430\u0447\u0435\u0441\u0442\u0432\u043e \u0438 \u0438\u0437\u044b\u0441\u043a\u0430\u043d\u043d\u044b\u0439 \u0443\u0445\u043e\u0434 \u0437\u0430 \u0441\u043e\u0431\u043e\u0439.<\/p>\n<p>\u042d\u0442\u043e\u0442 \u043d\u0430\u0431\u043e\u0440 \u0432\u043a\u043b\u044e\u0447\u0430\u0435\u0442 \u0432 \u0441\u0435\u0431\u044f:<\/p>\n<ul>\n<li>\u041f\u043e\u0434\u0430\u0440\u043e\u0447\u043d\u0443\u044e \u043a\u043e\u0440\u043e\u0431\u043a\u0443, \u0443\u043a\u0440\u0430\u0448\u0435\u043d\u043d\u0443\u044e \u043b\u0435\u043d\u0442\u043e\u0447\u043a\u043e\u0439 \u0438 \u0434\u0435\u043a\u043e\u0440\u043e\u043c \u0434\u043b\u044f \u0441\u043e\u0437\u0434\u0430\u043d\u0438\u044f \u043e\u0441\u043e\u0431\u0435\u043d\u043d\u043e\u0439 \u0430\u0442\u043c\u043e\u0441\u0444\u0435\u0440\u044b.<\/li>\n<li>Zonin Prosecco Cuvee 20 cl, \u0447\u0442\u043e\u0431\u044b \u0441\u0434\u0435\u043b\u0430\u0442\u044c \u0432\u0435\u0447\u0435\u0440 \u0435\u0449\u0435 \u0431\u043e\u043b\u0435\u0435 \u043f\u0440\u0430\u0437\u0434\u043d\u0438\u0447\u043d\u044b\u043c.<\/li>\n<li>\u041a\u043e\u043d\u0444\u0435\u0442\u044b Geisha (5 \u0448\u0442\u0443\u043a) \u0434\u043b\u044f \u0441\u043b\u0430\u0434\u043a\u043e\u0433\u043e \u043d\u0430\u0441\u0442\u0440\u043e\u0435\u043d\u0438\u044f.<\/li>\n<li>\u0423\u0432\u043b\u0430\u0436\u043d\u044f\u044e\u0449\u0438\u0439 \u0431\u043b\u0435\u0441\u043a \u0434\u043b\u044f \u0433\u0443\u0431 \u0441 \u044d\u0444\u0444\u0435\u043a\u0442\u043e\u043c 3D, \u043e\u0442\u0442\u0435\u043d\u043e\u043a 05. \u0415\u0441\u043b\u0438 \u0432\u0430\u043c \u0438\u043d\u0442\u0435\u0440\u0435\u0441\u0435\u043d \u0434\u0440\u0443\u0433\u043e\u0439 \u043e\u0442\u0442\u0435\u043d\u043e\u043a, \u0443\u043a\u0430\u0436\u0438\u0442\u0435 \u0435\u0433\u043e \u0432 \u043a\u043e\u043c\u043c\u0435\u043d\u0442\u0430\u0440\u0438\u044f\u0445 \u043f\u0440\u0438 \u043e\u0444\u043e\u0440\u043c\u043b\u0435\u043d\u0438\u0438 \u0437\u0430\u043a\u0430\u0437\u0430 (\u0434\u043e\u0441\u0442\u0443\u043f\u043d\u044b\u0435 \u0446\u0432\u0435\u0442\u0430 \u043c\u043e\u0436\u043d\u043e \u043f\u043e\u0441\u043c\u043e\u0442\u0440\u0435\u0442\u044c <strong><a href=\"https:\/\/superstore.ee\/index.php\/toode\/huulelaige-kiko-milano-3d-hydra-lipgloss\/\">\u0442\u0443\u0442<\/a><\/strong>).<\/li>\n<li>\u0421\u0442\u043e\u0439\u043a\u0430\u044f \u0434\u0432\u0443\u0445\u044d\u0442\u0430\u043f\u043d\u0430\u044f \u0436\u0438\u0434\u043a\u0430\u044f \u043f\u043e\u043c\u0430\u0434\u0430 \u0441 \u044f\u0440\u043a\u0438\u043c \u0444\u0438\u043d\u0438\u0448\u0435\u043c Unlimited Double Touch, \u043e\u0442\u0442\u0435\u043d\u043e\u043a 103. \u0415\u0441\u043b\u0438 \u0432\u044b \u043f\u0440\u0435\u0434\u043f\u043e\u0447\u0438\u0442\u0430\u0435\u0442\u0435 \u0434\u0440\u0443\u0433\u043e\u0439 \u0446\u0432\u0435\u0442, \u0443\u043a\u0430\u0436\u0438\u0442\u0435 \u044d\u0442\u043e \u043f\u0440\u0438 \u043e\u0444\u043e\u0440\u043c\u043b\u0435\u043d\u0438\u0438 \u0437\u0430\u043a\u0430\u0437\u0430 (\u0434\u043e\u0441\u0442\u0443\u043f\u043d\u044b\u0435 \u0446\u0432\u0435\u0442\u0430 \u043c\u043e\u0436\u043d\u043e \u043f\u043e\u0441\u043c\u043e\u0442\u0440\u0435\u0442\u044c <strong><a href=\"https:\/\/superstore.ee\/index.php\/toode\/kauapusiv-vedel-huulepulk-kiko-milano-unlimited-double-touch-12h\/\">\u0442\u0443\u0442<\/a><\/strong>).<\/li>\n<li>\u041f\u0430\u043b\u0435\u0442\u043a\u0430 \u0442\u0435\u043d\u0435\u0439 \u0434\u043b\u044f \u0432\u0435\u043a (01 Garden Rose). \u041f\u043e\u0434\u0440\u043e\u0431\u043d\u044b\u0435 \u0444\u043e\u0442\u043e\u0433\u0440\u0430\u0444\u0438\u0438 \u0434\u043e\u0441\u0442\u0443\u043f\u043d\u044b <strong><a href=\"https:\/\/superstore.ee\/index.php\/toode\/kiko-milano-soft-nude-eyeshadow-palette-01-garden-rose\/\">\u0442\u0443\u0442<\/a><\/strong>.<\/li>\n<li>\u041a\u0440\u0435\u043c\u043e\u0432\u0430\u044f \u043c\u0438\u043d\u0438-\u043f\u043e\u043c\u0430\u0434\u0430, \u043e\u0442\u0442\u0435\u043d\u043e\u043a 03. \u0411\u043e\u043b\u044c\u0448\u0435 \u0444\u043e\u0442\u043e \u043c\u043e\u0436\u043d\u043e \u043f\u043e\u0441\u043c\u043e\u0442\u0440\u0435\u0442\u044c <strong><a href=\"https:\/\/superstore.ee\/index.php\/toode\/poolmatt-minihuulepulk-kiko-milano-demi-matte-mini-lipstick\/\">\u0442\u0443\u0442<\/a><\/strong>.<\/li>\n<li>\u0421\u0442\u043e\u0439\u043a\u0430\u044f \u0442\u0443\u0448\u044c \u0434\u043b\u044f \u0440\u0435\u0441\u043d\u0438\u0446 KIKO Milano 3-\u0432-1 \u0441 \u0434\u0432\u043e\u0439\u043d\u044b\u043c \u0430\u043f\u043f\u043b\u0438\u043a\u0430\u0442\u043e\u0440\u043e\u043c (\u0447\u0435\u0440\u043d\u0430\u044f). \u041f\u043e\u0434\u0440\u043e\u0431\u043d\u0435\u0435 \u043e \u0442\u043e\u0432\u0430\u0440\u0435 <strong><a href=\"https:\/\/superstore.ee\/index.php\/toode\/kauapusiv-12h-3-in-2-ripsmetuss-kiko-milano\/\">\u0437\u0434\u0435\u0441\u044c<\/a><\/strong>.<\/li>\n<li>\u041c\u0438\u0446\u0435\u043b\u043b\u044f\u0440\u043d\u044b\u0439 \u0433\u0435\u043b\u044c \u0434\u043b\u044f \u0441\u043d\u044f\u0442\u0438\u044f \u043c\u0430\u043a\u0438\u044f\u0436\u0430, \u043e\u0447\u0438\u0449\u0435\u043d\u0438\u044f \u043b\u0438\u0446\u0430, \u043a\u043e\u043d\u0442\u0443\u0440\u0430 \u0433\u043b\u0430\u0437 \u0438 \u0433\u0443\u0431 (150 \u043c\u043b). \u0411\u043e\u043b\u044c\u0448\u0435 \u0438\u043d\u0444\u043e\u0440\u043c\u0430\u0446\u0438\u0438 \u0434\u043e\u0441\u0442\u0443\u043f\u043d\u043e <strong><a href=\"https:\/\/superstore.ee\/index.php\/toode\/mitsellaargeel-kiko-milano-pure-clean-micellar-gel\/\">\u0442\u0443\u0442<\/a><\/strong>.<\/li>\n<\/ul>\n<div class=\"w-full text-token-text-primary\" data-testid=\"conversation-turn-5\">\n<div class=\"px-4 py-2 justify-center text-base md:gap-6 m-auto\">\n<div class=\"flex flex-1 text-base mx-auto gap-3 md:px-5 lg:px-1 xl:px-5 md:max-w-3xl lg:max-w-[40rem] xl:max-w-[48rem] } group final-completion\">\n<div class=\"relative flex w-full flex-col lg:w-[calc(100%-115px)] agent-turn\">\n<div class=\"flex-col gap-1 md:gap-3\">\n<div class=\"flex flex-grow flex-col max-w-full\">\n<div class=\"min-h-[20px] text-message flex flex-col items-start gap-3 whitespace-pre-wrap break-words [.text-message+&amp;]:mt-5 overflow-x-auto\" data-message-author-role=\"assistant\" data-message-id=\"4f381b8d-c639-46d5-aed7-bfa059c05455\">\n<div class=\"markdown prose w-full break-words dark:prose-invert dark\">\u041f\u043e\u0434\u0430\u0440\u0438\u0442\u0435 \u044d\u043b\u0435\u0433\u0430\u043d\u0442\u043d\u043e\u0441\u0442\u044c \u0438 \u043a\u0440\u0430\u0441\u043e\u0442\u0443 \u0441 \u044d\u0442\u0438\u043c \u043a\u043e\u043c\u043f\u043b\u0435\u043a\u0442\u043e\u043c \u043e\u0442 KIKO Milano \u2013 \u0443\u043d\u0438\u043a\u0430\u043b\u044c\u043d\u044b\u043c \u0438 \u0437\u0430\u043f\u043e\u043c\u0438\u043d\u0430\u044e\u0449\u0438\u043c\u0441\u044f \u043f\u043e\u0434\u0430\u0440\u043a\u043e\u043c \u0434\u043b\u044f \u043e\u0441\u043e\u0431\u044b\u0445 \u043b\u044e\u0434\u0435\u0439 \u0432 \u0432\u0430\u0448\u0435\u0439 \u0436\u0438\u0437\u043d\u0438.<\/div>\n<\/div>\n<\/div>\n<\/div>\n<\/div>\n<\/div>\n<\/div>\n<\/div>\n","protected":false},"featured_media":13711,"template":"","meta":{"jetpack_publicize_message":"","jetpack_publicize_feature_enabled":true,"jetpack_social_post_already_shared":false,"jetpack_social_options":{"image_generator_settings":{"template":"highway","default_image_id":0,"font":"","enabled":false},"version":2}},"product_brand":[],"product_cat":[340],"product_tag":[],"class_list":{"0":"post-13838","1":"product","2":"type-product","3":"status-publish","4":"has-post-thumbnail","6":"product_cat-kiko-milano","8":"first","9":"outofstock","10":"sale","11":"shipping-taxable","12":"purchasable","13":"product-type-simple"},"jetpack_publicize_connections":[],"jetpack_sharing_enabled":true,"jetpack_likes_enabled":true,"_links":{"self":[{"href":"https:\/\/superstore.ee\/index.php\/wp-json\/wp\/v2\/product\/13838","targetHints":{"allow":["GET"]}}],"collection":[{"href":"https:\/\/superstore.ee\/index.php\/wp-json\/wp\/v2\/product"}],"about":[{"href":"https:\/\/superstore.ee\/index.php\/wp-json\/wp\/v2\/types\/product"}],"wp:featuredmedia":[{"embeddable":true,"href":"https:\/\/superstore.ee\/index.php\/wp-json\/wp\/v2\/media\/13711"}],"wp:attachment":[{"href":"https:\/\/superstore.ee\/index.php\/wp-json\/wp\/v2\/media?parent=13838"}],"wp:term":[{"taxonomy":"product_brand","embeddable":true,"href":"https:\/\/superstore.ee\/index.php\/wp-json\/wp\/v2\/product_brand?post=13838"},{"taxonomy":"product_cat","embeddable":true,"href":"https:\/\/superstore.ee\/index.php\/wp-json\/wp\/v2\/product_cat?post=13838"},{"taxonomy":"product_tag","embeddable":true,"href":"https:\/\/superstore.ee\/index.php\/wp-json\/wp\/v2\/product_tag?post=13838"}],"curies":[{"name":"wp","href":"https:\/\/api.w.org\/{rel}","templated":true}]}}