{"id":13873,"date":"2023-12-17T12:10:38","date_gmt":"2023-12-17T10:10:38","guid":{"rendered":"https:\/\/superstore.ee\/?post_type=product&#038;p=13873"},"modified":"2024-02-12T21:25:35","modified_gmt":"2024-02-12T19:25:35","slug":"victorias-secret-parfumeeritud-kehalosjoon-bare-vanilla-splash-236ml","status":"publish","type":"product","link":"https:\/\/superstore.ee\/index.php\/toode\/victorias-secret-parfumeeritud-kehalosjoon-bare-vanilla-splash-236ml\/","title":{"rendered":"Victoria\u2019s Secret Parf\u00fcmeeritud Kehalosjoon Bare Vanilla Splash (236ml)"},"content":{"rendered":"","protected":false},"excerpt":{"rendered":"<p>\ud83c\uddea\ud83c\uddea Victoria\u2019s Secret Parf\u00fcmeeritud Kehalosjoon (236ml)<\/p>\n<p>Kookos \u00b7 Sillerdav lootos \u00b7 Vanilje<\/p>\n<p>L\u00f5hnastiil: V\u00e4rske, h\u00f5rk, lilleline<\/p>\n<p>\ud83c\uddf7\ud83c\uddfa Victoria\u2019s Secret \u041f\u0430\u0440\u0444\u044e\u043c\u0438\u0440\u043e\u0432\u0430\u043d\u043d\u044b\u0439 \u043b\u043e\u0441\u044c\u043e\u043d \u0434\u043b\u044f \u0442\u0435\u043b\u0430 (236ml)<\/p>\n<p>\u041a\u043e\u043a\u043e\u0441 \u00b7 \u041f\u0435\u0440\u0435\u043b\u0438\u0432\u0430\u044e\u0449\u0438\u0439\u0441\u044f \u043b\u043e\u0442\u043e\u0441 \u00b7 \u0412\u0430\u043d\u0438\u043b\u044c<\/p>\n<p>\u0421\u0442\u0438\u043b\u044c \u0430\u0440\u043e\u043c\u0430\u0442\u0430: \u0441\u0432\u0435\u0436\u0438\u0439, \u0432\u043a\u0443\u0441\u043d\u044b\u0439, \u0446\u0432\u0435\u0442\u043e\u0447\u043d\u044b\u0439.<\/p>\n<p>\ud83c\uddfa\ud83c\uddf8 Victoria\u2019s Secret Limited Edition Elemental Escape Fragrance Lotion (236ml)<\/p>\n<p>Coconut \u00b7 Iridescent Lotus \u00b7 Vanilla<\/p>\n<p>Fragrance style: Fresh, delicious, floral<\/p>\n","protected":false},"featured_media":13885,"template":"","meta":{"jetpack_publicize_message":"","jetpack_publicize_feature_enabled":true,"jetpack_social_post_already_shared":false,"jetpack_social_options":{"image_generator_settings":{"template":"highway","default_image_id":0,"font":"","enabled":false},"version":2}},"product_brand":[],"product_cat":[341],"product_tag":[],"class_list":{"0":"post-13873","1":"product","2":"type-product","3":"status-publish","4":"has-post-thumbnail","6":"product_cat-victorias-secret","7":"pa_lohn-garden-view","8":"pa_lohn-island-market","9":"pa_lohn-poolside-service","10":"pa_lohn-private-sundeck","12":"first","13":"outofstock","14":"sale","15":"shipping-taxable","16":"purchasable","17":"product-type-simple"},"jetpack_publicize_connections":[],"jetpack_sharing_enabled":true,"jetpack_likes_enabled":true,"_links":{"self":[{"href":"https:\/\/superstore.ee\/index.php\/wp-json\/wp\/v2\/product\/13873","targetHints":{"allow":["GET"]}}],"collection":[{"href":"https:\/\/superstore.ee\/index.php\/wp-json\/wp\/v2\/product"}],"about":[{"href":"https:\/\/superstore.ee\/index.php\/wp-json\/wp\/v2\/types\/product"}],"wp:featuredmedia":[{"embeddable":true,"href":"https:\/\/superstore.ee\/index.php\/wp-json\/wp\/v2\/media\/13885"}],"wp:attachment":[{"href":"https:\/\/superstore.ee\/index.php\/wp-json\/wp\/v2\/media?parent=13873"}],"wp:term":[{"taxonomy":"product_brand","embeddable":true,"href":"https:\/\/superstore.ee\/index.php\/wp-json\/wp\/v2\/product_brand?post=13873"},{"taxonomy":"product_cat","embeddable":true,"href":"https:\/\/superstore.ee\/index.php\/wp-json\/wp\/v2\/product_cat?post=13873"},{"taxonomy":"product_tag","embeddable":true,"href":"https:\/\/superstore.ee\/index.php\/wp-json\/wp\/v2\/product_tag?post=13873"}],"curies":[{"name":"wp","href":"https:\/\/api.w.org\/{rel}","templated":true}]}}