{"id":13876,"date":"2023-12-17T12:14:12","date_gmt":"2023-12-17T10:14:12","guid":{"rendered":"https:\/\/superstore.ee\/?post_type=product&#038;p=13876"},"modified":"2024-01-03T15:56:56","modified_gmt":"2024-01-03T13:56:56","slug":"victorias-secret-kehasprei-love-spell-splash-250ml","status":"publish","type":"product","link":"https:\/\/superstore.ee\/index.php\/toode\/victorias-secret-kehasprei-love-spell-splash-250ml\/","title":{"rendered":"Victoria\u2019s Secret Kehasprei Love Spell Splash (250ml)"},"content":{"rendered":"","protected":false},"excerpt":{"rendered":"<p>\ud83c\uddea\ud83c\uddea Victoria\u2019s Secret Kehasprei (250ml)<\/p>\n<p><b>Love Spell Splash<\/b> \u2013 T\u00fc\u00fcp: v\u00e4rske puuviljane, Noodid: vaarikas, virsikutee, pomelo.<\/p>\n<p>\ud83c\uddf7\ud83c\uddfa Victoria\u2019s Secret \u0421\u043f\u0440\u0435\u0439 \u0434\u043b\u044f \u0442\u0435\u043b\u0430 (250ml)<\/p>\n<p><b>Love Spell Splash<\/b> \u2014 \u0422\u0438\u043f: \u0441\u0432\u0435\u0436\u0438\u0439 \u0444\u0440\u0443\u043a\u0442\u043e\u0432\u044b\u0439, \u041d\u043e\u0442\u044b: \u043c\u0430\u043b\u0438\u043d\u0430, \u043f\u0435\u0440\u0441\u0438\u043a\u043e\u0432\u044b\u0439 \u0447\u0430\u0439, \u043f\u043e\u043c\u0435\u043b\u043e.<\/p>\n<p>\ud83c\uddfa\ud83c\uddf8 Victoria\u2019s Secret Limited Edition Splash Body Mist\u00a0(250ml)<\/p>\n<p><b>Love Spell Splash<\/b> \u2013 Type: <span style=\"font-weight: 400\">Fruity Fresh<\/span>, Notes: <span style=\"font-weight: 400\">raspberry glisten, peach tea, pomelo drip.<\/span><\/p>\n","protected":false},"featured_media":13887,"template":"","meta":{"jetpack_publicize_message":"","jetpack_publicize_feature_enabled":true,"jetpack_social_post_already_shared":false,"jetpack_social_options":{"image_generator_settings":{"template":"highway","default_image_id":0,"font":"","enabled":false},"version":2}},"product_brand":[],"product_cat":[341],"product_tag":[],"class_list":{"0":"post-13876","1":"product","2":"type-product","3":"status-publish","4":"has-post-thumbnail","6":"product_cat-victorias-secret","7":"pa_lohn-bare-vanilla-splash","8":"pa_lohn-love-spell-splash","9":"pa_lohn-pure-seduction-splash","10":"pa_lohn-velvet-petals-splash","12":"first","13":"outofstock","14":"sale","15":"shipping-taxable","16":"purchasable","17":"product-type-simple"},"jetpack_publicize_connections":[],"jetpack_sharing_enabled":true,"jetpack_likes_enabled":true,"_links":{"self":[{"href":"https:\/\/superstore.ee\/index.php\/wp-json\/wp\/v2\/product\/13876","targetHints":{"allow":["GET"]}}],"collection":[{"href":"https:\/\/superstore.ee\/index.php\/wp-json\/wp\/v2\/product"}],"about":[{"href":"https:\/\/superstore.ee\/index.php\/wp-json\/wp\/v2\/types\/product"}],"wp:featuredmedia":[{"embeddable":true,"href":"https:\/\/superstore.ee\/index.php\/wp-json\/wp\/v2\/media\/13887"}],"wp:attachment":[{"href":"https:\/\/superstore.ee\/index.php\/wp-json\/wp\/v2\/media?parent=13876"}],"wp:term":[{"taxonomy":"product_brand","embeddable":true,"href":"https:\/\/superstore.ee\/index.php\/wp-json\/wp\/v2\/product_brand?post=13876"},{"taxonomy":"product_cat","embeddable":true,"href":"https:\/\/superstore.ee\/index.php\/wp-json\/wp\/v2\/product_cat?post=13876"},{"taxonomy":"product_tag","embeddable":true,"href":"https:\/\/superstore.ee\/index.php\/wp-json\/wp\/v2\/product_tag?post=13876"}],"curies":[{"name":"wp","href":"https:\/\/api.w.org\/{rel}","templated":true}]}}