{"id":13889,"date":"2023-12-17T12:50:35","date_gmt":"2023-12-17T10:50:35","guid":{"rendered":"https:\/\/superstore.ee\/?post_type=product&#038;p=13889"},"modified":"2023-12-19T20:46:22","modified_gmt":"2023-12-19T18:46:22","slug":"victorias-secret-kehasprei-tease-candy-noir-250ml","status":"publish","type":"product","link":"https:\/\/superstore.ee\/index.php\/toode\/victorias-secret-kehasprei-tease-candy-noir-250ml\/","title":{"rendered":"Victoria\u2019s Secret Kehasprei Tease Candy Noir (250ml)"},"content":{"rendered":"","protected":false},"excerpt":{"rendered":"<p><span style=\"font-weight: 400;\">\ud83c\uddea\ud83c\uddeaVictoria\u2019s Secret Kehasprei Tease Candy Noir (250ml)<\/span><\/p>\n<p>L\u00f5hna t\u00fc\u00fcp: Tume gurmeekstrakt<br \/>\nNoodid: Vaarikaglasuur, \u00f6\u00f6sel \u00f5itsev iiris ja soe tonka<\/p>\n<p>NB! Kehasprei oli kasutatud paar korda<\/p>\n<p>&nbsp;<\/p>\n<p><span style=\"font-weight: 400;\">\ud83c\uddf7\ud83c\uddfa Victoria\u2019s Secret \u0421\u043f\u0440\u0435\u0439 \u0434\u043b\u044f \u0442\u0435\u043b\u0430 Tease Candy Noir (250ml )<\/span><\/p>\n<p>\u0422\u0438\u043f \u0430\u0440\u043e\u043c\u0430\u0442\u0430: \u0422\u0435\u043c\u043d\u044b\u0439 \u0433\u0443\u0440\u043c\u0430\u043d<br \/>\n\u041d\u043e\u0442\u044b: \u043c\u0430\u043b\u0438\u043d\u043e\u0432\u0430\u044f \u0433\u043b\u0430\u0437\u0443\u0440\u044c, \u043d\u043e\u0447\u043d\u043e\u0439 \u0438\u0440\u0438\u0441 \u0438 \u0442\u0435\u043f\u043b\u044b\u0439 \u0442\u043e\u043d\u043a\u0430.<\/p>\n<p>NB! \u0421\u043f\u0440\u0435\u0439 \u0434\u043b\u044f \u0442\u0435\u043b\u0430 \u0438\u0441\u043f\u043e\u043b\u044c\u0437\u043e\u0432\u0430\u043b\u0441\u044f \u043f\u0430\u0440\u0443 \u0440\u0430\u0437.<\/p>\n<p>&nbsp;<\/p>\n<p><span style=\"font-weight: 400;\">\ud83c\uddfa\ud83c\uddf8 Victoria\u2019s Secret Bombshell Magic Fragrance Mist (250ml)<\/span><\/p>\n<p>Fragrance type: Dark Gourmand<br \/>\nNotes: Raspberry Glaze, Night-blooming Iris and Warm Tonka<\/p>\n<p>NB! The body spray has been used a few times.<\/p>\n","protected":false},"featured_media":13890,"template":"","meta":{"jetpack_publicize_message":"","jetpack_publicize_feature_enabled":true,"jetpack_social_post_already_shared":false,"jetpack_social_options":{"image_generator_settings":{"template":"highway","default_image_id":0,"font":"","enabled":false},"version":2}},"product_brand":[],"product_cat":[341],"product_tag":[],"class_list":{"0":"post-13889","1":"product","2":"type-product","3":"status-publish","4":"has-post-thumbnail","6":"product_cat-victorias-secret","7":"pa_lohn-flower-sorbet","8":"pa_lohn-sparkling-creme","10":"first","11":"outofstock","12":"sale","13":"shipping-taxable","14":"purchasable","15":"product-type-simple"},"jetpack_publicize_connections":[],"jetpack_sharing_enabled":true,"jetpack_likes_enabled":true,"_links":{"self":[{"href":"https:\/\/superstore.ee\/index.php\/wp-json\/wp\/v2\/product\/13889","targetHints":{"allow":["GET"]}}],"collection":[{"href":"https:\/\/superstore.ee\/index.php\/wp-json\/wp\/v2\/product"}],"about":[{"href":"https:\/\/superstore.ee\/index.php\/wp-json\/wp\/v2\/types\/product"}],"wp:featuredmedia":[{"embeddable":true,"href":"https:\/\/superstore.ee\/index.php\/wp-json\/wp\/v2\/media\/13890"}],"wp:attachment":[{"href":"https:\/\/superstore.ee\/index.php\/wp-json\/wp\/v2\/media?parent=13889"}],"wp:term":[{"taxonomy":"product_brand","embeddable":true,"href":"https:\/\/superstore.ee\/index.php\/wp-json\/wp\/v2\/product_brand?post=13889"},{"taxonomy":"product_cat","embeddable":true,"href":"https:\/\/superstore.ee\/index.php\/wp-json\/wp\/v2\/product_cat?post=13889"},{"taxonomy":"product_tag","embeddable":true,"href":"https:\/\/superstore.ee\/index.php\/wp-json\/wp\/v2\/product_tag?post=13889"}],"curies":[{"name":"wp","href":"https:\/\/api.w.org\/{rel}","templated":true}]}}