{"id":13978,"date":"2023-12-19T13:27:27","date_gmt":"2023-12-19T11:27:27","guid":{"rendered":"https:\/\/superstore.ee\/?post_type=product&#038;p=13978"},"modified":"2024-10-16T22:13:48","modified_gmt":"2024-10-16T19:13:48","slug":"naha-hoolduse-kinkekomplekt-kiko-milano-naokreem-silmaumbruse-geel","status":"publish","type":"product","link":"https:\/\/superstore.ee\/index.php\/toode\/naha-hoolduse-kinkekomplekt-kiko-milano-naokreem-silmaumbruse-geel\/","title":{"rendered":"Naha hoolduse kinkekomplekt KIKO Milano (N\u00e4okreem + Silma\u00fcmbruse geel)"},"content":{"rendered":"","protected":false},"excerpt":{"rendered":"<div class=\"ProductDetails__Name visible-md\">\n<div role=\"heading\" data-size=\"medium\">\n<div class=\"woocommerce-product-details__short-description\">\n<p>\ud83c\uddea\ud83c\uddea Igap\u00e4evase naha hoolduse kinkekomplekt KIKO Milano<\/p>\n<p>Kinkekomplekt luksuslikus kinkekarbis koos niisutava n\u00e4okreemi ja silma\u00fcmbruse geeliga. Ideaalne n\u00e4o niisutamiseks ning igap\u00e4evase nahahooldusrutiini osana tursete ja tumedate ringide vastu v\u00f5itlemiseks.<\/p>\n<p>Kinkekomplekt sisaldab:<\/p>\n<ul>\n<li>1 x Niisutav n\u00e4okreem <strong>Smart Hydrashot Cream<\/strong><br \/>\nP\u00e4evane ja \u00f6ine n\u00e4okreem, mis niisutab ja silub nahka, luues ideaalse aluse jumestuse tegemiseks. H\u00fcaluroonhappe ja aloe veraga rikastatud koostis tagab kohese v\u00e4rskuse.<\/li>\n<li>1 x Niisutav silma\u00fcmbruse geel <strong>Smart Hydra Shot Eye Gel<\/strong><br \/>\nV\u00e4rskendav, kerge ja kiiresti imenduv niisutav geel tursete ja tumedate ringide v\u00e4ljan\u00e4gemise v\u00e4hendamiseks. Selle valem on rikastatud h\u00fcaluroonhappe ja kofeiiniga.<\/li>\n<\/ul>\n<\/div>\n<div class=\"woocommerce-product-details__short-description\">\n<p>\ud83c\uddf7\ud83c\uddfa \u041f\u043e\u0434\u0430\u0440\u043e\u0447\u043d\u044b\u0439 \u043d\u0430\u0431\u043e\u0440 \u0434\u043b\u044f \u0435\u0436\u0435\u0434\u043d\u0435\u0432\u043d\u043e\u0433\u043e \u0443\u0445\u043e\u0434\u0430 \u0437\u0430 \u043a\u043e\u0436\u0435\u0439 \u043b\u0438\u0446\u0430 KIKO Milano<\/p>\n<p>\u041f\u043e\u0434\u0430\u0440\u043e\u0447\u043d\u044b\u0439 \u043d\u0430\u0431\u043e\u0440 \u0432 \u0440\u043e\u0441\u043a\u043e\u0448\u043d\u043e\u0439 \u043f\u043e\u0434\u0430\u0440\u043e\u0447\u043d\u043e\u0439 \u0443\u043f\u0430\u043a\u043e\u0432\u043a\u0435, \u0441\u043e\u0441\u0442\u043e\u044f\u0449\u0438\u0439 \u0438\u0437 \u0443\u0432\u043b\u0430\u0436\u043d\u044f\u044e\u0449\u0435\u0433\u043e \u043a\u0440\u0435\u043c\u0430 \u0434\u043b\u044f \u043b\u0438\u0446\u0430 \u0438 \u0443\u0432\u043b\u0430\u0436\u043d\u044f\u044e\u0449\u0435\u0433\u043e \u0433\u0435\u043b\u044f \u0434\u043b\u044f \u0433\u043b\u0430\u0437. \u0418\u0434\u0435\u0430\u043b\u044c\u043d\u043e \u043f\u043e\u0434\u0445\u043e\u0434\u0438\u0442 \u0434\u043b\u044f \u0443\u0432\u043b\u0430\u0436\u043d\u0435\u043d\u0438\u044f, \u0431\u043e\u0440\u044c\u0431\u044b \u0441 \u043c\u0435\u0448\u043a\u0430\u043c\u0438 \u0438 \u0442\u0435\u043c\u043d\u044b\u043c\u0438 \u043a\u0440\u0443\u0433\u0430\u043c\u0438 \u0432 \u0440\u0430\u043c\u043a\u0430\u0445 \u043f\u043e\u0432\u0441\u0435\u0434\u043d\u0435\u0432\u043d\u043e\u0433\u043e \u0443\u0445\u043e\u0434\u0430 \u0437\u0430 \u043a\u043e\u0436\u0435\u0439.<\/p>\n<p>\u0412 \u043f\u043e\u0434\u0430\u0440\u043e\u0447\u043d\u044b\u0439 \u043d\u0430\u0431\u043e\u0440 \u0432\u0445\u043e\u0434\u044f\u0442:<\/p>\n<ul>\n<li>1 x \u0423\u0432\u043b\u0430\u0436\u043d\u044f\u044e\u0449\u0438\u0439 \u043a\u0440\u0435\u043c \u0434\u043b\u044f \u043b\u0438\u0446\u0430 <strong>Smart Hydrashot Cream<\/strong><br \/>\n\u0414\u043d\u0435\u0432\u043d\u043e\u0439 \u0438 \u043d\u043e\u0447\u043d\u043e\u0439 \u043a\u0440\u0435\u043c \u0434\u043b\u044f \u043b\u0438\u0446\u0430, \u043a\u043e\u0442\u043e\u0440\u044b\u0439 \u0443\u0432\u043b\u0430\u0436\u043d\u044f\u0435\u0442 \u0438 \u0440\u0430\u0437\u0433\u043b\u0430\u0436\u0438\u0432\u0430\u0435\u0442 \u043a\u043e\u0436\u0443, \u0441\u043e\u0437\u0434\u0430\u0432\u0430\u044f \u0438\u0434\u0435\u0430\u043b\u044c\u043d\u0443\u044e \u043e\u0441\u043d\u043e\u0432\u0443 \u043f\u043e\u0434 \u043c\u0430\u043a\u0438\u044f\u0436. \u0415\u0433\u043e \u0444\u043e\u0440\u043c\u0443\u043b\u0430, \u043e\u0431\u043e\u0433\u0430\u0449\u0435\u043d\u043d\u0430\u044f \u0433\u0438\u0430\u043b\u0443\u0440\u043e\u043d\u043e\u0432\u043e\u0439 \u043a\u0438\u0441\u043b\u043e\u0442\u043e\u0439 \u0438 \u0430\u043b\u043e\u044d \u0432\u0435\u0440\u0430, \u043e\u0431\u0435\u0441\u043f\u0435\u0447\u0438\u0432\u0430\u0435\u0442 \u043c\u0433\u043d\u043e\u0432\u0435\u043d\u043d\u0443\u044e \u0441\u0432\u0435\u0436\u0435\u0441\u0442\u044c.<\/li>\n<li>1 \u0445 \u0423\u0432\u043b\u0430\u0436\u043d\u044f\u044e\u0449\u0438\u0439 \u0433\u0435\u043b\u044c \u0434\u043b\u044f \u0433\u043b\u0430\u0437 <strong>Smart Hydra Shot Eye Gel<\/strong><br \/>\n\u041e\u0441\u0432\u0435\u0436\u0430\u044e\u0449\u0438\u0439, \u043b\u0435\u0433\u043a\u0438\u0439 \u0438 \u0431\u044b\u0441\u0442\u0440\u043e \u0432\u043f\u0438\u0442\u044b\u0432\u0430\u044e\u0449\u0438\u0439\u0441\u044f \u0443\u0432\u043b\u0430\u0436\u043d\u044f\u044e\u0449\u0438\u0439 \u0433\u0435\u043b\u044c \u0434\u043b\u044f \u0443\u043c\u0435\u043d\u044c\u0448\u0435\u043d\u0438\u044f \u043c\u0435\u0448\u043a\u043e\u0432 \u0438 \u0442\u0435\u043c\u043d\u044b\u0445 \u043a\u0440\u0443\u0433\u043e\u0432 \u043f\u043e\u0434 \u0433\u043b\u0430\u0437\u0430\u043c\u0438. \u0415\u0433\u043e \u0444\u043e\u0440\u043c\u0443\u043b\u0430 \u043e\u0431\u043e\u0433\u0430\u0449\u0435\u043d\u0430 \u0433\u0438\u0430\u043b\u0443\u0440\u043e\u043d\u043e\u0432\u043e\u0439 \u043a\u0438\u0441\u043b\u043e\u0442\u043e\u0439 \u0438 \u043a\u043e\u0444\u0435\u0438\u043d\u043e\u043c.<\/li>\n<\/ul>\n<p>\ud83c\uddfa\ud83c\uddf8 KIKO Milano Holiday Premi\u00e8re My Everyday Skincare Gift Set<\/p>\n<p>Gift set in a luxurious gift box with a moisturising face cream and a hydrating eye gel. Ideal for moisturising your face, and combatting bags and dark circles as part of your everyday skincare routine.<\/p>\n<p>The gift set contains:<\/p>\n<ul>\n<li>1 x <strong>Smart Hydrashot Cream<\/strong><br \/>\nDay and night face cream that moisturises and smooths the skin, creating the perfect base for make-up. Enriched with hyaluronic acid and aloe vera, its formula provides immediate freshness.<\/li>\n<li>1 x <strong>Smart Hydra Shot Eye Gel<\/strong><br \/>\nFresh, lightweight and fast-absorbing hydrating gel for reducing the appearance of bags and dark circles. Its formula is enriched with hyaluronic acid and caffeine.<\/li>\n<\/ul>\n<\/div>\n<\/div>\n<\/div>\n","protected":false},"featured_media":13983,"template":"","meta":{"jetpack_publicize_message":"","jetpack_publicize_feature_enabled":true,"jetpack_social_post_already_shared":false,"jetpack_social_options":{"image_generator_settings":{"template":"highway","default_image_id":0,"font":"","enabled":false},"version":2}},"product_brand":[],"product_cat":[340],"product_tag":[],"class_list":{"0":"post-13978","1":"product","2":"type-product","3":"status-publish","4":"has-post-thumbnail","6":"product_cat-kiko-milano","8":"first","9":"outofstock","10":"shipping-taxable","11":"purchasable","12":"product-type-simple"},"jetpack_publicize_connections":[],"jetpack_sharing_enabled":true,"jetpack_likes_enabled":true,"_links":{"self":[{"href":"https:\/\/superstore.ee\/index.php\/wp-json\/wp\/v2\/product\/13978","targetHints":{"allow":["GET"]}}],"collection":[{"href":"https:\/\/superstore.ee\/index.php\/wp-json\/wp\/v2\/product"}],"about":[{"href":"https:\/\/superstore.ee\/index.php\/wp-json\/wp\/v2\/types\/product"}],"wp:featuredmedia":[{"embeddable":true,"href":"https:\/\/superstore.ee\/index.php\/wp-json\/wp\/v2\/media\/13983"}],"wp:attachment":[{"href":"https:\/\/superstore.ee\/index.php\/wp-json\/wp\/v2\/media?parent=13978"}],"wp:term":[{"taxonomy":"product_brand","embeddable":true,"href":"https:\/\/superstore.ee\/index.php\/wp-json\/wp\/v2\/product_brand?post=13978"},{"taxonomy":"product_cat","embeddable":true,"href":"https:\/\/superstore.ee\/index.php\/wp-json\/wp\/v2\/product_cat?post=13978"},{"taxonomy":"product_tag","embeddable":true,"href":"https:\/\/superstore.ee\/index.php\/wp-json\/wp\/v2\/product_tag?post=13978"}],"curies":[{"name":"wp","href":"https:\/\/api.w.org\/{rel}","templated":true}]}}