{"id":14035,"date":"2023-12-19T18:09:01","date_gmt":"2023-12-19T16:09:01","guid":{"rendered":"https:\/\/superstore.ee\/?post_type=product&#038;p=14035"},"modified":"2024-09-10T12:06:18","modified_gmt":"2024-09-10T09:06:18","slug":"peitekreem-kiko-milano-charming-escape-luminous-cushion-concealer","status":"publish","type":"product","link":"https:\/\/superstore.ee\/index.php\/toode\/peitekreem-kiko-milano-charming-escape-luminous-cushion-concealer\/","title":{"rendered":"Peitekreem KIKO Milano Charming Escape Luminous Cushion Concealer"},"content":{"rendered":"","protected":false},"excerpt":{"rendered":"<p>\ud83c\uddea\ud83c\uddea Peitekreem KIKO Milano<\/p>\n<p>Esilet\u00f5stev peitekreem k\u00e4snaaplikaatoriga<\/p>\n<ul>\n<li>ideaalne plekkide ja v\u00e4rvimuutuste maskeerimiseks, andes nahale loomuliku s\u00e4ra;<\/li>\n<li>selle \u00f5rn kreemja valem on rikastatud viinamarja-, sidruni-, \u00f5una- ja Itaalia p\u00e4ritolu kliiekstraktidega;<\/li>\n<li>keskmise katvusega;<\/li>\n<li>l\u00f5hnastatud \u00fcmbritseva apelsini\u00f5ite l\u00f5hnaga.<\/li>\n<\/ul>\n<p>\ud83c\uddf7\ud83c\uddfa KIKO Milano \u043a\u043e\u043d\u0441\u0438\u043b\u0435\u0440-\u0445\u0430\u0439\u043b\u0430\u0439\u0442\u0435\u0440 \u0441 \u0430\u043f\u043f\u043b\u0438\u043a\u0430\u0442\u043e\u0440\u043e\u043c-\u0441\u043f\u043e\u043d\u0436\u0435\u043c<\/p>\n<ul>\n<li>\u0438\u0434\u0435\u0430\u043b\u044c\u043d\u043e \u043f\u043e\u0434\u0445\u043e\u0434\u0438\u0442 \u0434\u043b\u044f \u043c\u0430\u0441\u043a\u0438\u0440\u043e\u0432\u043a\u0438 \u043f\u044f\u0442\u0435\u043d \u0438 \u043e\u0431\u0435\u0441\u0446\u0432\u0435\u0447\u0438\u0432\u0430\u043d\u0438\u044f, \u043f\u0440\u0438\u0434\u0430\u0432\u0430\u044f \u043a\u043e\u0436\u0435 \u0435\u0441\u0442\u0435\u0441\u0442\u0432\u0435\u043d\u043d\u043e\u0435 \u0441\u0438\u044f\u043d\u0438\u0435;<\/li>\n<li>\u043d\u0435\u0436\u043d\u0430\u044f \u043a\u0440\u0435\u043c\u043e\u0432\u0430\u044f \u0444\u043e\u0440\u043c\u0443\u043b\u0430 \u043e\u0431\u043e\u0433\u0430\u0449\u0435\u043d\u0430 \u044d\u043a\u0441\u0442\u0440\u0430\u043a\u0442\u043e\u043c \u0432\u0438\u043d\u043e\u0433\u0440\u0430\u0434\u0430, \u043b\u0438\u043c\u043e\u043d\u0430, \u044f\u0431\u043b\u043e\u043a\u0430 \u0438 \u043e\u0442\u0440\u0443\u0431\u0435\u0439 \u0438\u0442\u0430\u043b\u044c\u044f\u043d\u0441\u043a\u043e\u0433\u043e \u043f\u0440\u043e\u0438\u0441\u0445\u043e\u0436\u0434\u0435\u043d\u0438\u044f;<\/li>\n<li>\u043e\u0431\u043b\u0430\u0434\u0430\u0435\u0442 \u0441\u0440\u0435\u0434\u043d\u0438\u043c \u0443\u0440\u043e\u0432\u043d\u0435\u043c \u043f\u043e\u043a\u0440\u044b\u0442\u0438\u044f<\/li>\n<li>\u043f\u0430\u0445\u043d\u0435\u0442 \u043e\u0431\u0432\u043e\u043b\u0430\u043a\u0438\u0432\u0430\u044e\u0449\u0438\u043c \u0430\u0440\u043e\u043c\u0430\u0442\u043e\u043c \u0446\u0432\u0435\u0442\u043e\u0432 \u0430\u043f\u0435\u043b\u044c\u0441\u0438\u043d\u0430.<\/li>\n<\/ul>\n<p>\ud83c\uddfa\ud83c\uddf8 KIKO Milano Charming Escape Luminous Cushion Concealer<\/p>\n<p>Highlighting concealer with sponge applicator<\/p>\n<ul>\n<li>ideal for camouflaging blemishes and discolouration while giving the skin natural radiance.<\/li>\n<li>its delicate creamy formula is enriched with grape, lemon, apple and bran extract of Italian origin;<\/li>\n<li>has a medium coverage;<\/li>\n<li>it\u2019s scented with an enveloping orange blossom fragrance.<\/li>\n<\/ul>\n<p>&nbsp;<\/p>\n","protected":false},"featured_media":14038,"template":"","meta":{"jetpack_publicize_message":"","jetpack_publicize_feature_enabled":true,"jetpack_social_post_already_shared":false,"jetpack_social_options":{"image_generator_settings":{"template":"highway","default_image_id":0,"font":"","enabled":false},"version":2}},"product_brand":[],"product_cat":[340],"product_tag":[],"class_list":{"0":"post-14035","1":"product","2":"type-product","3":"status-publish","4":"has-post-thumbnail","6":"product_cat-kiko-milano","7":"pa_varv-402","8":"pa_varv-403","10":"first","11":"outofstock","12":"shipping-taxable","13":"product-type-variable"},"jetpack_publicize_connections":[],"jetpack_sharing_enabled":true,"jetpack_likes_enabled":true,"_links":{"self":[{"href":"https:\/\/superstore.ee\/index.php\/wp-json\/wp\/v2\/product\/14035","targetHints":{"allow":["GET"]}}],"collection":[{"href":"https:\/\/superstore.ee\/index.php\/wp-json\/wp\/v2\/product"}],"about":[{"href":"https:\/\/superstore.ee\/index.php\/wp-json\/wp\/v2\/types\/product"}],"wp:featuredmedia":[{"embeddable":true,"href":"https:\/\/superstore.ee\/index.php\/wp-json\/wp\/v2\/media\/14038"}],"wp:attachment":[{"href":"https:\/\/superstore.ee\/index.php\/wp-json\/wp\/v2\/media?parent=14035"}],"wp:term":[{"taxonomy":"product_brand","embeddable":true,"href":"https:\/\/superstore.ee\/index.php\/wp-json\/wp\/v2\/product_brand?post=14035"},{"taxonomy":"product_cat","embeddable":true,"href":"https:\/\/superstore.ee\/index.php\/wp-json\/wp\/v2\/product_cat?post=14035"},{"taxonomy":"product_tag","embeddable":true,"href":"https:\/\/superstore.ee\/index.php\/wp-json\/wp\/v2\/product_tag?post=14035"}],"curies":[{"name":"wp","href":"https:\/\/api.w.org\/{rel}","templated":true}]}}