{"id":14046,"date":"2023-12-19T18:37:42","date_gmt":"2023-12-19T16:37:42","guid":{"rendered":"https:\/\/superstore.ee\/?post_type=product&#038;p=14046"},"modified":"2024-11-10T13:30:32","modified_gmt":"2024-11-10T10:30:32","slug":"kiko-milano-blue-me-2-in-1-naokreem-ja-mask-aaloe-mahlaga-face-cream-mask-with-aloe-juice","status":"publish","type":"product","link":"https:\/\/superstore.ee\/index.php\/toode\/kiko-milano-blue-me-2-in-1-naokreem-ja-mask-aaloe-mahlaga-face-cream-mask-with-aloe-juice\/","title":{"rendered":"KIKO Milano 2-In-1 N\u00e4okreem ja Mask aaloe mahlaga"},"content":{"rendered":"","protected":false},"excerpt":{"rendered":"<p>\ud83c\uddea\ud83c\uddea KIKO Milano\u00a0Blue Me 2-In-1 N\u00e4okreem ja Mask aaloe mahlaga<\/p>\n<ul>\n<li>Ideaalne n\u00e4onaha toitmiseks ja uue v\u00e4rske ilme andmiseks;<\/li>\n<li>Sisaldab 96% looduslikke koostisosi sisaldavat taimetoidu valem;<\/li>\n<li>Tekstuur on rikastatud j\u00e4tkusuutlikult toodetud aaloe mahlaga, mis omab toitvaid omadusi, ja v\u00e4rskendavate nootidega orgaanilisest piparm\u00fcndiveest;<\/li>\n<li>\u00d5rnalt \u00fcmbritseb nahka ja imendub kohe, luues t\u00e4iusliku meigialuse, kuid v\u00f5ib j\u00e4\u00e4da ka maskiks veelgi toitvama efekti saavutamiseks;<\/li>\n<li>Lihtsalt eraldatav ja taaskasutatav pakend koosneb 93% klaasist ja alumiiniumist, et v\u00e4hendada plastiku kasutamist.<\/li>\n<\/ul>\n<p>\ud83c\uddf7\ud83c\uddfa KIKO Milano Blue Me 2-\u0432-1 \u041a\u0440\u0435\u043c \u0438 \u041c\u0430\u0441\u043a\u0430 \u0434\u043b\u044f \u043b\u0438\u0446\u0430 \u0441 \u0441\u043e\u043a\u043e\u043c \u0430\u043b\u043e\u044d<\/p>\n<ul>\n<li>\u0418\u0434\u0435\u0430\u043b\u044c\u043d\u043e \u043f\u043e\u0434\u0445\u043e\u0434\u0438\u0442 \u0434\u043b\u044f \u043f\u0438\u0442\u0430\u043d\u0438\u044f \u043a\u043e\u0436\u0438 \u043b\u0438\u0446\u0430, \u043f\u0440\u0438\u0434\u0430\u0432\u0430\u044f \u0435\u0439 \u0441\u0432\u0435\u0436\u0435\u0441\u0442\u044c;<\/li>\n<li>\u0418\u043c\u0435\u0435\u0442 \u0432\u0435\u0433\u0430\u043d\u0441\u043a\u0443\u044e \u0444\u043e\u0440\u043c\u0443\u043b\u0443 \u0441 96% \u043d\u0430\u0442\u0443\u0440\u0430\u043b\u044c\u043d\u044b\u0445 \u0438\u043d\u0433\u0440\u0435\u0434\u0438\u0435\u043d\u0442\u043e\u0432;<\/li>\n<li>\u0422\u0435\u043a\u0441\u0442\u0443\u0440\u0430 \u043e\u0431\u043e\u0433\u0430\u0449\u0435\u043d\u0430 \u044d\u043a\u043e\u043b\u043e\u0433\u0438\u0447\u0435\u0441\u043a\u0438 \u0447\u0438\u0441\u0442\u044b\u043c \u0441\u043e\u043a\u043e\u043c \u0430\u043b\u043e\u044d \u0441 \u043f\u0438\u0442\u0430\u0442\u0435\u043b\u044c\u043d\u044b\u043c\u0438 \u0441\u0432\u043e\u0439\u0441\u0442\u0432\u0430\u043c\u0438 \u0438 \u043d\u0430\u0441\u044b\u0449\u0435\u043d\u0430 \u043e\u0441\u0432\u0435\u0436\u0430\u044e\u0449\u0438\u043c\u0438 \u043d\u043e\u0442\u0430\u043c\u0438 \u043e\u0440\u0433\u0430\u043d\u0438\u0447\u0435\u0441\u043a\u043e\u0439 \u043c\u044f\u0442\u043d\u043e\u0439 \u0432\u043e\u0434\u044b;<\/li>\n<li>\u041d\u0435\u0436\u043d\u043e \u043e\u0431\u0432\u043e\u043b\u0430\u043a\u0438\u0432\u0430\u0435\u0442 \u043a\u043e\u0436\u0443 \u0438 \u043c\u043e\u043c\u0435\u043d\u0442\u0430\u043b\u044c\u043d\u043e \u0432\u043f\u0438\u0442\u044b\u0432\u0430\u0435\u0442\u0441\u044f, \u0441\u043e\u0437\u0434\u0430\u0432\u0430\u044f \u0438\u0434\u0435\u0430\u043b\u044c\u043d\u0443\u044e \u0431\u0430\u0437\u0443 \u043f\u043e\u0434 \u043c\u0430\u043a\u0438\u044f\u0436, \u043d\u043e \u0442\u0430\u043a\u0436\u0435 \u043c\u043e\u0436\u0435\u0442 \u043e\u0441\u0442\u0430\u0432\u0430\u0442\u044c\u0441\u044f \u043d\u0430 \u043a\u043e\u0436\u0435 \u0432 \u043a\u0430\u0447\u0435\u0441\u0442\u0432\u0435 \u043c\u0430\u0441\u043a\u0438 \u0434\u043b\u044f \u0431\u043e\u043b\u0435\u0435 \u0438\u043d\u0442\u0435\u043d\u0441\u0438\u0432\u043d\u043e\u0433\u043e \u043f\u0438\u0442\u0430\u0442\u0435\u043b\u044c\u043d\u043e\u0433\u043e \u044d\u0444\u0444\u0435\u043a\u0442\u0430;<\/li>\n<li>\u0423\u043f\u0430\u043a\u043e\u0432\u043a\u0430 \u043b\u0435\u0433\u043a\u043e \u0440\u0430\u0437\u0434\u0435\u043b\u044f\u0435\u043c\u0430 \u0438 \u043f\u043e\u0434\u043b\u0435\u0436\u0438\u0442 \u043f\u0435\u0440\u0435\u0440\u0430\u0431\u043e\u0442\u043a\u0435, \u0441\u043e\u0441\u0442\u043e\u044f\u0449\u0430\u044f \u0438\u0437 93% \u0441\u0442\u0435\u043a\u043b\u0430 \u0438 \u0430\u043b\u044e\u043c\u0438\u043d\u0438\u044f, \u0447\u0442\u043e\u0431\u044b \u0443\u043c\u0435\u043d\u044c\u0448\u0438\u0442\u044c \u0438\u0441\u043f\u043e\u043b\u044c\u0437\u043e\u0432\u0430\u043d\u0438\u0435 \u043f\u043b\u0430\u0441\u0442\u0438\u043a\u0430.<\/li>\n<\/ul>\n<p>\ud83c\uddfa\ud83c\uddf8 KIKO Milano Blue Me 2-In-1 Face Cream &amp; Mask\u00a0with aloe juice<\/p>\n<ul>\n<li>Ideal for nourishing the face and giving it new freshness;<\/li>\n<li>It has a vegan formula with 96% natural ingredients;<\/li>\n<li>The texture is enriched with sustainably produced aloe juice with nourishing properties and infused with refreshing notes of organic mint water;<\/li>\n<li>It gently envelops the skin and absorbs instantly, creating the perfect base for make-up, but can also be left on as a mask for an even more nourishing effect;<\/li>\n<li>Easily separable and recyclable, the packaging is made of 93% glass and aluminium to reduce the use of plastic.<\/li>\n<\/ul>\n","protected":false},"featured_media":12395,"template":"","meta":{"jetpack_publicize_message":"","jetpack_publicize_feature_enabled":true,"jetpack_social_post_already_shared":false,"jetpack_social_options":{"image_generator_settings":{"template":"highway","default_image_id":0,"font":"","enabled":false},"version":2}},"product_brand":[],"product_cat":[340,631],"product_tag":[],"class_list":{"0":"post-14046","1":"product","2":"type-product","3":"status-publish","4":"has-post-thumbnail","6":"product_cat-kiko-milano","7":"product_cat-sale","9":"first","10":"outofstock","11":"sale","12":"shipping-taxable","13":"purchasable","14":"product-type-simple"},"jetpack_publicize_connections":[],"jetpack_sharing_enabled":true,"jetpack_likes_enabled":true,"_links":{"self":[{"href":"https:\/\/superstore.ee\/index.php\/wp-json\/wp\/v2\/product\/14046","targetHints":{"allow":["GET"]}}],"collection":[{"href":"https:\/\/superstore.ee\/index.php\/wp-json\/wp\/v2\/product"}],"about":[{"href":"https:\/\/superstore.ee\/index.php\/wp-json\/wp\/v2\/types\/product"}],"wp:featuredmedia":[{"embeddable":true,"href":"https:\/\/superstore.ee\/index.php\/wp-json\/wp\/v2\/media\/12395"}],"wp:attachment":[{"href":"https:\/\/superstore.ee\/index.php\/wp-json\/wp\/v2\/media?parent=14046"}],"wp:term":[{"taxonomy":"product_brand","embeddable":true,"href":"https:\/\/superstore.ee\/index.php\/wp-json\/wp\/v2\/product_brand?post=14046"},{"taxonomy":"product_cat","embeddable":true,"href":"https:\/\/superstore.ee\/index.php\/wp-json\/wp\/v2\/product_cat?post=14046"},{"taxonomy":"product_tag","embeddable":true,"href":"https:\/\/superstore.ee\/index.php\/wp-json\/wp\/v2\/product_tag?post=14046"}],"curies":[{"name":"wp","href":"https:\/\/api.w.org\/{rel}","templated":true}]}}