{"id":14078,"date":"2023-12-21T21:07:47","date_gmt":"2023-12-21T19:07:47","guid":{"rendered":"https:\/\/superstore.ee\/?post_type=product&#038;p=14078"},"modified":"2026-02-01T13:52:28","modified_gmt":"2026-02-01T11:52:28","slug":"huulelaige-kiko-milano-charming-escape-crystal-glass-lipgloss-02","status":"publish","type":"product","link":"https:\/\/superstore.ee\/index.php\/toode\/huulelaige-kiko-milano-charming-escape-crystal-glass-lipgloss-02\/","title":{"rendered":"Huulel\u00e4ige KIKO Milano Charming Escape Crystal Glass Lipgloss (02)"},"content":{"rendered":"","protected":false},"excerpt":{"rendered":"<div class=\"ProductDetails__Name visible-md\">\n<div class=\"ProductDetails__Description visible-md\" role=\"heading\" data-size=\"medium\">\n<p>\ud83c\uddea\ud83c\uddea Huulel\u00e4ige KIKO Milano (02 Intriguing Mauve)<\/p>\n<\/div>\n<ul>\n<li>Ideaalne huultele s\u00e4rava peegliefekti andmiseks;<\/li>\n<li>Selle roosil\u00f5hnaline, kreemjas ja kerge valem sulandub ideaalselt huultele, j\u00e4ttes need pehmeks ja s\u00e4ravaks;<\/li>\n<li>V\u00e4ga pigmenteerunud ja mugav huultel, annab nendele ekstreemse v\u00e4rvi;<\/li>\n<li>Valgustpeegeldavad osakesed loovad l\u00e4ikiva efekti.<\/li>\n<\/ul>\n<div class=\"ProductDetails__Description visible-md\" role=\"heading\" data-size=\"medium\">\n<p>\ud83c\uddf7\ud83c\uddfa KIKO Milano \u0411\u043b\u0435\u0441\u043a \u0434\u043b\u044f \u0433\u0443\u0431 (02 Intriguing Mauve)<\/p>\n<\/div>\n<ul>\n<li>\u0418\u0434\u0435\u0430\u043b\u0435\u043d \u0434\u043b\u044f \u043f\u0440\u0438\u0434\u0430\u043d\u0438\u044f \u0433\u0443\u0431\u0430\u043c \u0441\u0438\u044f\u044e\u0449\u0435\u0433\u043e \u0437\u0435\u0440\u043a\u0430\u043b\u044c\u043d\u043e\u0433\u043e \u044d\u0444\u0444\u0435\u043a\u0442\u0430;<\/li>\n<li>\u0415\u0433\u043e \u043a\u0440\u0435\u043c\u043e\u0432\u0430\u044f \u0438 \u043b\u0451\u0433\u043a\u0430\u044f \u0444\u043e\u0440\u043c\u0443\u043b\u0430 \u0441 \u0430\u0440\u043e\u043c\u0430\u0442\u043e\u043c \u0440\u043e\u0437\u044b \u0438\u0434\u0435\u0430\u043b\u044c\u043d\u043e \u043b\u043e\u0436\u0438\u0442\u0441\u044f \u043d\u0430 \u0433\u0443\u0431\u044b, \u0434\u0435\u043b\u0430\u044f \u0438\u0445 \u043c\u044f\u0433\u043a\u0438\u043c\u0438 \u0438 \u0441\u0438\u044f\u044e\u0449\u0438\u043c\u0438;<\/li>\n<li>\u0412\u044b\u0441\u043e\u043a\u043e\u043f\u0438\u0433\u043c\u0435\u043d\u0442\u0438\u0440\u043e\u0432\u0430\u043d \u0438 \u043f\u0440\u0438\u044f\u0442\u0435\u043d \u043d\u0430 \u0433\u0443\u0431\u0430\u0445, \u043f\u0440\u0438\u0434\u0430\u0435\u0442 \u0438\u043c \u043d\u0430\u0441\u044b\u0449\u0435\u043d\u043d\u044b\u0439 \u0446\u0432\u0435\u0442;<\/li>\n<li>\u0421\u0432\u0435\u0442\u043e\u043e\u0442\u0440\u0430\u0436\u0430\u044e\u0449\u0438\u0435 \u0447\u0430\u0441\u0442\u0438\u0446\u044b \u0441\u043e\u0437\u0434\u0430\u044e\u0442 \u0433\u043b\u044f\u043d\u0446\u0435\u0432\u044b\u0439 \u044d\u0444\u0444\u0435\u043a\u0442.<\/li>\n<\/ul>\n<div class=\"ProductDetails__Description visible-md\" role=\"heading\" data-size=\"medium\">\n<p>\ud83c\uddfa\ud83c\uddf8 KIKO Milano Charming Escape Crystal Glass Lipgloss (02 Intriguing Mauve)<\/p>\n<ul>\n<li>Ideal for giving the lips a radiant mirror effect;<\/li>\n<li>Its rose-scented, creamy and weightless formula blends perfectly onto the lips, leaving them soft and radiant;<\/li>\n<li>Highly pigmented and comfortable on the lips, it gives the lips extreme colour;<\/li>\n<li>Light-reflecting particles create a glossy effect.<\/li>\n<\/ul>\n<\/div>\n<\/div>\n","protected":false},"featured_media":17147,"template":"","meta":{"jetpack_publicize_message":"","jetpack_publicize_feature_enabled":true,"jetpack_social_post_already_shared":false,"jetpack_social_options":{"image_generator_settings":{"template":"highway","default_image_id":0,"font":"","enabled":false},"version":2}},"product_brand":[],"product_cat":[340,631],"product_tag":[],"class_list":{"0":"post-14078","1":"product","2":"type-product","3":"status-publish","4":"has-post-thumbnail","6":"product_cat-kiko-milano","7":"product_cat-sale","8":"pa_varv-402","9":"pa_varv-403","10":"pa_varv-02-nb-11-05-taas-saadaval","11":"pa_varv-404","12":"pa_varv-405","13":"pa_varv-406","14":"pa_varv-407","15":"pa_varv-408","16":"pa_varv-409","17":"pa_varv-410","18":"pa_varv-411","19":"pa_varv-412","20":"pa_varv-413","21":"pa_varv-414","22":"pa_varv-415","23":"pa_varv-416","24":"pa_varv-417","25":"pa_varv-418","26":"pa_varv-419","27":"pa_varv-420","28":"pa_varv-421","29":"pa_varv-422","30":"pa_varv-423","31":"pa_varv-424","32":"pa_varv-425","33":"pa_varv-426","34":"pa_varv-427","35":"pa_varv-428","36":"pa_varv-429","37":"pa_varv-430","38":"pa_varv-431","39":"pa_varv-432","40":"pa_varv-433","41":"pa_varv-434","42":"pa_varv-435","43":"pa_varv-436","44":"pa_varv-628","46":"first","47":"outofstock","48":"sale","49":"shipping-taxable","50":"purchasable","51":"product-type-simple"},"jetpack_publicize_connections":[],"jetpack_sharing_enabled":true,"jetpack_likes_enabled":true,"_links":{"self":[{"href":"https:\/\/superstore.ee\/index.php\/wp-json\/wp\/v2\/product\/14078","targetHints":{"allow":["GET"]}}],"collection":[{"href":"https:\/\/superstore.ee\/index.php\/wp-json\/wp\/v2\/product"}],"about":[{"href":"https:\/\/superstore.ee\/index.php\/wp-json\/wp\/v2\/types\/product"}],"wp:featuredmedia":[{"embeddable":true,"href":"https:\/\/superstore.ee\/index.php\/wp-json\/wp\/v2\/media\/17147"}],"wp:attachment":[{"href":"https:\/\/superstore.ee\/index.php\/wp-json\/wp\/v2\/media?parent=14078"}],"wp:term":[{"taxonomy":"product_brand","embeddable":true,"href":"https:\/\/superstore.ee\/index.php\/wp-json\/wp\/v2\/product_brand?post=14078"},{"taxonomy":"product_cat","embeddable":true,"href":"https:\/\/superstore.ee\/index.php\/wp-json\/wp\/v2\/product_cat?post=14078"},{"taxonomy":"product_tag","embeddable":true,"href":"https:\/\/superstore.ee\/index.php\/wp-json\/wp\/v2\/product_tag?post=14078"}],"curies":[{"name":"wp","href":"https:\/\/api.w.org\/{rel}","templated":true}]}}