{"id":14086,"date":"2023-12-21T22:32:56","date_gmt":"2023-12-21T20:32:56","guid":{"rendered":"https:\/\/superstore.ee\/?post_type=product&#038;p=14086"},"modified":"2024-09-21T12:01:44","modified_gmt":"2024-09-21T09:01:44","slug":"kauapusiv12h-huulepliiats-kiko-milano-charming-escape-long-lasting-lip-liner-04","status":"publish","type":"product","link":"https:\/\/superstore.ee\/index.php\/toode\/kauapusiv12h-huulepliiats-kiko-milano-charming-escape-long-lasting-lip-liner-04\/","title":{"rendered":"Kauap\u00fcsiv12h huulepliiats KIKO Milano Charming Escape Long Lasting Lip Liner (04)"},"content":{"rendered":"","protected":false},"excerpt":{"rendered":"<p>\ud83c\uddea\ud83c\uddea KIKO Milano Kauap\u00fcsiv huulepliiats (04 Dainty Mauve)<\/p>\n<ul>\n<li>Parandab huulepulga p\u00fcsivust ja v\u00e4hendab m\u00e4\u00e4rdumise riski;<\/li>\n<li>Sellel on tugevalt pigmenteeritud koostis, kreemjas konsistents ja see libiseb sujuvalt huultele;<\/li>\n<li>Sellel on pikk 12-tunnine p\u00fcsivus.<\/li>\n<\/ul>\n<p>\ud83c\uddf7\ud83c\uddfa KIKO Milano \u0421\u0442\u043e\u0439\u043a\u0438\u0439 \u043a\u0430\u0440\u0430\u043d\u0434\u0430\u0448 \u0434\u043b\u044f \u0433\u0443\u0431 (04 Dainty Mauve)<\/p>\n<ul>\n<li>\u0423\u0432\u0435\u043b\u0438\u0447\u0438\u0432\u0430\u0435\u0442 \u0441\u0442\u043e\u0439\u043a\u043e\u0441\u0442\u044c \u043f\u043e\u043c\u0430\u0434\u044b \u0438 \u0441\u043d\u0438\u0436\u0430\u0435\u0442 \u0440\u0438\u0441\u043a \u0440\u0430\u0437\u043c\u0430\u0437\u044b\u0432\u0430\u043d\u0438\u044f;<\/li>\n<li>\u0418\u043c\u0435\u0435\u0442 \u0432\u044b\u0441\u043e\u043a\u043e\u043f\u0438\u0433\u043c\u0435\u043d\u0442\u0438\u0440\u043e\u0432\u0430\u043d\u043d\u0443\u044e \u0444\u043e\u0440\u043c\u0443\u043b\u0443, \u043a\u0440\u0435\u043c\u043e\u0432\u0443\u044e \u0442\u0435\u043a\u0441\u0442\u0443\u0440\u0443 \u0438 \u043f\u043b\u0430\u0432\u043d\u043e \u0441\u043a\u043e\u043b\u044c\u0437\u0438\u0442 \u043f\u043e \u0433\u0443\u0431\u0430\u043c;<\/li>\n<li>\u0418\u043c\u0435\u0435\u0442 \u0434\u043b\u0438\u0442\u0435\u043b\u044c\u043d\u0443\u044e 12-\u0447\u0430\u0441\u043e\u0432\u0443\u044e \u0444\u0438\u043a\u0441\u0430\u0446\u0438\u044e.<\/li>\n<\/ul>\n<p>\ud83c\uddfa\ud83c\uddf8 KIKO Milano Charming Escape <span id=\"productTitle\" class=\"a-size-large product-title-word-break\">Long Lasting Lip Liner (04 Dainty Mauve)<\/span><\/p>\n<ul>\n<li>It improves the hold of lipstick and reduces the risk of smudges;<\/li>\n<li>It has a highly pigmented formula, a creamy consistency and glides smoothly onto the lips;<\/li>\n<li>It has a long-lasting 12-hour hold.<\/li>\n<\/ul>\n","protected":false},"featured_media":14087,"template":"","meta":{"jetpack_publicize_message":"","jetpack_publicize_feature_enabled":true,"jetpack_social_post_already_shared":false,"jetpack_social_options":{"image_generator_settings":{"template":"highway","default_image_id":0,"font":"","enabled":false},"version":2}},"product_brand":[],"product_cat":[340,631],"product_tag":[],"class_list":{"0":"post-14086","1":"product","2":"type-product","3":"status-publish","4":"has-post-thumbnail","6":"product_cat-kiko-milano","7":"product_cat-sale","9":"first","10":"outofstock","11":"sale","12":"shipping-taxable","13":"purchasable","14":"product-type-simple"},"jetpack_publicize_connections":[],"jetpack_sharing_enabled":true,"jetpack_likes_enabled":true,"_links":{"self":[{"href":"https:\/\/superstore.ee\/index.php\/wp-json\/wp\/v2\/product\/14086","targetHints":{"allow":["GET"]}}],"collection":[{"href":"https:\/\/superstore.ee\/index.php\/wp-json\/wp\/v2\/product"}],"about":[{"href":"https:\/\/superstore.ee\/index.php\/wp-json\/wp\/v2\/types\/product"}],"wp:featuredmedia":[{"embeddable":true,"href":"https:\/\/superstore.ee\/index.php\/wp-json\/wp\/v2\/media\/14087"}],"wp:attachment":[{"href":"https:\/\/superstore.ee\/index.php\/wp-json\/wp\/v2\/media?parent=14086"}],"wp:term":[{"taxonomy":"product_brand","embeddable":true,"href":"https:\/\/superstore.ee\/index.php\/wp-json\/wp\/v2\/product_brand?post=14086"},{"taxonomy":"product_cat","embeddable":true,"href":"https:\/\/superstore.ee\/index.php\/wp-json\/wp\/v2\/product_cat?post=14086"},{"taxonomy":"product_tag","embeddable":true,"href":"https:\/\/superstore.ee\/index.php\/wp-json\/wp\/v2\/product_tag?post=14086"}],"curies":[{"name":"wp","href":"https:\/\/api.w.org\/{rel}","templated":true}]}}