{"id":14093,"date":"2023-12-22T15:37:18","date_gmt":"2023-12-22T13:37:18","guid":{"rendered":"https:\/\/superstore.ee\/?post_type=product&#038;p=14093"},"modified":"2024-06-04T14:39:16","modified_gmt":"2024-06-04T12:39:16","slug":"silmade-kinkekomplekt-kiko-milano-holiday-premier-black-duo-eyes-gift-set","status":"publish","type":"product","link":"https:\/\/superstore.ee\/index.php\/toode\/silmade-kinkekomplekt-kiko-milano-holiday-premier-black-duo-eyes-gift-set\/","title":{"rendered":"Silmade kinkekomplekt KIKO Milano\u00a0Holiday Premier Black Duo Eyes Gift Set"},"content":{"rendered":"","protected":false},"excerpt":{"rendered":"<div class=\"ProductDetails__Name visible-md\">\n<div role=\"heading\" data-size=\"medium\">\n<div class=\"woocommerce-product-details__short-description\">\n<p>\ud83c\uddea\ud83c\uddea Silmade kinkekomplekt KIKO Milano, mis sisaldab ripsmetu\u0161\u0161i ja musta silmapliiatsit.<\/p>\n<p>Kinkekomplekt sisaldab:<\/p>\n<ul>\n<li>1 x Silmapliiats\u00a0<strong>Lasting Precision Eyeliner &amp; Khol 16.<\/strong>\u00a0Automaatne must silmapliiats nii sise- kui ka v\u00e4limisele silmalaule. See loob intensiivsed, p\u00fcsivad, sirged ja selged jooned. Sisseehitatud aplikaator h\u00f5lbustab joone intensiivsuse kontrolli.<\/li>\n<li>1 x Ripsmetu\u0161\u0161 <strong>24h Long Lasting &amp; Panoramic Volume Mascara<\/strong> Kauap\u00fcsiv 24-tunnine* ripsmetu\u0161\u0161, mis annab vol\u00fc\u00fcmi ja r\u00f5hutab ripsmeid. Vedela ja elastse tekstuuriga, mis ei j\u00e4ta t\u00fckke, on see tu\u0161\u0161 lihtne kanda ripsmete kogu pikkusele t\u00e4nu kiududest harjale.<\/li>\n<li>1 x <b>kosmeetikakott<\/b><\/li>\n<\/ul>\n<\/div>\n<div class=\"woocommerce-product-details__short-description\">\n<p>\ud83c\uddf7\ud83c\uddfa \u041a\u043e\u043c\u043f\u043b\u0435\u043a\u0442 \u043f\u043e\u0434\u0430\u0440\u043e\u0447\u043d\u044b\u0439 \u0434\u043b\u044f \u0433\u043b\u0430\u0437 \u0432 \u0441\u0442\u0438\u043b\u044c\u043d\u043e\u0439 \u043a\u043e\u0441\u043c\u0435\u0442\u0438\u0447\u043a\u0435\u00a0 \u0442\u0443\u0448\u044c\u044e \u0434\u043b\u044f \u0440\u0435\u0441\u043d\u0438\u0446 \u0438 \u0447\u0435\u0440\u043d\u044b\u043c \u043a\u0430\u0440\u0430\u043d\u0434\u0430\u0448\u043e\u043c \u0434\u043b\u044f \u0433\u043b\u0430\u0437.<\/p>\n<p>\u0412 \u043f\u043e\u0434\u0430\u0440\u043e\u0447\u043d\u043e\u043c \u043d\u0430\u0431\u043e\u0440\u0435:<\/p>\n<ul>\n<li>1 x \u0422\u0443\u0448\u044c \u0434\u043b\u044f \u0440\u0435\u0441\u043d\u0438\u0446<strong> 24h Long Lasting &amp; Panoramic Volume Mascara<\/strong> \u0421\u0442\u043e\u0439\u043a\u0430\u044f 24-\u0447\u0430\u0441\u043e\u0432\u0430\u044f* \u0442\u0443\u0448\u044c \u0434\u043b\u044f \u043e\u0431\u044a\u0435\u043c\u0430 \u0438 \u0432\u044b\u0434\u0435\u043b\u0435\u043d\u0438\u044f \u0440\u0435\u0441\u043d\u0438\u0446. \u0421 \u0436\u0438\u0434\u043a\u043e\u0439 \u0438 \u044d\u043b\u0430\u0441\u0442\u0438\u0447\u043d\u043e\u0439 \u0442\u0435\u043a\u0441\u0442\u0443\u0440\u043e\u0439, \u043d\u0435 \u043e\u0441\u0442\u0430\u0432\u043b\u044f\u044e\u0449\u0435\u0439 \u043a\u043e\u043c\u043a\u043e\u0432, \u044d\u0442\u0430 \u0442\u0443\u0448\u044c \u043b\u0435\u0433\u043a\u043e \u043d\u0430\u043d\u043e\u0441\u0438\u0442\u0441\u044f \u043f\u043e \u0432\u0441\u0435\u0439 \u0434\u043b\u0438\u043d\u0435 \u0440\u0435\u0441\u043d\u0438\u0446 \u0431\u043b\u0430\u0433\u043e\u0434\u0430\u0440\u044f \u0449\u0435\u0442\u043e\u0447\u043a\u0435 \u0438\u0437 \u0432\u043e\u043b\u043e\u043a\u043e\u043d.<\/li>\n<li>1 x \u0410\u0432\u0442\u043e\u043c\u0430\u0442\u0438\u0447\u0435\u0441\u043a\u0438\u0439 \u043a\u0430\u0440\u0430\u043d\u0434\u0430\u0448 \u043a\u0430\u0440\u0430\u043d\u0434\u0430\u0448 \u0434\u043b\u044f \u0432\u043d\u0443\u0442\u0440\u0435\u043d\u043d\u0435\u0433\u043e \u0438 \u0432\u043d\u0435\u0448\u043d\u0435\u0433\u043e \u0443\u0433\u043e\u043b\u043a\u0430 \u0433\u043b\u0430\u0437\u0430 <strong>Lasting Precision Automatic Eyeliner And Kh\u00f4l 16<\/strong>. \u0415\u0433\u043e \u043c\u044f\u0433\u043a\u0430\u044f \u0442\u0435\u043a\u0441\u0442\u0443\u0440\u0430 \u043b\u0435\u0433\u043a\u043e \u0441\u043a\u043e\u043b\u044c\u0437\u0438\u0442 \u043f\u043e \u043a\u043e\u0436\u0435, \u043e\u0431\u0435\u0441\u043f\u0435\u0447\u0438\u0432\u0430\u044f \u0438\u043d\u0442\u0435\u043d\u0441\u0438\u0432\u043d\u044b\u0439, \u043c\u0433\u043d\u043e\u0432\u0435\u043d\u043d\u044b\u0439 \u0446\u0432\u0435\u0442 \u0438 \u043b\u0435\u0433\u043a\u043e \u0440\u0430\u0441\u0442\u0443\u0448\u0435\u0432\u044b\u0432\u0430\u0435\u0442\u0441\u044f \u0431\u043b\u0430\u0433\u043e\u0434\u0430\u0440\u044f \u0432\u0441\u0442\u0440\u043e\u0435\u043d\u043d\u043e\u043c\u0443 \u0430\u043f\u043f\u043b\u0438\u043a\u0430\u0442\u043e\u0440\u0443.<\/li>\n<li>1 x \u041f\u0440\u0430\u043a\u0442\u0438\u0447\u043d\u0430\u044f \u0438 \u044d\u043b\u0435\u0433\u0430\u043d\u0442\u043d\u0430\u044f \u043a\u043e\u0441\u043c\u0435\u0442\u0438\u0447\u043a\u0430<\/li>\n<\/ul>\n<p>\ud83c\uddfa\ud83c\uddf8 KIKO Milano HOLIDAY PREMI\u00c8RE BLACK DUO EYES GIFT SET<\/p>\n<p>Eye gift set in a stylish pouch with a panoramic volume-enhancing mascara and a black eye pencil.<\/p>\n<p>The gift set contains:<\/p>\n<ul>\n<li><strong>1 x 24h Long Lasting &amp; Panoramic Volume Mascara<\/strong><br \/>\nLong-lasting 24-hour* volumising and defining mascara. With a fluid and elastic texture that leaves no clumps, this mascara is buildable and easy to apply along the full length of the lashes thanks to its fibre brush.<\/li>\n<li><strong>1 x Lasting Precision Automatic Eyeliner And Kh\u00f4l 16<\/strong><br \/>\nAn automatic eye pencil for the inner and outer eye. Its soft texture glides onto the skin, offering intense, instant colour and blending with ease thanks to the built-in applicator.<\/li>\n<li>1 x <strong>Make-up and accessories pouch<\/strong><\/li>\n<\/ul>\n<\/div>\n<\/div>\n<\/div>\n","protected":false},"featured_media":14094,"template":"","meta":{"jetpack_publicize_message":"","jetpack_publicize_feature_enabled":true,"jetpack_social_post_already_shared":false,"jetpack_social_options":{"image_generator_settings":{"template":"highway","default_image_id":0,"font":"","enabled":false},"version":2}},"product_brand":[],"product_cat":[340],"product_tag":[],"class_list":{"0":"post-14093","1":"product","2":"type-product","3":"status-publish","4":"has-post-thumbnail","6":"product_cat-kiko-milano","8":"first","9":"outofstock","10":"shipping-taxable","11":"purchasable","12":"product-type-simple"},"jetpack_publicize_connections":[],"jetpack_sharing_enabled":true,"jetpack_likes_enabled":true,"_links":{"self":[{"href":"https:\/\/superstore.ee\/index.php\/wp-json\/wp\/v2\/product\/14093","targetHints":{"allow":["GET"]}}],"collection":[{"href":"https:\/\/superstore.ee\/index.php\/wp-json\/wp\/v2\/product"}],"about":[{"href":"https:\/\/superstore.ee\/index.php\/wp-json\/wp\/v2\/types\/product"}],"wp:featuredmedia":[{"embeddable":true,"href":"https:\/\/superstore.ee\/index.php\/wp-json\/wp\/v2\/media\/14094"}],"wp:attachment":[{"href":"https:\/\/superstore.ee\/index.php\/wp-json\/wp\/v2\/media?parent=14093"}],"wp:term":[{"taxonomy":"product_brand","embeddable":true,"href":"https:\/\/superstore.ee\/index.php\/wp-json\/wp\/v2\/product_brand?post=14093"},{"taxonomy":"product_cat","embeddable":true,"href":"https:\/\/superstore.ee\/index.php\/wp-json\/wp\/v2\/product_cat?post=14093"},{"taxonomy":"product_tag","embeddable":true,"href":"https:\/\/superstore.ee\/index.php\/wp-json\/wp\/v2\/product_tag?post=14093"}],"curies":[{"name":"wp","href":"https:\/\/api.w.org\/{rel}","templated":true}]}}