{"id":14121,"date":"2023-12-23T15:30:26","date_gmt":"2023-12-23T13:30:26","guid":{"rendered":"https:\/\/superstore.ee\/?post_type=product&#038;p=14121"},"modified":"2025-03-15T20:34:13","modified_gmt":"2025-03-15T18:34:13","slug":"lauvarv-metallilise-efektiga-kiko-milano-charming-escape-stardust-metallic-eyeshadow","status":"publish","type":"product","link":"https:\/\/superstore.ee\/index.php\/toode\/lauvarv-metallilise-efektiga-kiko-milano-charming-escape-stardust-metallic-eyeshadow\/","title":{"rendered":"Lauv\u00e4rv metallilise efektiga KIKO Milano Charming Escape Stardust Metallic Eyeshadow"},"content":{"rendered":"","protected":false},"excerpt":{"rendered":"<p>\ud83c\uddea\ud83c\uddea Lauv\u00e4rv metallilise efekti ja intensiivse v\u00e4rvusega KIKO Milano<\/p>\n<ul>\n<li>On rikastatud peegeldavate p\u00e4rlitega, mis t\u00e4iustavad teie pilku imeliselt s\u00e4deleva ja mitmem\u00f5\u00f5tmelise efektiga<\/li>\n<li>Sensoorne ja kaalutu tekstuur on puudutamisel siidine ja kleepub ideaalselt silmalaule<\/li>\n<li>On lihtne peale kanda ja segada<\/li>\n<li>Sellel on rikkalik ja intensiivne v\u00e4rvieraldus<\/li>\n<\/ul>\n<p>\ud83c\uddf7\ud83c\uddfa KIKO Milano \u041c\u0435\u0442\u0430\u043b\u043b\u0438\u0447\u0435\u0441\u043a\u0438\u0435 \u0442\u0435\u043d\u0438 \u0434\u043b\u044f \u0432\u0435\u043a \u0441 \u043d\u0430\u0441\u044b\u0449\u0435\u043d\u043d\u044b\u043c, \u0438\u043d\u0442\u0435\u043d\u0441\u0438\u0432\u043d\u044b\u043c \u0446\u0432\u0435\u0442\u043e\u043c<\/p>\n<ul>\n<li>\u041e\u0431\u043e\u0433\u0430\u0449\u0435\u043d\u044b \u0441\u0432\u0435\u0442\u043e\u043e\u0442\u0440\u0430\u0436\u0430\u044e\u0449\u0438\u043c\u0438 \u0436\u0435\u043c\u0447\u0443\u0436\u0438\u043d\u0430\u043c\u0438, \u043a\u043e\u0442\u043e\u0440\u044b\u0435 \u043f\u0440\u0438\u0434\u0430\u044e\u0442 \u0432\u0430\u0448\u0435\u043c\u0443 \u0432\u0437\u0433\u043b\u044f\u0434\u0443 \u0447\u0443\u0434\u0435\u0441\u043d\u044b\u0439 \u0441\u0432\u0435\u0440\u043a\u0430\u044e\u0449\u0438\u0439 \u043c\u043d\u043e\u0433\u043e\u043c\u0435\u0440\u043d\u044b\u0439 \u044d\u0444\u0444\u0435\u043a\u0442<\/li>\n<li>\u0427\u0443\u0432\u0441\u0442\u0432\u0435\u043d\u043d\u0430\u044f \u0438 \u043d\u0435\u0432\u0435\u0441\u043e\u043c\u0430\u044f \u0442\u0435\u043a\u0441\u0442\u0443\u0440\u0430 \u0448\u0435\u043b\u043a\u043e\u0432\u0438\u0441\u0442\u0430\u044f \u043d\u0430 \u043e\u0449\u0443\u043f\u044c \u0438 \u0438\u0434\u0435\u0430\u043b\u044c\u043d\u043e \u043f\u0440\u0438\u043b\u0435\u0433\u0430\u0435\u0442 \u043a \u0432\u0435\u043a\u0443<\/li>\n<li>\u041b\u0435\u0433\u043a\u043e \u043d\u0430\u043d\u043e\u0441\u044f\u0442\u0441\u044f \u0438 \u0440\u0430\u0441\u0442\u0443\u0448\u0435\u0432\u044b\u0432\u0430\u044e\u0442\u0441\u044f<\/li>\n<li>\u0418\u043c\u0435\u044e\u0442 \u043d\u0430\u0441\u044b\u0449\u0435\u043d\u043d\u044b\u0439 \u0438 \u0438\u043d\u0442\u0435\u043d\u0441\u0438\u0432\u043d\u044b\u0439 \u0446\u0432\u0435\u0442<\/li>\n<\/ul>\n<div class=\"flex flex-grow flex-col gap-3 max-w-full\">\n<div class=\"min-h-[20px] flex flex-col items-start gap-3 whitespace-pre-wrap break-words overflow-x-auto\">\n<div class=\"markdown prose w-full break-words dark:prose-invert light\"><\/div>\n<\/div>\n<\/div>\n<p>\ud83c\uddfa\ud83c\uddf8 KIKO Milano Charming Escape Stardust Metallic Eyeshadow with rich, intense colour payoff<\/p>\n<ul>\n<li>It\u2019s enriched with reflective pearls which enhance your gaze with a wonderfully sparkling, multi-dimensional effect<\/li>\n<li>Sensorial and weightless texture is silky to the touch and adheres perfectly to the eyelid<\/li>\n<li>Is easy to apply and blend<\/li>\n<li>Has a rich and intense colour release<\/li>\n<\/ul>\n","protected":false},"featured_media":14430,"template":"","meta":{"jetpack_publicize_message":"","jetpack_publicize_feature_enabled":true,"jetpack_social_post_already_shared":false,"jetpack_social_options":{"image_generator_settings":{"template":"highway","default_image_id":0,"font":"","enabled":false},"version":2}},"product_brand":[],"product_cat":[340,631,912],"product_tag":[],"class_list":{"0":"post-14121","1":"product","2":"type-product","3":"status-publish","4":"has-post-thumbnail","6":"product_cat-kiko-milano","7":"product_cat-sale","8":"product_cat-nahahooldus","9":"pa_varv-01-golden-hill","10":"pa_varv-02-coral-sunset","11":"pa_varv-03-wild-mauve","12":"pa_varv-04-magenta-grapes","13":"pa_varv-05-green-sage","14":"pa_varv-06-brown-wood","16":"first","17":"outofstock","18":"sale","19":"shipping-taxable","20":"product-type-variable"},"jetpack_publicize_connections":[],"jetpack_sharing_enabled":true,"jetpack_likes_enabled":true,"_links":{"self":[{"href":"https:\/\/superstore.ee\/index.php\/wp-json\/wp\/v2\/product\/14121","targetHints":{"allow":["GET"]}}],"collection":[{"href":"https:\/\/superstore.ee\/index.php\/wp-json\/wp\/v2\/product"}],"about":[{"href":"https:\/\/superstore.ee\/index.php\/wp-json\/wp\/v2\/types\/product"}],"wp:featuredmedia":[{"embeddable":true,"href":"https:\/\/superstore.ee\/index.php\/wp-json\/wp\/v2\/media\/14430"}],"wp:attachment":[{"href":"https:\/\/superstore.ee\/index.php\/wp-json\/wp\/v2\/media?parent=14121"}],"wp:term":[{"taxonomy":"product_brand","embeddable":true,"href":"https:\/\/superstore.ee\/index.php\/wp-json\/wp\/v2\/product_brand?post=14121"},{"taxonomy":"product_cat","embeddable":true,"href":"https:\/\/superstore.ee\/index.php\/wp-json\/wp\/v2\/product_cat?post=14121"},{"taxonomy":"product_tag","embeddable":true,"href":"https:\/\/superstore.ee\/index.php\/wp-json\/wp\/v2\/product_tag?post=14121"}],"curies":[{"name":"wp","href":"https:\/\/api.w.org\/{rel}","templated":true}]}}