{"id":14211,"date":"2023-12-24T23:34:46","date_gmt":"2023-12-24T21:34:46","guid":{"rendered":"https:\/\/superstore.ee\/?post_type=product&#038;p=14211"},"modified":"2025-04-12T16:32:24","modified_gmt":"2025-04-12T13:32:24","slug":"parlmutter-lauvarvi-alus-kiko-milano-pearly-eye-base","status":"publish","type":"product","link":"https:\/\/superstore.ee\/index.php\/toode\/parlmutter-lauvarvi-alus-kiko-milano-pearly-eye-base\/","title":{"rendered":"P\u00e4rlmutter lauv\u00e4rvi alus KIKO Milano Pearly Eye Base"},"content":{"rendered":"","protected":false},"excerpt":{"rendered":"<p>\ud83c\uddea\ud83c\uddea P\u00e4rlmutter lauv\u00e4rvi alus KIKO Milano<\/p>\n<ul>\n<li>S\u00e4ra andev lauv\u00e4rvi alus parandab lauv\u00e4rvi p\u00fcsivust ja suurendab selle v\u00e4rvi<\/li>\n<li>Valem on rikastatud looduslike rooside ekstraktide ja pigmentidega, mis neutraliseerivad silmalaugude tooni<\/li>\n<li>Tekstuur on siidine ja j\u00e4tab v\u00e4rskendava jaheduse tunde<\/li>\n<li>Katvus on kerge ja tundub \u00fclipeen<\/li>\n<\/ul>\n<p>\ud83c\uddf7\ud83c\uddfa \u041f\u0435\u0440\u043b\u0430\u043c\u0443\u0442\u0440\u043e\u0432\u0430\u044f \u043e\u0441\u043d\u043e\u0432\u0430 \u043f\u043e\u0434 \u0442\u0435\u043d\u0438 \u0434\u043b\u044f \u0432\u0435\u043a KIKO Milano<\/p>\n<ul>\n<li>\u041e\u0441\u0432\u0435\u0442\u043b\u044f\u044e\u0449\u0430\u044f \u043e\u0441\u043d\u043e\u0432\u0430 \u043f\u043e\u0434 \u0442\u0435\u043d\u0438 \u0434\u043b\u044f \u0432\u0435\u043a \u0443\u043b\u0443\u0447\u0448\u0430\u0435\u0442 \u0444\u0438\u043a\u0441\u0430\u0446\u0438\u044e \u0438 \u0443\u0441\u0438\u043b\u0438\u0432\u0430\u0435\u0442 \u0446\u0432\u0435\u0442 \u0442\u0435\u043d\u0435\u0439<\/li>\n<li>\u0424\u043e\u0440\u043c\u0443\u043b\u0430 \u043e\u0431\u043e\u0433\u0430\u0449\u0435\u043d\u0430 \u044d\u043a\u0441\u0442\u0440\u0430\u043a\u0442\u0430\u043c\u0438 \u0448\u0438\u043f\u043e\u0432\u043d\u0438\u043a\u0430 \u0438 \u043f\u0438\u0433\u043c\u0435\u043d\u0442\u0430\u043c\u0438, \u043d\u0435\u0439\u0442\u0440\u0430\u043b\u0438\u0437\u0443\u044e\u0449\u0438\u043c\u0438 \u0442\u043e\u043d \u0432\u0435\u043a<\/li>\n<li>\u0422\u0435\u043a\u0441\u0442\u0443\u0440\u0430 \u0448\u0435\u043b\u043a\u043e\u0432\u0438\u0441\u0442\u0430\u044f \u0438 \u043e\u0441\u0442\u0430\u0432\u043b\u044f\u0435\u0442 \u043e\u0449\u0443\u0449\u0435\u043d\u0438\u0435 \u043e\u0441\u0432\u0435\u0436\u0430\u044e\u0449\u0435\u0439 \u043f\u0440\u043e\u0445\u043b\u0430\u0434\u044b<\/li>\n<li>\u041f\u043e\u043a\u0440\u044b\u0442\u0438\u0435 \u043b\u0435\u0433\u043a\u043e\u0435 \u0438 \u043e\u0447\u0435\u043d\u044c \u0442\u043e\u043d\u043a\u043e\u0435 \u043d\u0430 \u043e\u0449\u0443\u043f\u044c<\/li>\n<\/ul>\n<p>\ud83c\uddfa\ud83c\uddf8 KIKO Milano Pearly Eye Base<\/p>\n<ul>\n<li>Brightening eyeshadow base improves the hold and enhances the colour of your eyeshadow<\/li>\n<li>The formula is enriched with wild rose extracts and pigments that neutralize the eyelids\u2019 tone<\/li>\n<li>The texture is silky and feels refreshingly cool<\/li>\n<li>The coverage is light and it feels ultra-fine<\/li>\n<\/ul>\n","protected":false},"featured_media":14354,"template":"","meta":{"jetpack_publicize_message":"","jetpack_publicize_feature_enabled":true,"jetpack_social_post_already_shared":false,"jetpack_social_options":{"image_generator_settings":{"template":"highway","default_image_id":0,"font":"","enabled":false},"version":2}},"product_brand":[],"product_cat":[973,340,967,631,975,912,964,974,982],"product_tag":[],"class_list":{"0":"post-14211","1":"product","2":"type-product","3":"status-publish","4":"has-post-thumbnail","6":"product_cat-makeup","7":"product_cat-kiko-milano","8":"product_cat-creams-and-serums","9":"product_cat-sale","10":"product_cat-primer","11":"product_cat-nahahooldus","12":"product_cat-face-care","13":"product_cat-face","14":"product_cat-eyes","15":"pa_varv-01-blackhaired","16":"pa_varv-02-dark-chestnut","17":"pa_varv-03-auburn-and-redheads","18":"pa_varv-04-light-chestnut-and-blonds","19":"pa_varv-05-brunettes","20":"pa_varv-06-auburn","22":"first","23":"outofstock","24":"sale","25":"shipping-taxable","26":"purchasable","27":"product-type-simple"},"jetpack_publicize_connections":[],"jetpack_sharing_enabled":true,"jetpack_likes_enabled":true,"_links":{"self":[{"href":"https:\/\/superstore.ee\/index.php\/wp-json\/wp\/v2\/product\/14211","targetHints":{"allow":["GET"]}}],"collection":[{"href":"https:\/\/superstore.ee\/index.php\/wp-json\/wp\/v2\/product"}],"about":[{"href":"https:\/\/superstore.ee\/index.php\/wp-json\/wp\/v2\/types\/product"}],"wp:featuredmedia":[{"embeddable":true,"href":"https:\/\/superstore.ee\/index.php\/wp-json\/wp\/v2\/media\/14354"}],"wp:attachment":[{"href":"https:\/\/superstore.ee\/index.php\/wp-json\/wp\/v2\/media?parent=14211"}],"wp:term":[{"taxonomy":"product_brand","embeddable":true,"href":"https:\/\/superstore.ee\/index.php\/wp-json\/wp\/v2\/product_brand?post=14211"},{"taxonomy":"product_cat","embeddable":true,"href":"https:\/\/superstore.ee\/index.php\/wp-json\/wp\/v2\/product_cat?post=14211"},{"taxonomy":"product_tag","embeddable":true,"href":"https:\/\/superstore.ee\/index.php\/wp-json\/wp\/v2\/product_tag?post=14211"}],"curies":[{"name":"wp","href":"https:\/\/api.w.org\/{rel}","templated":true}]}}