{"id":14325,"date":"2023-12-30T23:04:54","date_gmt":"2023-12-30T21:04:54","guid":{"rendered":"https:\/\/superstore.ee\/?post_type=product&#038;p=14325"},"modified":"2024-09-16T20:23:41","modified_gmt":"2024-09-16T17:23:41","slug":"nao-palett-kiko-milano-blue-me-complete-look-face-palette","status":"publish","type":"product","link":"https:\/\/superstore.ee\/index.php\/toode\/nao-palett-kiko-milano-blue-me-complete-look-face-palette\/","title":{"rendered":"N\u00e4o palett KIKO Milano Blue Me Complete Look Face Palette"},"content":{"rendered":"","protected":false},"excerpt":{"rendered":"<div class=\"ProductDetails__Name visible-md\">\n<div role=\"heading\" data-size=\"medium\">\n<div class=\"woocommerce-product-details__short-description\">\n<p>\ud83c\uddea\ud83c\uddea N\u00e4o palett KIKO Milano<\/p>\n<ul>\n<li>Sisaldab matti pronksjat, matti- ja p\u00e4rlp\u00f5sepuna, highlighterit ja l\u00e4bipaistvat h\u00fcaluroonhappega infundeeritud fikseerivat puudrit<\/li>\n<li>94% looduslike koostisosadega vegan koostised on rikastatud s\u00e4\u00e4stvalt toodetud mooruspuulehtede, p\u00e4evalille\u00f5li ja saflooriseemnetega<\/li>\n<li>Tekstuurid on sametise puudutusega, v\u00e4ga pigmenteerunud ja kleepuvad tihedalt nahale<\/li>\n<\/ul>\n<p>\ud83c\uddf7\ud83c\uddfa \u041f\u0430\u043b\u0435\u0442\u043a\u0430 \u0434\u043b\u044f \u043b\u0438\u0446\u0430 KIKO Milano<\/p>\n<ul>\n<li>\u0421\u043e\u0434\u0435\u0440\u0436\u0438\u0442 \u043c\u0430\u0442\u043e\u0432\u044b\u0439 \u0431\u0440\u043e\u043d\u0437\u0435\u0440, \u043c\u0430\u0442\u043e\u0432\u044b\u0435 \u0440\u0443\u043c\u044f\u043d\u0430 \u0438 \u0436\u0435\u043c\u0447\u0443\u0436\u043d\u044b\u0435 \u0440\u0443\u043c\u044f\u043d\u0430, \u0445\u0430\u0439\u043b\u0430\u0439\u0442\u0435\u0440 \u0438 \u043f\u0440\u043e\u0437\u0440\u0430\u0447\u043d\u0443\u044e \u0444\u0438\u043a\u0441\u0438\u0440\u0443\u044e\u0449\u0443\u044e \u043f\u0443\u0434\u0440\u0443 \u0441 \u0433\u0438\u0430\u043b\u0443\u0440\u043e\u043d\u043e\u0432\u043e\u0439 \u043a\u0438\u0441\u043b\u043e\u0442\u043e\u0439<\/li>\n<li>\u0412\u0435\u0433\u0430\u043d\u0441\u043a\u0438\u0435 \u0444\u043e\u0440\u043c\u0443\u043b\u044b \u043f\u0440\u043e\u0434\u0443\u043a\u0442\u0430, \u043d\u0430 94% \u0441\u043e\u0441\u0442\u043e\u044f\u0449\u0438\u0435 \u0438\u0437 \u043d\u0430\u0442\u0443\u0440\u0430\u043b\u044c\u043d\u044b\u0445 \u0438\u043d\u0433\u0440\u0435\u0434\u0438\u0435\u043d\u0442\u043e\u0432, \u043f\u0440\u043e\u0438\u0437\u0432\u0435\u0434\u0435\u043d\u043d\u044b\u0445 \u044d\u043a\u043e\u043b\u043e\u0433\u0438\u0447\u0435\u0441\u043a\u0438 \u0431\u0435\u0437\u043e\u043f\u0430\u0441\u043d\u044b\u043c \u0441\u043f\u043e\u0441\u043e\u0431\u043e\u043c, \u043e\u0431\u043e\u0433\u0430\u0449\u0435\u043d\u044b \u043b\u0438\u0441\u0442\u044c\u044f\u043c\u0438 \u0448\u0435\u043b\u043a\u043e\u0432\u0438\u0446\u044b, \u043f\u043e\u0434\u0441\u043e\u043b\u043d\u0435\u0447\u043d\u044b\u043c \u043c\u0430\u0441\u043b\u043e\u043c \u0438 \u0441\u0435\u043c\u0435\u043d\u0430\u043c\u0438 \u0441\u0430\u0444\u043b\u043e\u0440\u0430<\/li>\n<li>\u0422\u0435\u043a\u0441\u0442\u0443\u0440\u044b \u0431\u0430\u0440\u0445\u0430\u0442\u0438\u0441\u0442\u044b\u0435 \u043d\u0430 \u043e\u0449\u0443\u043f\u044c, \u0432\u044b\u0441\u043e\u043a\u043e\u043f\u0438\u0433\u043c\u0435\u043d\u0442\u0438\u0440\u043e\u0432\u0430\u043d\u043d\u044b\u0435 \u0438 \u043f\u043b\u043e\u0442\u043d\u043e \u043f\u0440\u0438\u043b\u0435\u0433\u0430\u044e\u0442 \u043a \u043a\u043e\u0436\u0435<\/li>\n<\/ul>\n<\/div>\n<div class=\"woocommerce-product-details__short-description\">\n<p>\ud83c\uddfa\ud83c\uddf8 KIKO Milano Blue Me Complete Look Face Palette<\/p>\n<ul>\n<li>Contains a matte bronzer, a matte blush and a pearl blush, a highlighter and a sheer fixing powder infused with hyaluronic acid<\/li>\n<li>Vegan formulas with 94% natural ingredients are enriched with sustainably produced mulberry leaves, sunflower oil and safflower seeds<\/li>\n<li>The textures are with a velvety touch, highly pigmented and adherent on the skin<\/li>\n<\/ul>\n<\/div>\n<\/div>\n<\/div>\n","protected":false},"featured_media":14161,"template":"","meta":{"jetpack_publicize_message":"","jetpack_publicize_feature_enabled":true,"jetpack_social_post_already_shared":false,"jetpack_social_options":{"image_generator_settings":{"template":"highway","default_image_id":0,"font":"","enabled":false},"version":2}},"product_brand":[],"product_cat":[340],"product_tag":[],"class_list":{"0":"post-14325","1":"product","2":"type-product","3":"status-publish","4":"has-post-thumbnail","6":"product_cat-kiko-milano","8":"first","9":"outofstock","10":"sale","11":"shipping-taxable","12":"purchasable","13":"product-type-simple"},"jetpack_publicize_connections":[],"jetpack_sharing_enabled":true,"jetpack_likes_enabled":true,"_links":{"self":[{"href":"https:\/\/superstore.ee\/index.php\/wp-json\/wp\/v2\/product\/14325","targetHints":{"allow":["GET"]}}],"collection":[{"href":"https:\/\/superstore.ee\/index.php\/wp-json\/wp\/v2\/product"}],"about":[{"href":"https:\/\/superstore.ee\/index.php\/wp-json\/wp\/v2\/types\/product"}],"wp:featuredmedia":[{"embeddable":true,"href":"https:\/\/superstore.ee\/index.php\/wp-json\/wp\/v2\/media\/14161"}],"wp:attachment":[{"href":"https:\/\/superstore.ee\/index.php\/wp-json\/wp\/v2\/media?parent=14325"}],"wp:term":[{"taxonomy":"product_brand","embeddable":true,"href":"https:\/\/superstore.ee\/index.php\/wp-json\/wp\/v2\/product_brand?post=14325"},{"taxonomy":"product_cat","embeddable":true,"href":"https:\/\/superstore.ee\/index.php\/wp-json\/wp\/v2\/product_cat?post=14325"},{"taxonomy":"product_tag","embeddable":true,"href":"https:\/\/superstore.ee\/index.php\/wp-json\/wp\/v2\/product_tag?post=14325"}],"curies":[{"name":"wp","href":"https:\/\/api.w.org\/{rel}","templated":true}]}}