{"id":14381,"date":"2024-01-04T18:37:16","date_gmt":"2024-01-04T16:37:16","guid":{"rendered":"https:\/\/superstore.ee\/?post_type=product&#038;p=14381"},"modified":"2025-04-12T16:31:18","modified_gmt":"2025-04-12T13:31:18","slug":"kontuurpalett-kiko-milano-contour-obsession-palette","status":"publish","type":"product","link":"https:\/\/superstore.ee\/index.php\/toode\/kontuurpalett-kiko-milano-contour-obsession-palette\/","title":{"rendered":"Kontuurpalett KIKO Milano Contour Obsession Palette"},"content":{"rendered":"","protected":false},"excerpt":{"rendered":"<div class=\"ProductDetails__Name visible-md\">\n<div role=\"heading\" data-size=\"medium\">\n<div class=\"woocommerce-product-details__short-description\">\n<p>\ud83c\uddea\ud83c\uddea Kontuurpalett KIKO Milano<\/p>\n<ul>\n<li>N\u00e4opalett 2 kontuuripuudriga ja 1 highlighteriga: t\u00e4iustab kontuurimise abil n\u00e4gu ja selle jooni<\/li>\n<li>Tekstuurid on siidised, pehmed, kergesti segatavad ja v\u00e4ga pigmenteerunud<\/li>\n<li>Palett saldab kahte erinevat tooni kontuurpuudrit, \u00fchte k\u00fclma ja teist sooja, mida v\u00f5ib kasutada eraldi v\u00f5i koos kolmanda tooni loomiseks<\/li>\n<li>Highlighter on metallilise viimistlusega ja sellega saab r\u00f5hutada kohti, kus valgus tabab n\u00e4gu<\/li>\n<\/ul>\n<p>\ud83c\uddf7\ud83c\uddfa \u041f\u0430\u043b\u0435\u0442\u043a\u0430 \u0434\u043b\u044f \u043a\u043e\u043d\u0442\u0443\u0440\u0438\u0440\u043e\u0432\u0430\u043d\u0438\u044f \u043b\u0438\u0446\u0430 KIKO Milano<\/p>\n<ul>\n<li>\u041f\u0430\u043b\u0435\u0442\u043a\u0430 \u0434\u043b\u044f \u043b\u0438\u0446\u0430 \u0441 2 \u043f\u0443\u0434\u0440\u0430\u043c\u0438 \u0434\u043b\u044f \u043a\u043e\u043d\u0442\u0443\u0440\u0438\u0440\u043e\u0432\u0430\u043d\u0438\u044f \u0438 1 \u0445\u0430\u0439\u043b\u0430\u0439\u0442\u0435\u0440\u043e\u043c: \u043f\u043e\u0434\u0447\u0435\u0440\u043a\u0438\u0432\u0430\u0435\u0442 \u043b\u0438\u0446\u043e \u0438 \u0435\u0433\u043e \u0447\u0435\u0440\u0442\u044b<\/li>\n<li>\u0422\u0435\u043a\u0441\u0442\u0443\u0440\u044b \u0448\u0435\u043b\u043a\u043e\u0432\u0438\u0441\u0442\u044b\u0435, \u043c\u044f\u0433\u043a\u0438\u0435, \u043b\u0435\u0433\u043a\u043e \u0440\u0430\u0441\u0442\u0443\u0448\u0435\u0432\u044b\u0432\u0430\u044e\u0442\u0441\u044f \u0438 \u0438\u043c\u0435\u044e\u0442 \u0432\u044b\u0441\u043e\u043a\u0443\u044e \u043f\u0438\u0433\u043c\u0435\u043d\u0442\u0430\u0446\u0438\u044e<\/li>\n<li>\u0421\u043e\u0434\u0435\u0440\u0436\u0438\u0442 \u0434\u0432\u0435 \u043a\u043e\u043d\u0442\u0443\u0440\u043d\u044b\u0435 \u043f\u0443\u0434\u0440\u044b \u0440\u0430\u0437\u043d\u044b\u0445 \u043e\u0442\u0442\u0435\u043d\u043a\u043e\u0432, \u0445\u043e\u043b\u043e\u0434\u043d\u0443\u044e \u0438 \u0442\u0435\u043f\u043b\u0443\u044e, \u043a\u043e\u0442\u043e\u0440\u044b\u0435 \u043c\u043e\u0436\u043d\u043e \u0438\u0441\u043f\u043e\u043b\u044c\u0437\u043e\u0432\u0430\u0442\u044c \u043e\u0442\u0434\u0435\u043b\u044c\u043d\u043e \u0438\u043b\u0438 \u0432 \u0441\u043e\u0447\u0435\u0442\u0430\u043d\u0438\u0438 \u0434\u043b\u044f \u0441\u043e\u0437\u0434\u0430\u043d\u0438\u044f \u0442\u0440\u0435\u0442\u044c\u0435\u0433\u043e \u043e\u0442\u0442\u0435\u043d\u043a\u0430<\/li>\n<li>\u0425\u0430\u0439\u043b\u0430\u0439\u0442\u0435\u0440 \u0438\u043c\u0435\u0435\u0442 \u043c\u0435\u0442\u0430\u043b\u043b\u0438\u0447\u0435\u0441\u043a\u0438\u0439 \u043e\u0442\u0442\u0435\u043d\u043e\u043a \u0438 \u043c\u043e\u0436\u0435\u0442 \u0438\u0441\u043f\u043e\u043b\u044c\u0437\u043e\u0432\u0430\u0442\u044c\u0441\u044f, \u0447\u0442\u043e\u0431\u044b \u043f\u043e\u0434\u0447\u0435\u0440\u043a\u043d\u0443\u0442\u044c \u0442\u0435 \u0442\u043e\u0447\u043a\u0438, \u0433\u0434\u0435 \u0441\u0432\u0435\u0442 \u043f\u0430\u0434\u0430\u0435\u0442 \u043d\u0430 \u043b\u0438\u0446\u043e<\/li>\n<\/ul>\n<\/div>\n<div class=\"woocommerce-product-details__short-description\">\n<p>\ud83c\uddfa\ud83c\uddf8 KIKO Milano Contour Obsession Palette<\/p>\n<ul>\n<li>Face palette with 2 contour powders and 1 highlighter: enhances the face and features with flawless contouring<\/li>\n<li>The textures are silky, soft, easy to blend and highly pigmented<\/li>\n<li>It contains two contour powders in different shades, one cold and one warm, to use separately or in combination for creating a third shade<\/li>\n<li>The highlighter has a metallic finish and can be used to emphasise the points where light hits your face<\/li>\n<\/ul>\n<\/div>\n<\/div>\n<\/div>\n","protected":false},"featured_media":15289,"template":"","meta":{"jetpack_publicize_message":"","jetpack_publicize_feature_enabled":true,"jetpack_social_post_already_shared":false,"jetpack_social_options":{"image_generator_settings":{"template":"highway","default_image_id":0,"font":"","enabled":false},"version":2}},"product_brand":[],"product_cat":[980,973,340,971,978,974],"product_tag":[],"class_list":{"0":"post-14381","1":"product","2":"type-product","3":"status-publish","4":"has-post-thumbnail","6":"product_cat-highlighter","7":"product_cat-makeup","8":"product_cat-kiko-milano","9":"product_cat-sets","10":"product_cat-contouring-and-bronzers","11":"product_cat-face","12":"pa_varv-01-fair","13":"pa_varv-02-medium","14":"pa_varv-03-deep","16":"first","17":"outofstock","18":"sale","19":"shipping-taxable","20":"product-type-variable"},"jetpack_publicize_connections":[],"jetpack_sharing_enabled":true,"jetpack_likes_enabled":true,"_links":{"self":[{"href":"https:\/\/superstore.ee\/index.php\/wp-json\/wp\/v2\/product\/14381","targetHints":{"allow":["GET"]}}],"collection":[{"href":"https:\/\/superstore.ee\/index.php\/wp-json\/wp\/v2\/product"}],"about":[{"href":"https:\/\/superstore.ee\/index.php\/wp-json\/wp\/v2\/types\/product"}],"wp:featuredmedia":[{"embeddable":true,"href":"https:\/\/superstore.ee\/index.php\/wp-json\/wp\/v2\/media\/15289"}],"wp:attachment":[{"href":"https:\/\/superstore.ee\/index.php\/wp-json\/wp\/v2\/media?parent=14381"}],"wp:term":[{"taxonomy":"product_brand","embeddable":true,"href":"https:\/\/superstore.ee\/index.php\/wp-json\/wp\/v2\/product_brand?post=14381"},{"taxonomy":"product_cat","embeddable":true,"href":"https:\/\/superstore.ee\/index.php\/wp-json\/wp\/v2\/product_cat?post=14381"},{"taxonomy":"product_tag","embeddable":true,"href":"https:\/\/superstore.ee\/index.php\/wp-json\/wp\/v2\/product_tag?post=14381"}],"curies":[{"name":"wp","href":"https:\/\/api.w.org\/{rel}","templated":true}]}}