{"id":14552,"date":"2024-01-16T17:22:17","date_gmt":"2024-01-16T15:22:17","guid":{"rendered":"https:\/\/superstore.ee\/?post_type=product&#038;p=14552"},"modified":"2024-01-16T22:03:37","modified_gmt":"2024-01-16T20:03:37","slug":"velvet-kostuum-pluus-puksid-must","status":"publish","type":"product","link":"https:\/\/superstore.ee\/index.php\/toode\/velvet-kostuum-pluus-puksid-must\/","title":{"rendered":"Velvet kost\u00fc\u00fcm pluus + p\u00fcksid (must)"},"content":{"rendered":"","protected":false},"excerpt":{"rendered":"<p><span style=\"font-weight: 400;\">\ud83c\uddea\ud83c\uddea <\/span>Stiilne ja mugav velvet kost\u00fc\u00fcm (pluus + p\u00fcksid). Mikrovelvet on pehme ja meeldiv kangas. Elastne v\u00f6\u00f6 tagab mugava istuvuse. Selline \u00fclikond v\u00f5ib olla suurep\u00e4raseks valikuks erinevateks s\u00fcndmusteks ja igap\u00e4evaseks kandmiseks.<\/p>\n<p>Suurused: 42-44 (XS-S), 46-48 (M-L). P\u00fcksid sobivad 150-170cm pikkusele.<\/p>\n<p>Kangas: mikrovelvet<br \/>\n<span style=\"font-weight: 400;\">V\u00e4rv: must<\/span><\/p>\n<p><span style=\"font-weight: 400;\">\ud83c\uddf7\ud83c\uddfa <\/span>\u0421\u0442\u0438\u043b\u044c\u043d\u044b\u0439 \u0438 \u043a\u043e\u043c\u0444\u043e\u0440\u0442\u043d\u044b\u0439 \u0432\u0435\u043b\u044c\u0432\u0435\u0442\u043e\u0432\u044b\u0439 \u043a\u043e\u0441\u0442\u044e\u043c (\u0440\u0443\u0431\u0430\u0448\u043a\u0430 + \u0448\u0442\u0430\u043d\u044b). \u041c\u0438\u043a\u0440\u043e\u0432\u0435\u043b\u044c\u0432\u0435\u0442 \u2013 \u044d\u0442\u043e \u043c\u044f\u0433\u043a\u0430\u044f \u0438 \u043f\u0440\u0438\u044f\u0442\u043d\u0430\u044f \u043a \u0442\u0435\u043b\u0443 \u0442\u043a\u0430\u043d\u044c. \u0420\u0435\u0437\u0438\u043d\u043a\u0430 \u0432 \u0442\u0430\u043b\u0438\u0438 \u043e\u0431\u0435\u0441\u043f\u0435\u0447\u0438\u0442 \u0443\u0434\u043e\u0431\u043d\u0443\u044e \u043f\u043e\u0441\u0430\u0434\u043a\u0443. \u0422\u0430\u043a\u043e\u0439 \u043a\u043e\u0441\u0442\u044e\u043c \u043c\u043e\u0436\u0435\u0442 \u0431\u044b\u0442\u044c \u043e\u0442\u043b\u0438\u0447\u043d\u044b\u043c \u0432\u044b\u0431\u043e\u0440\u043e\u043c \u0434\u043b\u044f \u0440\u0430\u0437\u043d\u043e\u043e\u0431\u0440\u0430\u0437\u043d\u044b\u0445 \u043c\u0435\u0440\u043e\u043f\u0440\u0438\u044f\u0442\u0438\u0439 \u0438 \u043f\u043e\u0432\u0441\u0435\u0434\u043d\u0435\u0432\u043d\u043e\u0433\u043e \u043d\u043e\u0448\u0435\u043d\u0438\u044f.<\/p>\n<p>\u0420\u0430\u0437\u043c\u0435\u0440\u044b:42-44 (XS-S), 46-48 (M-L). \u0428\u0442\u0430\u043d\u044b \u043f\u043e\u0434\u043e\u0439\u0434\u0443\u0442 \u043d\u0430 \u0440\u043e\u0441\u0442 150-170\u0441\u043c.<\/p>\n<p>\u0422\u043a\u0430\u043d\u044c: \u043c\u0438\u043a\u0440\u043e\u0432\u0435\u043b\u044c\u0432\u0435\u0442<br \/>\n<span style=\"font-weight: 400;\">\u0426\u0432\u0435\u0442: \u0447\u0435\u0440\u043d\u044b\u0439<\/span><\/p>\n","protected":false},"featured_media":12979,"template":"","meta":{"jetpack_publicize_message":"","jetpack_publicize_feature_enabled":true,"jetpack_social_post_already_shared":false,"jetpack_social_options":{"image_generator_settings":{"template":"highway","default_image_id":0,"font":"","enabled":false},"version":2}},"product_brand":[],"product_cat":[15],"product_tag":[],"class_list":{"0":"post-14552","1":"product","2":"type-product","3":"status-publish","4":"has-post-thumbnail","6":"product_cat-maaramata","7":"pa_suurus-42-44","9":"first","10":"outofstock","11":"shipping-taxable","12":"product-type-variable"},"jetpack_publicize_connections":[],"jetpack_sharing_enabled":true,"jetpack_likes_enabled":true,"_links":{"self":[{"href":"https:\/\/superstore.ee\/index.php\/wp-json\/wp\/v2\/product\/14552","targetHints":{"allow":["GET"]}}],"collection":[{"href":"https:\/\/superstore.ee\/index.php\/wp-json\/wp\/v2\/product"}],"about":[{"href":"https:\/\/superstore.ee\/index.php\/wp-json\/wp\/v2\/types\/product"}],"wp:featuredmedia":[{"embeddable":true,"href":"https:\/\/superstore.ee\/index.php\/wp-json\/wp\/v2\/media\/12979"}],"wp:attachment":[{"href":"https:\/\/superstore.ee\/index.php\/wp-json\/wp\/v2\/media?parent=14552"}],"wp:term":[{"taxonomy":"product_brand","embeddable":true,"href":"https:\/\/superstore.ee\/index.php\/wp-json\/wp\/v2\/product_brand?post=14552"},{"taxonomy":"product_cat","embeddable":true,"href":"https:\/\/superstore.ee\/index.php\/wp-json\/wp\/v2\/product_cat?post=14552"},{"taxonomy":"product_tag","embeddable":true,"href":"https:\/\/superstore.ee\/index.php\/wp-json\/wp\/v2\/product_tag?post=14552"}],"curies":[{"name":"wp","href":"https:\/\/api.w.org\/{rel}","templated":true}]}}