{"id":14557,"date":"2024-01-16T21:04:57","date_gmt":"2024-01-16T19:04:57","guid":{"rendered":"https:\/\/superstore.ee\/?post_type=product&#038;p=14557"},"modified":"2024-08-28T15:25:25","modified_gmt":"2024-08-28T12:25:25","slug":"victorias-secret-kehaspreide-komplekt-4tk-x-75ml-mist-best-sellers-set","status":"publish","type":"product","link":"https:\/\/superstore.ee\/index.php\/toode\/victorias-secret-kehaspreide-komplekt-4tk-x-75ml-mist-best-sellers-set\/","title":{"rendered":"Victoria\u2019s Secret Kehaspreide Komplekt (4tk x 75ml) Mist Best-Sellers Set"},"content":{"rendered":"","protected":false},"excerpt":{"rendered":"<p>\ud83c\uddea\ud83c\uddea Victoria\u2019s Secret\u2019i k\u00f5ige populaarsemate kehaspreide komplekt (4tk x 75ml). Komplekt sisaldab:<\/p>\n<ul>\n<li><strong>Love Spell<\/strong> \u2014 T\u00fc\u00fcp: Puuvilja-lilleline, Noodid: kirsi\u00f5ied, v\u00e4rske virsik. V\u00f5imatu vastu panna.<\/li>\n<li><strong>Pure Seduction<\/strong> \u2014 T\u00fc\u00fcp: puuviljane, Noodid: mahlane ploom, \u00f5rn freesia. S\u00e4ra kogu \u00f6\u00f6.<\/li>\n<li><strong>Bare Vanilla<\/strong> \u2014 T\u00fc\u00fcp: magus, Noodid: vahustatud vanilje, pehme ka\u0161miir. Nahk nahale.<\/li>\n<li><strong>Velvet Petals<\/strong> \u2014 T\u00fc\u00fcp: h\u00f5rkjalt puuviljane, magus, puuvilja-lilleline, kreemjas l\u00f5hn \u00f5itseva gardeenia ja mandliglasuuri nootidega.<\/li>\n<\/ul>\n<p>\ud83c\uddf7\ud83c\uddfa \u041a\u043e\u043c\u043f\u043b\u0435\u043a\u0442 \u0438\u0437 \u0441\u0430\u043c\u044b\u0445 \u043f\u043e\u043f\u0443\u043b\u044f\u0440\u043d\u044b\u0445 \u0441\u043f\u0440\u0435\u0435\u0432 \u043e\u0442 Victoria\u2019s Secret (4\u0448\u0442 x 75ml). \u0412 \u043a\u043e\u043c\u043f\u043b\u0435\u043a\u0442 \u0432\u0445\u043e\u0434\u044f\u0442 \u0441\u043b\u0435\u0434\u0443\u044e\u0449\u0438\u0435 \u0441\u043f\u0440\u0435\u0438:<\/p>\n<ul>\n<li><strong>Love Spell<\/strong> \u2014 \u0422\u0438\u043f: \u0444\u0440\u0443\u043a\u0442\u043e\u0432\u043e-\u0446\u0432\u0435\u0442\u043e\u0447\u043d\u044b\u0439, \u041d\u043e\u0442\u044b: \u0446\u0432\u0435\u0442\u043e\u043a \u0432\u0438\u0448\u043d\u0438, \u0441\u0432\u0435\u0436\u0438\u0439 \u043f\u0435\u0440\u0441\u0438\u043a. \u041d\u0435\u0432\u043e\u0437\u043c\u043e\u0436\u043d\u043e \u0443\u0441\u0442\u043e\u044f\u0442\u044c.<\/li>\n<li><strong>Pure Seduction<\/strong> \u2014 \u0422\u0438\u043f: \u0444\u0440\u0443\u043a\u0442\u043e\u0432\u044b\u0439, \u041d\u043e\u0442\u044b: \u0441\u043e\u0447\u043d\u0430\u044f \u0441\u043b\u0438\u0432\u0430, y\u0435\u0436\u043d\u0430\u044f \u0444\u0440\u0435\u0437\u0438\u044f. \u0421\u0438\u044f\u0439 \u0432\u0441\u044e \u043d\u043e\u0447\u044c.<\/li>\n<li><strong>Bare Vanilla<\/strong> \u2014 \u0422\u0438\u043f: \u0441\u043b\u0430\u0434\u043a\u0438\u0439 \u0433\u0443\u0440\u043c\u0430\u043d\u0441\u043a\u0438\u0439, \u041d\u043e\u0442\u044b: \u0432\u0437\u0431\u0438\u0442\u0430\u044f \u0432\u0430\u043d\u0438\u043b\u044c, \u043c\u044f\u0433\u043a\u0438\u0439 \u043a\u0430\u0448\u0435\u043c\u0438\u0440. \u041a\u043e\u0436\u0430 \u043a \u043a\u043e\u0436\u0435.<\/li>\n<li><strong>Velvet Petals<\/strong> \u2014 \u0422\u0438\u043f: \u0444\u0440\u0443\u043a\u0442\u043e\u0432\u044b\u0439 \u0433\u0443\u0440\u043c\u0430\u043d\u0441\u043a\u0438\u0439, \u0441\u043b\u0430\u0434\u043a\u0438\u0439, \u0444\u0440\u0443\u043a\u0442\u043e\u0432\u043e-\u0446\u0432\u0435\u0442\u043e\u0447\u043d\u044b\u0439, \u043a\u0440\u0435\u043c\u043e\u0432\u044b\u0439 \u0430\u0440\u043e\u043c\u0430\u0442 \u0441 \u043d\u043e\u0442\u043a\u0430\u043c\u0438 \u0446\u0432\u0435\u0442\u0443\u0449\u0435\u0439 \u0433\u0430\u0440\u0434\u0435\u043d\u0438\u0438 \u0438 \u043c\u0438\u043d\u0434\u0430\u043b\u044c\u043d\u043e\u0439 \u0433\u043b\u0430\u0437\u0443\u0440\u0438.<\/li>\n<\/ul>\n<p>\ud83c\uddfa\ud83c\uddf8 Victoria\u2019s Secret <span style=\"font-weight: 400\">The Best of Mist<\/span> Collection <span style=\"font-weight: 400\">Fragrance Mist<\/span> (75ml)<\/p>\n<ul>\n<li><strong>Love Spell<\/strong> \u2014 Type: <span style=\"font-weight: 400\">Fruity Floral<\/span>, Notes: Cherry blossom, Fresh peach. Impossible to resist.<\/li>\n<li><strong>Pure Seduction <\/strong>\u2014 Type: <span style=\"font-weight: 400\">Fruity<\/span>, Notes: Juiced plum, Crushed freesia. All night long.<\/li>\n<li><strong>Bare Vanilla<\/strong> \u2014 Type: <span style=\"font-weight: 400\">Gourmand<\/span>, Notes: Whipped vanilla, Soft cashmere. Skin to skin.<\/li>\n<li><strong>Velvet Petals <\/strong>\u2014 Type: <span style=\"font-weight: 400\">Fruit Gourmand<\/span>, Notes: Lush blooms, Almond glaze. Made you blush.<\/li>\n<\/ul>\n","protected":false},"featured_media":14591,"template":"","meta":{"jetpack_publicize_message":"","jetpack_publicize_feature_enabled":true,"jetpack_social_post_already_shared":false,"jetpack_social_options":{"image_generator_settings":{"template":"highway","default_image_id":0,"font":"","enabled":false},"version":2}},"product_brand":[],"product_cat":[342,341],"product_tag":[],"class_list":{"0":"post-14557","1":"product","2":"type-product","3":"status-publish","4":"has-post-thumbnail","6":"product_cat-komplektid-victorias-secret","7":"product_cat-victorias-secret","8":"pa_lohn-bare-vanilla","9":"pa_lohn-love-spell","10":"pa_lohn-pure-seduction","11":"pa_lohn-velvet-petals","13":"first","14":"outofstock","15":"sale","16":"shipping-taxable","17":"purchasable","18":"product-type-simple"},"jetpack_publicize_connections":[],"jetpack_sharing_enabled":true,"jetpack_likes_enabled":true,"_links":{"self":[{"href":"https:\/\/superstore.ee\/index.php\/wp-json\/wp\/v2\/product\/14557","targetHints":{"allow":["GET"]}}],"collection":[{"href":"https:\/\/superstore.ee\/index.php\/wp-json\/wp\/v2\/product"}],"about":[{"href":"https:\/\/superstore.ee\/index.php\/wp-json\/wp\/v2\/types\/product"}],"wp:featuredmedia":[{"embeddable":true,"href":"https:\/\/superstore.ee\/index.php\/wp-json\/wp\/v2\/media\/14591"}],"wp:attachment":[{"href":"https:\/\/superstore.ee\/index.php\/wp-json\/wp\/v2\/media?parent=14557"}],"wp:term":[{"taxonomy":"product_brand","embeddable":true,"href":"https:\/\/superstore.ee\/index.php\/wp-json\/wp\/v2\/product_brand?post=14557"},{"taxonomy":"product_cat","embeddable":true,"href":"https:\/\/superstore.ee\/index.php\/wp-json\/wp\/v2\/product_cat?post=14557"},{"taxonomy":"product_tag","embeddable":true,"href":"https:\/\/superstore.ee\/index.php\/wp-json\/wp\/v2\/product_tag?post=14557"}],"curies":[{"name":"wp","href":"https:\/\/api.w.org\/{rel}","templated":true}]}}