{"id":14563,"date":"2024-01-16T23:26:50","date_gmt":"2024-01-16T21:26:50","guid":{"rendered":"https:\/\/superstore.ee\/?post_type=product&#038;p=14563"},"modified":"2024-06-28T18:24:25","modified_gmt":"2024-06-28T16:24:25","slug":"victorias-secret-huulelaigete-komplekt-5tk-3","status":"publish","type":"product","link":"https:\/\/superstore.ee\/index.php\/toode\/victorias-secret-huulelaigete-komplekt-5tk-3\/","title":{"rendered":"Victoria&#8217;s Secret huulel\u00e4igete komplekt (5tk)"},"content":{"rendered":"","protected":false},"excerpt":{"rendered":"<p><span style=\"font-weight: 400;\">\ud83c\uddea\ud83c\uddea <\/span><span style=\"font-weight: 400;\">Victoria\u2019s Secret huulel\u00e4igete komplekt. Komplektis on 5 huulel\u00e4iget, mis maitsevad ja l\u00f5hnavad nagu:<\/span><\/p>\n<ul>\n<li><span style=\"font-weight: 400;\">Strawberry Fizz(maasikas)<\/span><\/li>\n<li><span style=\"font-weight: 400;\">Sugar High (suhkur)<\/span><\/li>\n<li>Cherry Bomb (kirss)<\/li>\n<li>Kiwi Blush (kiivi)<\/li>\n<li>Frozen Pear (pirn)<\/li>\n<\/ul>\n<p><span style=\"font-weight: 400;\">\ud83c\uddf7\ud83c\uddfa <\/span><span style=\"font-weight: 400;\">\u041a\u043e\u043c\u043f\u043b\u0435\u043a\u0442 \u043e\u0442 Victoria\u2019s Secret \u0438\u0437 5 \u0430\u0440\u043e\u043c\u0430\u0442\u043d\u044b\u0445 \u0431\u043b\u0435\u0441\u043a\u043e\u0432 \u0434\u043b\u044f \u0433\u0443\u0431 \u0441\u043e \u0432\u043a\u0443\u0441\u0430\u043c\u0438:<\/span><\/p>\n<ul>\n<li><span style=\"font-weight: 400;\">Strawberry Fizz (\u043a\u043b\u0443\u0431\u043d\u0438\u043a\u0430)<\/span><\/li>\n<li><span style=\"font-weight: 400;\">Sugar High (\u0441\u0430\u0445\u0430\u0440)<\/span><\/li>\n<li>Cherry Bomb (\u0432\u0438\u0448\u043d\u044f)<\/li>\n<li>Kiwi Blush (\u043a\u0438\u0432\u0438)<\/li>\n<li>Frozen Pear (\u0433\u0440\u0443\u0448\u0430)<\/li>\n<\/ul>\n<p><span style=\"font-weight: 400;\">\ud83c\uddfa\ud83c\uddf8 <\/span><span style=\"font-weight: 400;\">5 Victoria\u2019s Secret flavored lip glosses in a gift set. Non-sticky formula. Includes:<\/span><\/p>\n<ul>\n<li><span style=\"font-weight: 400;\">Sugar High\u00a0<\/span><\/li>\n<li><span style=\"font-weight: 400;\">Strawberry Fizz\u00a0<\/span><\/li>\n<li>Cherry Bomb<\/li>\n<li>Kiwi Blush<\/li>\n<li>Frozen Pear<\/li>\n<\/ul>\n","protected":false},"featured_media":14565,"template":"","meta":{"jetpack_publicize_message":"","jetpack_publicize_feature_enabled":true,"jetpack_social_post_already_shared":false,"jetpack_social_options":{"image_generator_settings":{"template":"highway","default_image_id":0,"font":"","enabled":false},"version":2}},"product_brand":[],"product_cat":[342,631,341],"product_tag":[],"class_list":{"0":"post-14563","1":"product","2":"type-product","3":"status-publish","4":"has-post-thumbnail","6":"product_cat-komplektid-victorias-secret","7":"product_cat-sale","8":"product_cat-victorias-secret","10":"first","11":"outofstock","12":"sale","13":"shipping-taxable","14":"purchasable","15":"product-type-simple"},"jetpack_publicize_connections":[],"jetpack_sharing_enabled":true,"jetpack_likes_enabled":true,"_links":{"self":[{"href":"https:\/\/superstore.ee\/index.php\/wp-json\/wp\/v2\/product\/14563","targetHints":{"allow":["GET"]}}],"collection":[{"href":"https:\/\/superstore.ee\/index.php\/wp-json\/wp\/v2\/product"}],"about":[{"href":"https:\/\/superstore.ee\/index.php\/wp-json\/wp\/v2\/types\/product"}],"wp:featuredmedia":[{"embeddable":true,"href":"https:\/\/superstore.ee\/index.php\/wp-json\/wp\/v2\/media\/14565"}],"wp:attachment":[{"href":"https:\/\/superstore.ee\/index.php\/wp-json\/wp\/v2\/media?parent=14563"}],"wp:term":[{"taxonomy":"product_brand","embeddable":true,"href":"https:\/\/superstore.ee\/index.php\/wp-json\/wp\/v2\/product_brand?post=14563"},{"taxonomy":"product_cat","embeddable":true,"href":"https:\/\/superstore.ee\/index.php\/wp-json\/wp\/v2\/product_cat?post=14563"},{"taxonomy":"product_tag","embeddable":true,"href":"https:\/\/superstore.ee\/index.php\/wp-json\/wp\/v2\/product_tag?post=14563"}],"curies":[{"name":"wp","href":"https:\/\/api.w.org\/{rel}","templated":true}]}}