{"id":14567,"date":"2024-01-16T23:38:09","date_gmt":"2024-01-16T21:38:09","guid":{"rendered":"https:\/\/superstore.ee\/?post_type=product&#038;p=14567"},"modified":"2024-11-17T15:08:00","modified_gmt":"2024-11-17T12:08:00","slug":"victorias-secret-huulelaige-maitsega-1tk-2","status":"publish","type":"product","link":"https:\/\/superstore.ee\/index.php\/toode\/victorias-secret-huulelaige-maitsega-1tk-2\/","title":{"rendered":"Victoria&#8217;s Secret huulel\u00e4ige maitsega (1tk)"},"content":{"rendered":"","protected":false},"excerpt":{"rendered":"<p><span style=\"font-weight: 400;\">\ud83c\uddea\ud83c\uddea <\/span><span style=\"font-weight: 400;\">Victoria\u2019s Secret huulel\u00e4ge <em><strong>maitsega<\/strong><\/em>. Mitte-kleepuv koostis (15ml).<\/span><\/p>\n<p>K\u00f5ikjal kaasaskantav maitsega huulel\u00e4ige niisutab huuli, lisab neile kena l\u00e4ike ning kerge v\u00e4rvi. <span style=\"font-weight: 400;\">L\u00f5hnad ja maitsed:<\/span><\/p>\n<ul>\n<li><span style=\"font-weight: 400;\"><em><strong>Candy Baby<\/strong><\/em> (kommid)<\/span><\/li>\n<li><span style=\"font-weight: 400;\"><em><strong>Juicy Melon<\/strong><\/em> (melon)<\/span><\/li>\n<li><span style=\"font-weight: 400;\"><em><strong>Strawberry Fizz<\/strong><\/em> (maasikas)<\/span><\/li>\n<li><span style=\"font-weight: 400;\"><em><strong>Kiwi Blush<\/strong><\/em> (kiivi)<\/span><\/li>\n<li><span style=\"font-weight: 400;\"><em><strong>Marshmallow Tonic<\/strong><\/em> (Vahukommi toonik)<\/span><\/li>\n<li><span style=\"font-weight: 400;\"><em><strong>Candied Apple<\/strong><\/em> (Suhkrustatud \u00f5un)<\/span><\/li>\n<li><em><strong>Honey Shine<\/strong><\/em> (Mesi s\u00e4ra)<\/li>\n<li><em><strong>Chai Latte<\/strong><\/em><\/li>\n<li><em><strong>Cherry Bomb<\/strong> <\/em>(kirss)<\/li>\n<li><em><strong>Frozen Pear<\/strong> <\/em>(pirn)<\/li>\n<\/ul>\n<p><span style=\"font-weight: 400;\">\ud83c\uddf7\ud83c\uddfa \u0411\u043b\u0435\u0441\u043a \u0434\u043b\u044f \u0433\u0443\u0431 Victoria\u2019s Secret <em><strong>\u0441\u043e \u0432\u043a\u0443\u0441\u043e\u043c<\/strong><\/em>. \u041d\u0435\u043b\u0438\u043f\u043a\u0430\u044f \u0444\u043e\u0440\u043c\u0443\u043b\u0430 (15\u043c\u043b). <\/span><span style=\"font-weight: 400;\">\u0423\u043d\u0438\u0432\u0435\u0440\u0441\u0430\u043b\u044c\u043d\u044b\u0439 \u0430\u0440\u043e\u043c\u0430\u0442\u0438\u0437\u0438\u0440\u043e\u0432\u0430\u043d\u043d\u044b\u0439 \u0431\u043b\u0435\u0441\u043a \u0434\u043b\u044f \u0433\u0443\u0431 \u0443\u0432\u043b\u0430\u0436\u043d\u044f\u0435\u0442 \u0433\u0443\u0431\u044b, \u043f\u0440\u0438\u0434\u0430\u0435\u0442 \u0438\u043c \u043b\u0435\u0433\u043a\u0438\u0439 \u0446\u0432\u0435\u0442 \u0438 \u043f\u0440\u0438\u044f\u0442\u043d\u044b\u0439 \u0431\u043b\u0435\u0441\u043a. \u0410\u0440\u043e\u043c\u0430\u0442\u044b \u0438 \u0432\u043a\u0443\u0441\u044b<\/span><span style=\"font-weight: 400;\">:<\/span><\/p>\n<ul>\n<li><span style=\"font-weight: 400;\"><em><strong>Candy Baby<\/strong><\/em> (\u043a\u043e\u043d\u0444\u0435\u0442\u043d\u044b\u0439)<\/span><\/li>\n<li><span style=\"font-weight: 400;\"><em><strong>Juicy Melon <\/strong><\/em> (\u0441\u043e\u0447\u043d\u0430\u044f \u0434\u044b\u043d\u044f)<\/span><\/li>\n<li><span style=\"font-weight: 400;\"><em><strong>Strawberry Fizz<\/strong><\/em> (\u043a\u043b\u0443\u0431\u043d\u0438\u043a\u0430)<\/span><\/li>\n<li><span style=\"font-weight: 400;\"><em><strong>Kiwi Blush<\/strong><\/em> (\u043a\u0438\u0432\u0438)<\/span><\/li>\n<li><span style=\"font-weight: 400;\"><em><strong>Marshmallow Tonic<\/strong><\/em> (\u0417\u0435\u0444\u0438\u0440\u043d\u044b\u0439 \u0442\u043e\u043d\u0438\u043a)<\/span><\/li>\n<li><span style=\"font-weight: 400;\"><em><strong>Candied Apple<\/strong><\/em> (\u0417\u0430\u0441\u0430\u0445\u0430\u0440\u0435\u043d\u043d\u043e\u0435 \u044f\u0431\u043b\u043e\u043a\u043e)<\/span><\/li>\n<li><em><strong>Honey Shine<\/strong><\/em> (\u041c\u0435\u0434\u043e\u0432\u044b\u0439 \u0431\u043b\u0435\u0441\u043a)<\/li>\n<li><em><strong>Chai Latte<\/strong><\/em><\/li>\n<li><em><strong>Cherry Bomb<\/strong><\/em> (\u0432\u0438\u0448\u043d\u044f)<\/li>\n<li><em><strong>Frozen Pear<\/strong> <\/em>(\u0433\u0440\u0443\u0448\u0430)<\/li>\n<\/ul>\n<p><span style=\"font-weight: 400;\">\ud83c\uddfa\ud83c\uddf8 <\/span><span style=\"font-weight: 400;\">Victoria\u2019s Secret <em><strong>flavored<\/strong><\/em> Lip Gloss. Non-sticky formula (15ml). <\/span><span style=\"font-weight: 400;\">The everywhere-portable flavored lip gloss moisturizes the lips, adds light color and a nice shine to them. Flavours:<\/span><\/p>\n<ul>\n<li><em><strong>Candy Baby <\/strong><\/em><\/li>\n<li><em><strong>Juicy Melon <\/strong><\/em><\/li>\n<li><em><strong>Strawberry Fizz <\/strong><\/em><\/li>\n<li><em><strong>Kiwi Blush<\/strong><\/em><\/li>\n<li><em><strong>Marshmallow Tonic<\/strong><\/em><\/li>\n<li><em><strong>Candied Apple<\/strong><\/em><\/li>\n<li><em><strong>Honey Shine<\/strong><\/em><\/li>\n<li><em><strong>Chai Latte<\/strong><\/em><\/li>\n<li><em><strong>Cherry Bomb<\/strong><\/em><\/li>\n<li><em><strong>Frozen Pear<\/strong><\/em><\/li>\n<\/ul>\n","protected":false},"featured_media":13323,"template":"","meta":{"jetpack_publicize_message":"","jetpack_publicize_feature_enabled":true,"jetpack_social_post_already_shared":false,"jetpack_social_options":{"image_generator_settings":{"template":"highway","default_image_id":0,"font":"","enabled":false},"version":2}},"product_brand":[],"product_cat":[631,341],"product_tag":[],"class_list":{"0":"post-14567","1":"product","2":"type-product","3":"status-publish","4":"has-post-thumbnail","6":"product_cat-sale","7":"product_cat-victorias-secret","8":"pa_varv-candied-apple","9":"pa_varv-candy-baby","10":"pa_varv-chai-latte","11":"pa_varv-cherry-bomb","12":"pa_varv-coconut-craze","13":"pa_varv-frozen-pear","14":"pa_varv-honey-shine","15":"pa_varv-juicy-melon","16":"pa_varv-kiwi-blush","17":"pa_varv-marshmallow-tonic","18":"pa_varv-strawberry-fizz","19":"pa_varv-sugar-high","21":"first","22":"outofstock","23":"sale","24":"shipping-taxable","25":"product-type-variable"},"jetpack_publicize_connections":[],"jetpack_sharing_enabled":true,"jetpack_likes_enabled":true,"_links":{"self":[{"href":"https:\/\/superstore.ee\/index.php\/wp-json\/wp\/v2\/product\/14567","targetHints":{"allow":["GET"]}}],"collection":[{"href":"https:\/\/superstore.ee\/index.php\/wp-json\/wp\/v2\/product"}],"about":[{"href":"https:\/\/superstore.ee\/index.php\/wp-json\/wp\/v2\/types\/product"}],"wp:featuredmedia":[{"embeddable":true,"href":"https:\/\/superstore.ee\/index.php\/wp-json\/wp\/v2\/media\/13323"}],"wp:attachment":[{"href":"https:\/\/superstore.ee\/index.php\/wp-json\/wp\/v2\/media?parent=14567"}],"wp:term":[{"taxonomy":"product_brand","embeddable":true,"href":"https:\/\/superstore.ee\/index.php\/wp-json\/wp\/v2\/product_brand?post=14567"},{"taxonomy":"product_cat","embeddable":true,"href":"https:\/\/superstore.ee\/index.php\/wp-json\/wp\/v2\/product_cat?post=14567"},{"taxonomy":"product_tag","embeddable":true,"href":"https:\/\/superstore.ee\/index.php\/wp-json\/wp\/v2\/product_tag?post=14567"}],"curies":[{"name":"wp","href":"https:\/\/api.w.org\/{rel}","templated":true}]}}