{"id":14653,"date":"2024-01-19T16:18:53","date_gmt":"2024-01-19T14:18:53","guid":{"rendered":"https:\/\/superstore.ee\/?post_type=product&#038;p=14653"},"modified":"2025-07-18T22:48:40","modified_gmt":"2025-07-18T19:48:40","slug":"victorias-secret-love-spell-candied-komplekt-kehasprei-kehalosjoon","status":"publish","type":"product","link":"https:\/\/superstore.ee\/index.php\/toode\/victorias-secret-love-spell-candied-komplekt-kehasprei-kehalosjoon\/","title":{"rendered":"Victoria\u2019s Secret Love Spell Candied Ser (Body Mist + Body Lotion)"},"content":{"rendered":"","protected":false},"excerpt":{"rendered":"<p>Victoria\u2019s Secret <span style=\"font-weight: 400;\">Love Spell<\/span>\u00a0Candied komplekt (Kehasprei 250ml + Parf\u00fcmeeritud Kehalosjoon 236ml)<\/p>\n<ul>\n<li><em><strong>Love Spell Candied<\/strong><\/em> &#8211; T\u00fc\u00fcp: Puuviljane, lilleline. Noodid: virsiku n\u00e4tsumull, kristalliseerunud maikelluke, karamelliseeritud kirss.<\/li>\n<\/ul>\n<details>\n<summary>Details<\/summary>\n<div translate=\"no\">\nVictoria\u2019s Secret Love Spell\u00a0Candied Set (Fragrance Mist 250ml + Fragrance Lotion 236ml)<\/p>\n<p>Love Spell Candied &#8211; Type: Fruity Floral. Notes: peach gum drop, crystallized muguet, candied cherry\n<\/p><\/div>\n<p>Victoria\u2019s Secret Love Spell\u00a0Candied \u043a\u043e\u043c\u043f\u043b\u0435\u043a\u0442 (\u0421\u043f\u0440\u0435\u0439 \u0434\u043b\u044f \u0442\u0435\u043b\u0430 250ml + \u041f\u0430\u0440\u0444\u044e\u043c\u0438\u0440\u043e\u0432\u0430\u043d\u043d\u044b\u0439 \u043b\u043e\u0441\u044c\u043e\u043d 236ml)<\/p>\n<p>Love Spell Candied &#8211; \u0422\u0438\u043f: \u0444\u0440\u0443\u043a\u0442\u043e\u0432\u043e-\u0446\u0432\u0435\u0442\u043e\u0447\u043d\u044b\u0439. \u041d\u043e\u0442\u044b: \u043f\u0435\u0440\u0441\u0438\u043a\u043e\u0432\u0430\u044f \u0436\u0432\u0430\u0447\u043a\u0430, \u043a\u0440\u0438\u0441\u0442\u0430\u043b\u043b\u0438\u0437\u043e\u0432\u0430\u043d\u043d\u044b\u0439 \u043b\u0430\u043d\u0434\u044b\u0448, \u0437\u0430\u0441\u0430\u0445\u0430\u0440\u0435\u043d\u043d\u0430\u044f \u0432\u0438\u0448\u043d\u044f.<\/p>\n<\/details>\n","protected":false},"featured_media":14745,"template":"","meta":{"jetpack_publicize_message":"","jetpack_publicize_feature_enabled":true,"jetpack_social_post_already_shared":false,"jetpack_social_options":{"image_generator_settings":{"template":"highway","default_image_id":0,"font":"","enabled":false},"version":2}},"product_brand":[],"product_cat":[926,927,342,341],"product_tag":[],"class_list":{"0":"post-14653","1":"product","2":"type-product","3":"status-publish","4":"has-post-thumbnail","6":"product_cat-victorias-secret-body-lotions","7":"product_cat-victorias-secret-body-mists","8":"product_cat-komplektid-victorias-secret","9":"product_cat-victorias-secret","10":"pa_lohn-bare-vanilla-candied","11":"pa_lohn-love-spell-candied","12":"pa_lohn-pure-seduction-candied-2","13":"pa_lohn-velvet-petals-candied","15":"first","16":"outofstock","17":"sale","18":"shipping-taxable","19":"purchasable","20":"product-type-simple"},"jetpack_publicize_connections":[],"jetpack_sharing_enabled":true,"jetpack_likes_enabled":true,"_links":{"self":[{"href":"https:\/\/superstore.ee\/index.php\/wp-json\/wp\/v2\/product\/14653","targetHints":{"allow":["GET"]}}],"collection":[{"href":"https:\/\/superstore.ee\/index.php\/wp-json\/wp\/v2\/product"}],"about":[{"href":"https:\/\/superstore.ee\/index.php\/wp-json\/wp\/v2\/types\/product"}],"wp:featuredmedia":[{"embeddable":true,"href":"https:\/\/superstore.ee\/index.php\/wp-json\/wp\/v2\/media\/14745"}],"wp:attachment":[{"href":"https:\/\/superstore.ee\/index.php\/wp-json\/wp\/v2\/media?parent=14653"}],"wp:term":[{"taxonomy":"product_brand","embeddable":true,"href":"https:\/\/superstore.ee\/index.php\/wp-json\/wp\/v2\/product_brand?post=14653"},{"taxonomy":"product_cat","embeddable":true,"href":"https:\/\/superstore.ee\/index.php\/wp-json\/wp\/v2\/product_cat?post=14653"},{"taxonomy":"product_tag","embeddable":true,"href":"https:\/\/superstore.ee\/index.php\/wp-json\/wp\/v2\/product_tag?post=14653"}],"curies":[{"name":"wp","href":"https:\/\/api.w.org\/{rel}","templated":true}]}}