{"id":14688,"date":"2024-01-21T14:46:34","date_gmt":"2024-01-21T12:46:34","guid":{"rendered":"https:\/\/superstore.ee\/?post_type=product&#038;p=14688"},"modified":"2024-08-11T12:35:51","modified_gmt":"2024-08-11T10:35:51","slug":"victorias-secret-kehalosjoon-bombshell-glamour-250ml","status":"publish","type":"product","link":"https:\/\/superstore.ee\/index.php\/toode\/victorias-secret-kehalosjoon-bombshell-glamour-250ml\/","title":{"rendered":"Victoria\u2019s Secret Kehalosjoon Bombshell Glamour (250ml)"},"content":{"rendered":"","protected":false},"excerpt":{"rendered":"<p><span style=\"font-weight: 400\">\ud83c\uddea\ud83c\uddea Victoria\u2019s Secret Kehalosjoon Bombshell Glamour (250ml)<\/span><\/p>\n<p><span style=\"font-weight: 400\">T\u00fc\u00fcp: Puidune, soe, lilleline. Noodid: Velvetine virsik, Kristalne pojeng, K\u00fclluslik merevaik<\/span><\/p>\n<p>See kehakreem niisutab Sinu nahka 24h ning j\u00e4tab selle terveks p\u00e4evaks isu\u00e4ratavalt l\u00f5hnama.<\/p>\n<p><em>Kauakestva l\u00f5hnaelamuse saamiseks \u00fchendage sobiva kehaspreiga.<\/em><\/p>\n<p><span style=\"font-weight: 400\">\ud83c\uddf7\ud83c\uddfa Victoria\u2019s Secret \u041b\u043e\u0441\u044c\u043e\u043d \u0434\u043b\u044f \u0442\u0435\u043b\u0430 Bombshell Glamour (250ml)<\/span><\/p>\n<p>\u0422\u0438\u043f: \u0414\u0440\u0435\u0432\u0435\u0441\u043d\u044b\u0439, \u0442\u0435\u043f\u043b\u044b\u0439, \u0446\u0432\u0435\u0442\u043e\u0447\u043d\u044b\u0439. \u041d\u043e\u0442\u044b: \u0431\u0430\u0440\u0445\u0430\u0442\u0438\u0441\u0442\u044b\u0439 \u043f\u0435\u0440\u0441\u0438\u043a, \u043a\u0440\u0438\u0441\u0442\u0430\u043b\u043b\u0438\u0447\u0435\u0441\u043a\u0438\u0439 \u043f\u0438\u043e\u043d, \u043d\u0430\u0441\u044b\u0449\u0435\u043d\u043d\u0430\u044f \u0430\u043c\u0431\u0440\u0430.<\/p>\n<p>\u042d\u0442\u043e\u0442 \u043a\u0440\u0435\u043c \u0434\u043b\u044f \u0442\u0435\u043b\u0430 \u0443\u0432\u043b\u0430\u0436\u043d\u044f\u0435\u0442 \u043a\u043e\u0436\u0443 \u043d\u0430 24 \u0447\u0430\u0441\u0430 \u0438 \u043f\u0440\u0438\u0434\u0430\u0435\u0442 \u0435\u0439 \u0430\u043f\u043f\u0435\u0442\u0438\u0442\u043d\u044b\u0439 \u0437\u0430\u043f\u0430\u0445 \u043d\u0430 \u0432\u0435\u0441\u044c \u0434\u0435\u043d\u044c.<\/p>\n<p><em>\u0421\u043e\u0447\u0435\u0442\u0430\u0439\u0442\u0435 \u0441 \u0441\u043e\u043e\u0442\u0432\u0435\u0442\u0441\u0442\u0432\u0443\u044e\u0449\u0438\u043c \u0441\u043f\u0440\u0435\u0435\u043c \u0434\u043b\u044f \u0434\u043b\u0438\u0442\u0435\u043b\u044c\u043d\u043e\u0433\u043e \u043e\u0449\u0443\u0449\u0435\u043d\u0438\u044f \u0430\u0440\u043e\u043c\u0430\u0442\u0430.<\/em><\/p>\n<p><span style=\"font-weight: 400\">\ud83c\uddfa\ud83c\uddf8 Victoria\u2019s Secret Bombshell Glamour Fragrance Lotion (250ml)<\/span><\/p>\n<p>Type: Woody, warm, floral. Notes: Velvety peach, Crystalline peony, Rich amber<\/p>\n<p>This body cream moisturizes your skin for 24 hours and leaves it smelling appetizing for the whole day.<\/p>\n<div class=\"woocommerce-product-details__short-description\">\n<p><em>Pair with matching Fragrance Mist for a long-lasting fragrance experience.<\/em><\/p>\n<\/div>\n","protected":false},"featured_media":14694,"template":"","meta":{"jetpack_publicize_message":"","jetpack_publicize_feature_enabled":true,"jetpack_social_post_already_shared":false,"jetpack_social_options":{"image_generator_settings":{"template":"highway","default_image_id":0,"font":"","enabled":false},"version":2}},"product_brand":[],"product_cat":[341],"product_tag":[],"class_list":{"0":"post-14688","1":"product","2":"type-product","3":"status-publish","4":"has-post-thumbnail","6":"product_cat-victorias-secret","7":"pa_lohn-flower-sorbet","8":"pa_lohn-sparkling-creme","10":"first","11":"outofstock","12":"sale","13":"shipping-taxable","14":"purchasable","15":"product-type-simple"},"jetpack_publicize_connections":[],"jetpack_sharing_enabled":true,"jetpack_likes_enabled":true,"_links":{"self":[{"href":"https:\/\/superstore.ee\/index.php\/wp-json\/wp\/v2\/product\/14688","targetHints":{"allow":["GET"]}}],"collection":[{"href":"https:\/\/superstore.ee\/index.php\/wp-json\/wp\/v2\/product"}],"about":[{"href":"https:\/\/superstore.ee\/index.php\/wp-json\/wp\/v2\/types\/product"}],"wp:featuredmedia":[{"embeddable":true,"href":"https:\/\/superstore.ee\/index.php\/wp-json\/wp\/v2\/media\/14694"}],"wp:attachment":[{"href":"https:\/\/superstore.ee\/index.php\/wp-json\/wp\/v2\/media?parent=14688"}],"wp:term":[{"taxonomy":"product_brand","embeddable":true,"href":"https:\/\/superstore.ee\/index.php\/wp-json\/wp\/v2\/product_brand?post=14688"},{"taxonomy":"product_cat","embeddable":true,"href":"https:\/\/superstore.ee\/index.php\/wp-json\/wp\/v2\/product_cat?post=14688"},{"taxonomy":"product_tag","embeddable":true,"href":"https:\/\/superstore.ee\/index.php\/wp-json\/wp\/v2\/product_tag?post=14688"}],"curies":[{"name":"wp","href":"https:\/\/api.w.org\/{rel}","templated":true}]}}