{"id":14729,"date":"2024-01-22T23:33:02","date_gmt":"2024-01-22T21:33:02","guid":{"rendered":"https:\/\/superstore.ee\/?post_type=product&#038;p=14729"},"modified":"2026-02-01T15:56:17","modified_gmt":"2026-02-01T13:56:17","slug":"kiko-milano-kolmest-huulepulgast-koosnev-komplekt-102-103-120","status":"publish","type":"product","link":"https:\/\/superstore.ee\/index.php\/toode\/kiko-milano-kolmest-huulepulgast-koosnev-komplekt-102-103-120\/","title":{"rendered":"KIKO Milano kolmest huulepulgast koosnev komplekt (102, 103, 120) Unlimited Double Touch"},"content":{"rendered":"","protected":false},"excerpt":{"rendered":"<p>\ud83c\uddea\ud83c\uddea KIKO Milano kolmest huulepulgast koosnev komplekt (Unlimited Double Touch 102, 103, 120).<\/p>\n<p>Kauap\u00fcsiv kaheastmeline vedel huulepulk, mis p\u00fcsib kuni 12 tundi. Annab huultele maksimaalse mugavuse ja \u00fchtlase v\u00e4rvi. Plekikindel, v\u00e4ga kiire kuivamisajaga.<\/p>\n<ol>\n<li>Kanna v\u00e4rvip\u00f5hi puhastatud, niisutatud huultele. Oodake minut, et vedel huulepulk t\u00e4ielikult kuivaks.<\/li>\n<li>Eriti l\u00e4ikiva tulemuse saavutamiseks kanna huulel\u00e4ige v\u00e4rvip\u00f5hja peale.<\/li>\n<\/ol>\n<p>\ud83c\uddf7\ud83c\uddfa KIKO Milano \u043a\u043e\u043c\u043f\u043b\u0435\u043a\u0442 \u0438\u0437 \u0442\u0440\u0435\u0445 \u0441\u0442\u043e\u0439\u043a\u0438\u0445 \u0434\u0432\u0443\u0445-\u044d\u0442\u0430\u043f\u043d\u044b\u0445 \u0436\u0438\u0434\u043a\u0438\u0445 \u043f\u043e\u043c\u0430\u0434 \u0441 \u044f\u0440\u043a\u0438\u043c \u0444\u0438\u043d\u0438\u0448\u0435\u043c (Unlimited Double Touch 102, 103, 120). \u0421\u0442\u043e\u0439\u043a\u043e\u0441\u0442\u044c \u0434\u043e 12 \u0447\u0430\u0441\u043e\u0432.<\/p>\n<p>\u041e\u0431\u0435\u0441\u043f\u0435\u0447\u0438\u0432\u0430\u0435\u0442 \u043c\u0430\u043a\u0441\u0438\u043c\u0430\u043b\u044c\u043d\u044b\u0439 \u043a\u043e\u043c\u0444\u043e\u0440\u0442 \u043d\u0430 \u0433\u0443\u0431\u0430\u0445 \u0438 \u0440\u043e\u0432\u043d\u044b\u0439 \u0446\u0432\u0435\u0442. \u041d\u0430\u043d\u043e\u0441\u0438\u0442\u0441\u044f \u0440\u0430\u0432\u043d\u043e\u043c\u0435\u0440\u043d\u043e \u0438 \u043f\u043b\u0430\u0432\u043d\u043e, \u043d\u0435 \u0440\u0430\u0437\u043c\u0430\u0437\u044b\u0432\u0430\u0435\u0442\u0441\u044f, \u043e\u0447\u0435\u043d\u044c \u0431\u044b\u0441\u0442\u0440\u043e \u0441\u043e\u0445\u043d\u0435\u0442<\/p>\n<ol>\n<li>\u041d\u0430\u043d\u0435\u0441\u0438\u0442\u0435 \u0446\u0432\u0435\u0442\u043d\u0443\u044e \u043e\u0441\u043d\u043e\u0432\u0443 \u043d\u0430 \u043e\u0447\u0438\u0449\u0435\u043d\u043d\u044b\u0435, \u0443\u0432\u043b\u0430\u0436\u043d\u0435\u043d\u043d\u044b\u0435 \u0433\u0443\u0431\u044b. \u041f\u043e\u0434\u043e\u0436\u0434\u0438\u0442\u0435 \u043c\u0438\u043d\u0443\u0442\u0443, \u0447\u0442\u043e\u0431\u044b \u0436\u0438\u0434\u043a\u0430\u044f \u043f\u043e\u043c\u0430\u0434\u0430 \u043f\u043e\u043b\u043d\u043e\u0441\u0442\u044c\u044e \u0432\u044b\u0441\u043e\u0445\u043b\u0430.<\/li>\n<li>\u041d\u0430\u043d\u0435\u0441\u0438\u0442\u0435 \u0431\u043b\u0435\u0441\u043a \u0434\u043b\u044f \u0433\u0443\u0431 \u043f\u043e\u0432\u0435\u0440\u0445 \u0446\u0432\u0435\u0442\u043d\u043e\u0439 \u043e\u0441\u043d\u043e\u0432\u044b \u0434\u043b\u044f \u0434\u043e\u043f\u043e\u043b\u043d\u0438\u0442\u0435\u043b\u044c\u043d\u043e\u0433\u043e \u0441\u0438\u044f\u043d\u0438\u044f.<\/li>\n<\/ol>\n<p>\ud83c\uddfa\ud83c\uddf8 UNLIMITED DOUBLE TOUCH LIP SET &#8211; Nude Attitude. Lip kit containing 3 two-step liquid lipsticks in different shades (102, 103, 120). Lasts up to 12 hours. No-transfer base colour.<\/p>\n<ol>\n<li>Apply the colour base to cleansed, moisturized lips. Wait a minute to allow the liquid lipstick to dry completely.<\/li>\n<li>Apply the lip gloss on top of the colour base for an extra-shiny result.<\/li>\n<\/ol>\n","protected":false},"featured_media":17337,"template":"","meta":{"jetpack_publicize_message":"","jetpack_publicize_feature_enabled":true,"jetpack_social_post_already_shared":false,"jetpack_social_options":{"image_generator_settings":{"template":"highway","default_image_id":0,"font":"","enabled":false},"version":2}},"product_brand":[],"product_cat":[911,988,987,986,973,340,830,971,631],"product_tag":[],"class_list":{"0":"post-14729","1":"product","2":"type-product","3":"status-publish","4":"has-post-thumbnail","6":"product_cat-huuled","7":"product_cat-lip-gloss","8":"product_cat-lipstick","9":"product_cat-kiko-lips","10":"product_cat-makeup","11":"product_cat-kiko-milano","12":"product_cat-kingitused","13":"product_cat-sets","14":"product_cat-sale","16":"first","17":"outofstock","18":"sale","19":"shipping-taxable","20":"purchasable","21":"product-type-simple"},"jetpack_publicize_connections":[],"jetpack_sharing_enabled":true,"jetpack_likes_enabled":true,"_links":{"self":[{"href":"https:\/\/superstore.ee\/index.php\/wp-json\/wp\/v2\/product\/14729","targetHints":{"allow":["GET"]}}],"collection":[{"href":"https:\/\/superstore.ee\/index.php\/wp-json\/wp\/v2\/product"}],"about":[{"href":"https:\/\/superstore.ee\/index.php\/wp-json\/wp\/v2\/types\/product"}],"wp:featuredmedia":[{"embeddable":true,"href":"https:\/\/superstore.ee\/index.php\/wp-json\/wp\/v2\/media\/17337"}],"wp:attachment":[{"href":"https:\/\/superstore.ee\/index.php\/wp-json\/wp\/v2\/media?parent=14729"}],"wp:term":[{"taxonomy":"product_brand","embeddable":true,"href":"https:\/\/superstore.ee\/index.php\/wp-json\/wp\/v2\/product_brand?post=14729"},{"taxonomy":"product_cat","embeddable":true,"href":"https:\/\/superstore.ee\/index.php\/wp-json\/wp\/v2\/product_cat?post=14729"},{"taxonomy":"product_tag","embeddable":true,"href":"https:\/\/superstore.ee\/index.php\/wp-json\/wp\/v2\/product_tag?post=14729"}],"curies":[{"name":"wp","href":"https:\/\/api.w.org\/{rel}","templated":true}]}}