{"id":15007,"date":"2024-02-10T16:58:31","date_gmt":"2024-02-10T14:58:31","guid":{"rendered":"https:\/\/superstore.ee\/?post_type=product&#038;p=15007"},"modified":"2024-12-10T23:04:40","modified_gmt":"2024-12-10T21:04:40","slug":"victorias-secret-pink-light-happy-kehasprei-eeterlike-olidega","status":"publish","type":"product","link":"https:\/\/superstore.ee\/index.php\/toode\/victorias-secret-pink-light-happy-kehasprei-eeterlike-olidega\/","title":{"rendered":"Victoria\u2019s Secret PINK Light &amp; Happy Kehasprei eeterlike \u00f5lidega"},"content":{"rendered":"","protected":false},"excerpt":{"rendered":"<p>\ud83c\uddea\ud83c\uddea Victoria\u2019s Secret PINK Light &amp; Happy Kehasprei (75ml)<\/p>\n<p style=\"text-align: left;\">P\u00e4ikeseline klementiin, metsik imin\u00f5ges, p\u00e4ikesepaistelised metsad, eeterlikud \u00f5lid.<\/p>\n<p>\ud83c\uddf7\ud83c\uddfa Victoria\u2019s Secret PINK Light &amp; Happy \u0421\u043f\u0440\u0435\u0439 \u0434\u043b\u044f \u0442\u0435\u043b\u0430 (75ml)<\/p>\n<p>\u0421\u043e\u043b\u043d\u0435\u0447\u043d\u044b\u0439 \u043a\u043b\u0435\u043c\u0435\u043d\u0442\u0438\u043d, \u0434\u0438\u043a\u0430\u044f \u0436\u0438\u043c\u043e\u043b\u043e\u0441\u0442\u044c, \u0437\u0430\u043b\u0438\u0442\u044b \u0441\u043e\u043b\u043d\u0446\u0435\u043c \u043b\u0435\u0441, \u044d\u0444\u0438\u0440\u043d\u044b\u0435 \u043c\u0430\u0441\u043b\u0430.<\/p>\n<p>\ud83c\uddfa\ud83c\uddf8 Victoria\u2019s Secret PINK Light &amp; Happy Fragrance Mist with essential oils (75ml)<\/p>\n<p>Sunshine clementine, wild honeysuckle, sundrenched woods, essential oils.<\/p>\n","protected":false},"featured_media":15014,"template":"","meta":{"jetpack_publicize_message":"","jetpack_publicize_feature_enabled":true,"jetpack_social_post_already_shared":false,"jetpack_social_options":{"image_generator_settings":{"template":"highway","default_image_id":0,"font":"","enabled":false},"version":2}},"product_brand":[],"product_cat":[341],"product_tag":[],"class_list":{"0":"post-15007","1":"product","2":"type-product","3":"status-publish","4":"has-post-thumbnail","6":"product_cat-victorias-secret","7":"pa_lohn-ginger-apple-jewel","8":"pa_lohn-sugar-plum-fig","9":"pa_lohn-vanilla-amber-bourbon","11":"first","12":"outofstock","13":"sale","14":"shipping-taxable","15":"purchasable","16":"product-type-simple"},"jetpack_publicize_connections":[],"jetpack_sharing_enabled":true,"jetpack_likes_enabled":true,"_links":{"self":[{"href":"https:\/\/superstore.ee\/index.php\/wp-json\/wp\/v2\/product\/15007","targetHints":{"allow":["GET"]}}],"collection":[{"href":"https:\/\/superstore.ee\/index.php\/wp-json\/wp\/v2\/product"}],"about":[{"href":"https:\/\/superstore.ee\/index.php\/wp-json\/wp\/v2\/types\/product"}],"wp:featuredmedia":[{"embeddable":true,"href":"https:\/\/superstore.ee\/index.php\/wp-json\/wp\/v2\/media\/15014"}],"wp:attachment":[{"href":"https:\/\/superstore.ee\/index.php\/wp-json\/wp\/v2\/media?parent=15007"}],"wp:term":[{"taxonomy":"product_brand","embeddable":true,"href":"https:\/\/superstore.ee\/index.php\/wp-json\/wp\/v2\/product_brand?post=15007"},{"taxonomy":"product_cat","embeddable":true,"href":"https:\/\/superstore.ee\/index.php\/wp-json\/wp\/v2\/product_cat?post=15007"},{"taxonomy":"product_tag","embeddable":true,"href":"https:\/\/superstore.ee\/index.php\/wp-json\/wp\/v2\/product_tag?post=15007"}],"curies":[{"name":"wp","href":"https:\/\/api.w.org\/{rel}","templated":true}]}}