{"id":15008,"date":"2024-02-10T16:58:39","date_gmt":"2024-02-10T14:58:39","guid":{"rendered":"https:\/\/superstore.ee\/?post_type=product&#038;p=15008"},"modified":"2024-12-29T14:41:26","modified_gmt":"2024-12-29T12:41:26","slug":"victorias-secret-pink-light-happy-kehakreem-eeterlike-olidega","status":"publish","type":"product","link":"https:\/\/superstore.ee\/index.php\/toode\/victorias-secret-pink-light-happy-kehakreem-eeterlike-olidega\/","title":{"rendered":"Victoria\u2019s Secret PINK Light &amp; Happy Kehakreem eeterlike \u00f5lidega"},"content":{"rendered":"","protected":false},"excerpt":{"rendered":"<p>\ud83c\uddea\ud83c\uddea Victoria\u2019s Secret PINK Light &amp; Happy Kehakreem eeterlike \u00f5lidega (75ml)<\/p>\n<p style=\"text-align: left;\">P\u00e4ikeseline klementiin, metsik imin\u00f5ges, p\u00e4ikesepaistelised metsad, eeterlikud \u00f5lid.<\/p>\n<p>Dermatoloogide poolt heaks kiidetud kreem tagab 24-tunnise niisutuse ja on v\u00e4lja t\u00f6\u00f6tatud ilma ftalaatide, sulfaatide, parabeenide v\u00f5i kunstlike v\u00e4rvaineteta.<\/p>\n<p>\ud83c\uddf7\ud83c\uddfa Victoria\u2019s Secret PINK Light &amp; Happy \u043a\u0440\u0435\u043c \u0434\u043b\u044f \u0442\u0435\u043b\u0430 (75ml)<\/p>\n<p>\u0421\u043e\u043b\u043d\u0435\u0447\u043d\u044b\u0439 \u043a\u043b\u0435\u043c\u0435\u043d\u0442\u0438\u043d, \u0434\u0438\u043a\u0430\u044f \u0436\u0438\u043c\u043e\u043b\u043e\u0441\u0442\u044c, \u0437\u0430\u043b\u0438\u0442\u044b \u0441\u043e\u043b\u043d\u0446\u0435\u043c \u043b\u0435\u0441, \u044d\u0444\u0438\u0440\u043d\u044b\u0435 \u043c\u0430\u0441\u043b\u0430.<\/p>\n<p>\u041a\u0440\u0435\u043c, \u043e\u0434\u043e\u0431\u0440\u0435\u043d\u043d\u044b\u0439 \u0434\u0435\u0440\u043c\u0430\u0442\u043e\u043b\u043e\u0433\u0430\u043c\u0438, \u043e\u0431\u0435\u0441\u043f\u0435\u0447\u0438\u0432\u0430\u0435\u0442 24-\u0447\u0430\u0441\u043e\u0432\u043e\u0435 \u0443\u0432\u043b\u0430\u0436\u043d\u0435\u043d\u0438\u0435 \u0438 \u0440\u0430\u0437\u0440\u0430\u0431\u043e\u0442\u0430\u043d \u0431\u0435\u0437 \u0444\u0442\u0430\u043b\u0430\u0442\u043e\u0432, \u0441\u0443\u043b\u044c\u0444\u0430\u0442\u043e\u0432, \u043f\u0430\u0440\u0430\u0444\u0438\u043d\u043e\u0432 \u0438\u043b\u0438 \u0438\u0441\u043a\u0443\u0441\u0441\u0442\u0432\u0435\u043d\u043d\u044b\u0445 \u043a\u0440\u0430\u0441\u0438\u0442\u0435\u043b\u0435\u0439.<\/p>\n<p>\ud83c\uddfa\ud83c\uddf8 Victoria\u2019s Secret PINK Light &amp; Happy Body Lotion (75ml)<\/p>\n<p>Sunshine clementine, wild honeysuckle, sundrenched woods, essential oils.<\/p>\n<p>The\u00a0dermatologist-approved cream provides 24-hour hydration and is formulated without phthalates, sulfates, parabens or artificial dyes.<\/p>\n","protected":false},"featured_media":15012,"template":"","meta":{"jetpack_publicize_message":"","jetpack_publicize_feature_enabled":true,"jetpack_social_post_already_shared":false,"jetpack_social_options":{"image_generator_settings":{"template":"highway","default_image_id":0,"font":"","enabled":false},"version":2}},"product_brand":[],"product_cat":[342,341],"product_tag":[],"class_list":{"0":"post-15008","1":"product","2":"type-product","3":"status-publish","4":"has-post-thumbnail","6":"product_cat-komplektid-victorias-secret","7":"product_cat-victorias-secret","8":"pa_lohn-ginger-apple-jewel","9":"pa_lohn-sugar-plum-fig","10":"pa_lohn-vanilla-amber-bourbon","12":"first","13":"outofstock","14":"sale","15":"shipping-taxable","16":"purchasable","17":"product-type-simple"},"jetpack_publicize_connections":[],"jetpack_sharing_enabled":true,"jetpack_likes_enabled":true,"_links":{"self":[{"href":"https:\/\/superstore.ee\/index.php\/wp-json\/wp\/v2\/product\/15008","targetHints":{"allow":["GET"]}}],"collection":[{"href":"https:\/\/superstore.ee\/index.php\/wp-json\/wp\/v2\/product"}],"about":[{"href":"https:\/\/superstore.ee\/index.php\/wp-json\/wp\/v2\/types\/product"}],"wp:featuredmedia":[{"embeddable":true,"href":"https:\/\/superstore.ee\/index.php\/wp-json\/wp\/v2\/media\/15012"}],"wp:attachment":[{"href":"https:\/\/superstore.ee\/index.php\/wp-json\/wp\/v2\/media?parent=15008"}],"wp:term":[{"taxonomy":"product_brand","embeddable":true,"href":"https:\/\/superstore.ee\/index.php\/wp-json\/wp\/v2\/product_brand?post=15008"},{"taxonomy":"product_cat","embeddable":true,"href":"https:\/\/superstore.ee\/index.php\/wp-json\/wp\/v2\/product_cat?post=15008"},{"taxonomy":"product_tag","embeddable":true,"href":"https:\/\/superstore.ee\/index.php\/wp-json\/wp\/v2\/product_tag?post=15008"}],"curies":[{"name":"wp","href":"https:\/\/api.w.org\/{rel}","templated":true}]}}