{"id":15183,"date":"2024-03-17T15:34:25","date_gmt":"2024-03-17T13:34:25","guid":{"rendered":"https:\/\/superstore.ee\/?post_type=product&#038;p=15183"},"modified":"2024-08-10T21:43:24","modified_gmt":"2024-08-10T19:43:24","slug":"victorias-secret-kehasprei-250ml-limited-edition-splash-body-mists","status":"publish","type":"product","link":"https:\/\/superstore.ee\/index.php\/toode\/victorias-secret-kehasprei-250ml-limited-edition-splash-body-mists\/","title":{"rendered":"Victoria\u2019s Secret Kehasprei (250ml) Limited Edition Splash Body Mists"},"content":{"rendered":"","protected":false},"excerpt":{"rendered":"<p>\ud83c\uddea\ud83c\uddea Victoria\u2019s Secret Kehasprei (250ml)<\/p>\n<ul>\n<li><b>Love Spell Splash<\/b> \u2013 T\u00fc\u00fcp: v\u00e4rske puuviljane, Noodid: vaarikas, virsikutee, pomelo.<\/li>\n<li><strong><b>Pure Seduction Splash<\/b><\/strong> \u2013 T\u00fc\u00fcp: puuviljane lilleline, Noodid: magnoolia kroonlehed, arbuus, tsitruselised.<\/li>\n<li><b>Bare Vanilla Splash<\/b> \u2013 T\u00fc\u00fcp: v\u00e4rske lilleline magus, Noodid: kookosp\u00e4hkel, lootos, vanill.<\/li>\n<li><b>Velvet Petals Splash<\/b> \u2013 T\u00fc\u00fcp: lilleline magus, Noodid: jasmiin, sidrun, merevaik.<\/li>\n<\/ul>\n<p><strong>NB! Kosmeetika ostmisel palun valige tarneviisiks Smartpost!<\/strong><\/p>\n<p>\ud83c\uddf7\ud83c\uddfa Victoria\u2019s Secret \u0421\u043f\u0440\u0435\u0439 \u0434\u043b\u044f \u0442\u0435\u043b\u0430 (250ml)<\/p>\n<ul>\n<li><b>Love Spell Splash<\/b> \u2014 \u0422\u0438\u043f: \u0441\u0432\u0435\u0436\u0438\u0439 \u0444\u0440\u0443\u043a\u0442\u043e\u0432\u044b\u0439, \u041d\u043e\u0442\u044b: \u043c\u0430\u043b\u0438\u043d\u0430, \u043f\u0435\u0440\u0441\u0438\u043a\u043e\u0432\u044b\u0439 \u0447\u0430\u0439, \u043f\u043e\u043c\u0435\u043b\u043e.<\/li>\n<li><strong><b>Pure Seduction Splash<\/b><\/strong> \u2014 \u0422\u0438\u043f: \u0444\u0440\u0443\u043a\u0442\u043e\u0432\u043e-\u0446\u0432\u0435\u0442\u043e\u0447\u043d\u044b\u0439, \u041d\u043e\u0442\u044b: \u043b\u0435\u043f\u0435\u0441\u0442\u043a\u0438 \u043c\u0430\u0433\u043d\u043e\u043b\u0438\u0438, \u0430\u0440\u0431\u0443\u0437, \u0446\u0438\u0442\u0440\u0443\u0441\u043e\u0432\u044b\u0435.<\/li>\n<li><b>Bare Vanilla Splash<\/b> \u2014 \u0422\u0438\u043f: \u0441\u0432\u0435\u0436\u0438\u0439 \u0446\u0432\u0435\u0442\u043e\u0447\u043d\u044b\u0439 \u0433\u0443\u0440\u043c\u0430\u043d\u0441\u043a\u0438\u0439, \u041d\u043e\u0442\u044b: \u043a\u043e\u043a\u043e\u0441, \u043b\u043e\u0442\u043e\u0441, \u0432\u0430\u043d\u0438\u043b\u044c.<\/li>\n<li><b>Velvet Petals Splash<\/b> \u2014 \u0422\u0438\u043f: \u0446\u0432\u0435\u0442\u043e\u0447\u043d\u044b\u0439 \u0433\u0443\u0440\u043c\u0430\u043d\u0441\u043a\u0438\u0439, \u041d\u043e\u0442\u044b: \u0436\u0430\u0441\u043c\u0438\u043d, \u043b\u0438\u043c\u043e\u043d, \u043c\u043e\u0440\u0441\u043a\u043e\u0439 \u044f\u043d\u0442\u0430\u0440\u044c.<\/li>\n<\/ul>\n<p><strong>NB! \u041f\u0440\u0438 \u043f\u043e\u043a\u0443\u043f\u043a\u0435 \u043a\u043e\u0441\u043c\u0435\u0442\u0438\u043a\u0438 \u0432\u044b\u0431\u0435\u0440\u0438\u0442\u0435 \u043f\u043e\u0436\u0430\u043b\u0443\u0439\u0441\u0442\u0430 Smartpost \u0434\u043e\u0441\u0442\u0430\u0432\u043a\u0443!<\/strong><\/p>\n<p>\ud83c\uddfa\ud83c\uddf8 Victoria\u2019s Secret Limited Edition Splash Body Mist\u00a0(250ml)<\/p>\n<ul>\n<li><b>Love Spell Splash<\/b> \u2013 Type: <span style=\"font-weight: 400\">Fruity Fresh<\/span>, Notes: <span style=\"font-weight: 400\">raspberry glisten, peach tea, pomelo drip.<\/span><\/li>\n<li><strong><b>Pure Seduction Splash<\/b> <\/strong>\u2013 Type: <span style=\"font-weight: 400\">Fruity Floral<\/span>, Notes: <span style=\"font-weight: 400\">magnolia petals, juicy watermelon, liquid citrus<\/span>.<\/li>\n<li><b>Bare Vanilla Splash<\/b> \u2013\u00a0 Type: <span style=\"font-weight: 400\">Fresh Floral Gourmand<\/span>, Notes: <span style=\"font-weight: 400\">coconut flower, iridescent lotus, dewy vanilla<\/span>.<\/li>\n<li><strong><b>Velvet Petals Splash<\/b> <\/strong>\u2013 Type: <span style=\"font-weight: 400\">Aquatic Floral Gourmand<\/span>, Notes: <span style=\"font-weight: 400\">jasmine sparkle, pink lemon, sea amber<\/span>.<\/li>\n<\/ul>\n<p><strong>NB! When buying cosmetics, please choose a Smartpost delivery.<\/strong><\/p>\n","protected":false},"featured_media":13042,"template":"","meta":{"jetpack_publicize_message":"","jetpack_publicize_feature_enabled":true,"jetpack_social_post_already_shared":false,"jetpack_social_options":{"image_generator_settings":{"template":"highway","default_image_id":0,"font":"","enabled":false},"version":2}},"product_brand":[],"product_cat":[341],"product_tag":[],"class_list":{"0":"post-15183","1":"product","2":"type-product","3":"status-publish","4":"has-post-thumbnail","6":"product_cat-victorias-secret","7":"pa_lohn-bare-vanilla-splash","8":"pa_lohn-love-spell-splash","9":"pa_lohn-pure-seduction-splash","10":"pa_lohn-velvet-petals-splash","12":"first","13":"outofstock","14":"sale","15":"shipping-taxable","16":"product-type-variable"},"jetpack_publicize_connections":[],"jetpack_sharing_enabled":true,"jetpack_likes_enabled":true,"_links":{"self":[{"href":"https:\/\/superstore.ee\/index.php\/wp-json\/wp\/v2\/product\/15183","targetHints":{"allow":["GET"]}}],"collection":[{"href":"https:\/\/superstore.ee\/index.php\/wp-json\/wp\/v2\/product"}],"about":[{"href":"https:\/\/superstore.ee\/index.php\/wp-json\/wp\/v2\/types\/product"}],"wp:featuredmedia":[{"embeddable":true,"href":"https:\/\/superstore.ee\/index.php\/wp-json\/wp\/v2\/media\/13042"}],"wp:attachment":[{"href":"https:\/\/superstore.ee\/index.php\/wp-json\/wp\/v2\/media?parent=15183"}],"wp:term":[{"taxonomy":"product_brand","embeddable":true,"href":"https:\/\/superstore.ee\/index.php\/wp-json\/wp\/v2\/product_brand?post=15183"},{"taxonomy":"product_cat","embeddable":true,"href":"https:\/\/superstore.ee\/index.php\/wp-json\/wp\/v2\/product_cat?post=15183"},{"taxonomy":"product_tag","embeddable":true,"href":"https:\/\/superstore.ee\/index.php\/wp-json\/wp\/v2\/product_tag?post=15183"}],"curies":[{"name":"wp","href":"https:\/\/api.w.org\/{rel}","templated":true}]}}