{"id":15258,"date":"2024-03-29T15:51:19","date_gmt":"2024-03-29T13:51:19","guid":{"rendered":"https:\/\/superstore.ee\/?post_type=product&#038;p=15258"},"modified":"2025-04-12T16:29:16","modified_gmt":"2025-04-12T13:29:16","slug":"voluumi-andev-ripsmetuss-kiko-milano-extra-sculpt-volume-mascara","status":"publish","type":"product","link":"https:\/\/superstore.ee\/index.php\/toode\/voluumi-andev-ripsmetuss-kiko-milano-extra-sculpt-volume-mascara\/","title":{"rendered":"Vol\u00fc\u00fcmi andev ripsmetu\u0161\u0161 KIKO Milano Extra Sculpt Volume Mascara"},"content":{"rendered":"","protected":false},"excerpt":{"rendered":"<div class=\"ProductDetails__Sub hidden-md\">\n<p>\ud83c\uddea\ud83c\uddea Vol\u00fc\u00fcmi andev ripsmetu\u0161\u0161 KIKO Milano Extra Sculpt Volume Mascara (11ml)<\/p>\n<p>Ripsmetu\u0161\u0161, mis annab ripsmetele vol\u00fc\u00fcmi ja tihedust panoramefektiga. Sellel on tihe, kuid kreemjas tekstuur, mis on kerge peale kanda. Ripsmed on h\u00e4sti eraldatud ega ole kokku kleepunud.<\/p>\n<p>T\u00e4iustatud valem sisaldab aktiivseid koostisosi, mis toidavad ripsmeid. Uus liivakellakujuline hari jaotab tekstuuri \u00fchtlaselt. Harja ruudukujulised otsad j\u00f5uavad k\u00f5ige l\u00fchemate ja silmanurkade ripsmeteni.<\/p>\n<p>Oftalmoloogiliselt testitud. L\u00f5hnatu.<\/p>\n<p>\ud83c\uddf7\ud83c\uddfa \u0422\u0443\u0448\u044c \u0434\u043b\u044f \u0440\u0435\u0441\u043d\u0438\u0446 KIKO Milano Extra Sculpt Volume Mascara (11\u043c\u043b)<\/p>\n<p>\u0422\u0443\u0448\u044c \u0434\u043b\u044f \u043f\u0440\u0438\u0434\u0430\u043d\u0438\u044f \u0440\u0435\u0441\u043d\u0438\u0446\u0430\u043c \u043e\u0431\u044a\u0435\u043c\u0430 \u0438 \u043f\u043b\u043e\u0442\u043d\u043e\u0441\u0442\u0438 \u0441 \u043f\u0430\u043d\u043e\u0440\u0430\u043c\u043d\u044b\u043c \u044d\u0444\u0444\u0435\u043a\u0442\u043e\u043c. \u041e\u0431\u043b\u0430\u0434\u0430\u0435\u0442 \u0433\u0443\u0441\u0442\u043e\u0439, \u043d\u043e \u043a\u0440\u0435\u043c\u043e\u0432\u043e\u0439 \u0442\u0435\u043a\u0441\u0442\u0443\u0440\u043e\u0439, \u043b\u0435\u0433\u043a\u043e \u043d\u0430\u043d\u043e\u0441\u0438\u0442\u0441\u044f \u0438 \u0434\u043e\u043f\u043e\u043b\u043d\u044f\u0435\u0442\u0441\u044f. \u0420\u0435\u0441\u043d\u0438\u0446\u044b \u0445\u043e\u0440\u043e\u0448\u043e \u0440\u0430\u0437\u0434\u0435\u043b\u0435\u043d\u044b \u0438 \u043d\u0435 \u0441\u043a\u043b\u0435\u0435\u043d\u044b.<\/p>\n<p>\u0423\u043b\u0443\u0447\u0448\u0435\u043d\u043d\u0430\u044f \u0444\u043e\u0440\u043c\u0443\u043b\u0430 \u0441\u043e\u0434\u0435\u0440\u0436\u0438\u0442 \u0430\u043a\u0442\u0438\u0432\u043d\u044b\u0435 \u0438\u043d\u0433\u0440\u0435\u0434\u0438\u0435\u043d\u0442\u044b, \u043a\u043e\u0442\u043e\u0440\u044b\u0435 \u043f\u0438\u0442\u0430\u044e\u0442 \u0440\u0435\u0441\u043d\u0438\u0446\u044b.<\/p>\n<p>\u041d\u043e\u0432\u0430\u044f \u043a\u0438\u0441\u0442\u043e\u0447\u043a\u0430 \u0432 \u0444\u043e\u0440\u043c\u0435 \u043f\u0435\u0441\u043e\u0447\u043d\u044b\u0445 \u0447\u0430\u0441\u043e\u0432 \u0440\u0430\u0432\u043d\u043e\u043c\u0435\u0440\u043d\u043e \u0440\u0430\u0441\u043f\u0440\u0435\u0434\u0435\u043b\u044f\u0435\u0442 \u0442\u0435\u043a\u0441\u0442\u0443\u0440\u0443. \u041a\u0432\u0430\u0434\u0440\u0430\u0442\u043d\u044b\u0435 \u043a\u043e\u043d\u0446\u044b \u043a\u0438\u0441\u0442\u043e\u0447\u043a\u0438 \u0434\u043e\u0441\u0442\u0438\u0433\u0430\u044e\u0442 \u0441\u0430\u043c\u044b\u0445 \u043a\u043e\u0440\u043e\u0442\u043a\u0438\u0445 \u0440\u0435\u0441\u043d\u0438\u0446 \u0438 \u0442\u0435\u0445, \u0447\u0442\u043e \u0432 \u0443\u0433\u043e\u043b\u043a\u0430\u0445 \u0433\u043b\u0430\u0437.<\/p>\n<p>\u041e\u0444\u0442\u0430\u043b\u044c\u043c\u043e\u043b\u043e\u0433\u0438\u0447\u0435\u0441\u043a\u0438 \u043f\u0440\u043e\u0442\u0435\u0441\u0442\u0438\u0440\u043e\u0432\u0430\u043d\u0430. \u0411\u0435\u0437 \u0437\u0430\u043f\u0430\u0445\u0430.<\/p>\n<p>\ud83c\uddfa\ud83c\uddf8 KIKO Milano Extra Sculpt Volume Mascara (11ml)<\/p>\n<p>Volumizing mascara for fuller-looking lashes with a panoramic effect. Volumizing mascara for fuller-looking lashes with a panoramic effect. The thick yet creamy texture applies easily and is buildable. The lashes are well defined and clump-free.<\/p>\n<p>The improved formula has active ingredients that help nourish the lashes. The new hourglass-shaped brush evenly distributes the texture. The brush&#8217;s square ends reach the shortest lashes and those in the corners of the eyes.<\/p>\n<p>Ophthalmologically tested. Fragrance free.<\/p>\n<\/div>\n","protected":false},"featured_media":15261,"template":"","meta":{"jetpack_publicize_message":"","jetpack_publicize_feature_enabled":true,"jetpack_social_post_already_shared":false,"jetpack_social_options":{"image_generator_settings":{"template":"highway","default_image_id":0,"font":"","enabled":false},"version":2}},"product_brand":[],"product_cat":[973,340,631,983,982],"product_tag":[],"class_list":{"0":"post-15258","1":"product","2":"type-product","3":"status-publish","4":"has-post-thumbnail","6":"product_cat-makeup","7":"product_cat-kiko-milano","8":"product_cat-sale","9":"product_cat-mascara","10":"product_cat-eyes","11":"pa_varv-01-blonde","12":"pa_varv-02-chestnut","14":"first","15":"outofstock","16":"sale","17":"shipping-taxable","18":"purchasable","19":"product-type-simple"},"jetpack_publicize_connections":[],"jetpack_sharing_enabled":true,"jetpack_likes_enabled":true,"_links":{"self":[{"href":"https:\/\/superstore.ee\/index.php\/wp-json\/wp\/v2\/product\/15258","targetHints":{"allow":["GET"]}}],"collection":[{"href":"https:\/\/superstore.ee\/index.php\/wp-json\/wp\/v2\/product"}],"about":[{"href":"https:\/\/superstore.ee\/index.php\/wp-json\/wp\/v2\/types\/product"}],"wp:featuredmedia":[{"embeddable":true,"href":"https:\/\/superstore.ee\/index.php\/wp-json\/wp\/v2\/media\/15261"}],"wp:attachment":[{"href":"https:\/\/superstore.ee\/index.php\/wp-json\/wp\/v2\/media?parent=15258"}],"wp:term":[{"taxonomy":"product_brand","embeddable":true,"href":"https:\/\/superstore.ee\/index.php\/wp-json\/wp\/v2\/product_brand?post=15258"},{"taxonomy":"product_cat","embeddable":true,"href":"https:\/\/superstore.ee\/index.php\/wp-json\/wp\/v2\/product_cat?post=15258"},{"taxonomy":"product_tag","embeddable":true,"href":"https:\/\/superstore.ee\/index.php\/wp-json\/wp\/v2\/product_tag?post=15258"}],"curies":[{"name":"wp","href":"https:\/\/api.w.org\/{rel}","templated":true}]}}