{"id":15322,"date":"2024-04-14T19:23:55","date_gmt":"2024-04-14T17:23:55","guid":{"rendered":"https:\/\/superstore.ee\/?post_type=product&#038;p=15322"},"modified":"2025-04-12T16:28:42","modified_gmt":"2025-04-12T13:28:42","slug":"kiko-milano-nahahoolduskomplekt-naomask-ja-puhastusvahend","status":"publish","type":"product","link":"https:\/\/superstore.ee\/index.php\/toode\/kiko-milano-nahahoolduskomplekt-naomask-ja-puhastusvahend\/","title":{"rendered":"KIKO Milano nahahoolduskomplekt (n\u00e4omask ja puhastusvahend)"},"content":{"rendered":"","protected":false},"excerpt":{"rendered":"<p>\ud83c\uddea\ud83c\uddea Nahahoolduskomplekt KIKO Milano Holiday Premi\u00e8re Cuddle Time. N\u00e4omask ja puhastusvahend.<\/p>\n<p><strong>Komplekt sisaldab:<\/strong><br \/>\n<strong>&#8211; 1 x N\u00e4omask Holiday Premi\u00e8re Golden<\/strong>. S\u00e4rav ja meeldiv kasutada, see kuldne geelmask annab n\u00e4ole s\u00e4ra, samal ajal nahka toites. Rikastatud Hiina mandariini ekstraktiga, l\u00f5hnab magusalt vanilje j\u00e4rgi.<\/p>\n<p><strong>&#8211; 1 x S\u00fcgava puhastuse tarvik.<\/strong> Silikoonist harjake puhastab nahka ja tekitab meeldiva massaa\u017eitunde. Lihtne k\u00e4es hoida ja sellel on vaakumpadi seina kinnitamiseks.<\/p>\n<p>Ideaalne hooldusvahend teie naha eest hoolitsemiseks super toitva protseduuriga, muutes teie igap\u00e4evase hooldusrutiini t\u00e4ielikuks l\u00f5\u00f5gastumiseks.<\/p>\n<p>\ud83c\uddf7\ud83c\uddfa \u041d\u0430\u0431\u043e\u0440 \u0434\u043b\u044f \u0443\u0445\u043e\u0434\u0430 \u0437\u0430 \u043a\u043e\u0436\u0435\u0439 \u043b\u0438\u0446\u0430 KIKO Milano Holiday Premi\u00e8re Cuddle Time. \u041e\u0441\u0432\u0435\u0442\u043b\u044f\u044e\u0449\u0430\u044f \u043c\u0430\u0441\u043a\u0430 \u0434\u043b\u044f \u043b\u0438\u0446\u0430 \u0438 \u0449\u0435\u0442\u043e\u0447\u043a\u0430 \u0434\u043b\u044f \u043e\u0447\u0438\u0449\u0435\u043d\u0438\u044f.<\/p>\n<p><strong>\u041d\u0430\u0431\u043e\u0440 \u0432\u043a\u043b\u044e\u0447\u0430\u0435\u0442 \u0432 \u0441\u0435\u0431\u044f:<\/strong><br \/>\n<strong>-1 x \u041e\u0441\u0432\u0435\u0442\u043b\u044f\u044e\u0449\u0430\u044f \u043c\u0430\u0441\u043a\u0430 \u0434\u043b\u044f \u043b\u0438\u0446\u0430 Holiday Premi\u00e8re Golden. <\/strong>\u0421\u0432\u0435\u0440\u043a\u0430\u044e\u0449\u0430\u044f \u0438 \u043f\u0440\u0438\u044f\u0442\u043d\u0430\u044f \u0432 \u043f\u0440\u0438\u043c\u0435\u043d\u0435\u043d\u0438\u0438, \u044d\u0442\u0430 \u0437\u043e\u043b\u043e\u0442\u0430\u044f \u0433\u0435\u043b\u0435\u0432\u0430\u044f \u043c\u0430\u0441\u043a\u0430 \u043f\u0440\u0438\u0434\u0430\u0435\u0442 \u043a\u043e\u0436\u0435 \u043b\u0438\u0446\u0430 \u0441\u0438\u044f\u043d\u0438\u0435, \u043e\u0434\u043d\u043e\u0432\u0440\u0435\u043c\u0435\u043d\u043d\u043e \u043f\u0438\u0442\u0430\u044f \u0435\u0435. \u041e\u0431\u043e\u0433\u0430\u0449\u0435\u043d\u043d\u0430\u044f \u044d\u043a\u0441\u0442\u0440\u0430\u043a\u0442\u043e\u043c \u043a\u0438\u0442\u0430\u0439\u0441\u043a\u043e\u0433\u043e \u043c\u0430\u043d\u0434\u0430\u0440\u0438\u043d\u0430, \u0441\u043b\u0430\u0434\u043a\u043e \u043f\u0430\u0445\u043d\u0435\u0442 \u0432\u0430\u043d\u0438\u043b\u044c\u044e.<\/p>\n<p><strong>-1 x \u0410\u043a\u0441\u0435\u0441\u0441\u0443\u0430\u0440 \u0434\u043b\u044f \u0433\u043b\u0443\u0431\u043e\u043a\u043e\u0433\u043e \u043e\u0447\u0438\u0449\u0435\u043d\u0438\u044f.<\/strong> \u0421\u0438\u043b\u0438\u043a\u043e\u043d\u043e\u0432\u0430\u044f \u0449\u0435\u0442\u043e\u0447\u043a\u0430 \u043e\u0447\u0438\u0449\u0430\u0435\u0442 \u043a\u043e\u0436\u0443 \u0438 \u043f\u0440\u0438\u044f\u0442\u043d\u043e \u043c\u0430\u0441\u0441\u0438\u0440\u0443\u0435\u0442. \u041b\u0435\u0433\u043a\u043e \u0434\u0435\u0440\u0436\u0430\u0442\u044c \u0432 \u0440\u0443\u043a\u0435 \u0438 \u0438\u043c\u0435\u0435\u0442 \u043f\u0440\u0438\u0441\u043e\u0441\u043a\u0443 \u0434\u043b\u044f \u043a\u0440\u0435\u043f\u043b\u0435\u043d\u0438\u044f \u043d\u0430 \u0441\u0442\u0435\u043d\u0435.<\/p>\n<p>\u0418\u0434\u0435\u0430\u043b\u044c\u043d\u043e \u043f\u043e\u0434\u0445\u043e\u0434\u0438\u0442 \u0434\u043b\u044f \u0437\u0430\u0431\u043e\u0442\u044b \u043e \u0432\u0430\u0448\u0435\u0439 \u043a\u043e\u0436\u0435 \u0441 \u043f\u043e\u043c\u043e\u0449\u044c\u044e \u0441\u0443\u043f\u0435\u0440\u043f\u0438\u0442\u0430\u0442\u0435\u043b\u044c\u043d\u043e\u0439 \u043f\u0440\u043e\u0446\u0435\u0434\u0443\u0440\u044b, \u043f\u0440\u0435\u0432\u0440\u0430\u0449\u0430\u044f \u0432\u0430\u0448\u0443 \u0440\u0443\u0442\u0438\u043d\u0443 \u0443\u0445\u043e\u0434\u0430 \u0432 \u043c\u043e\u043c\u0435\u043d\u0442 \u043f\u043e\u043b\u043d\u043e\u0433\u043e \u0440\u0430\u0441\u0441\u043b\u0430\u0431\u043b\u0435\u043d\u0438\u044f.<\/p>\n<p>\ud83c\uddfa\ud83c\uddf8 KIKO Milano Holiday Premi\u00e8re Cuddle Time Skincare Gift Set. Skincare gift set: brightening face mask and cleansing tool<\/p>\n<p><strong>The gift set contains:<\/strong><br \/>\n<strong>-1 x\u00a0<\/strong><strong>Holiday Premi\u00e8re Golden Face Mask. <\/strong>Super bright, and fun to apply and wear, this gold gel mask gives the face a radiant glow whilst nourishing the skin. Enriched with Chinese mandarin extract, it\u2019s sweetly scented with vanilla.<\/p>\n<p><strong>-1 x Deep Cleanser Accessory. <\/strong>Silicon drop-shaped cleansing tool. Its soft bristles cleanse the skin whilst its harder bristles provide a gentle massage. It is easy to grip and features a suction cup for attaching it to the wall.<\/p>\n","protected":false},"featured_media":14494,"template":"","meta":{"jetpack_publicize_message":"","jetpack_publicize_feature_enabled":true,"jetpack_social_post_already_shared":false,"jetpack_social_options":{"image_generator_settings":{"template":"highway","default_image_id":0,"font":"","enabled":false},"version":2}},"product_brand":[],"product_cat":[972,340,971,966,964,965],"product_tag":[],"class_list":{"0":"post-15322","1":"product","2":"type-product","3":"status-publish","4":"has-post-thumbnail","6":"product_cat-accessories","7":"product_cat-kiko-milano","8":"product_cat-sets","9":"product_cat-masks","10":"product_cat-face-care","11":"product_cat-face-cleansers","13":"first","14":"outofstock","15":"sale","16":"shipping-taxable","17":"purchasable","18":"product-type-simple"},"jetpack_publicize_connections":[],"jetpack_sharing_enabled":true,"jetpack_likes_enabled":true,"_links":{"self":[{"href":"https:\/\/superstore.ee\/index.php\/wp-json\/wp\/v2\/product\/15322","targetHints":{"allow":["GET"]}}],"collection":[{"href":"https:\/\/superstore.ee\/index.php\/wp-json\/wp\/v2\/product"}],"about":[{"href":"https:\/\/superstore.ee\/index.php\/wp-json\/wp\/v2\/types\/product"}],"wp:featuredmedia":[{"embeddable":true,"href":"https:\/\/superstore.ee\/index.php\/wp-json\/wp\/v2\/media\/14494"}],"wp:attachment":[{"href":"https:\/\/superstore.ee\/index.php\/wp-json\/wp\/v2\/media?parent=15322"}],"wp:term":[{"taxonomy":"product_brand","embeddable":true,"href":"https:\/\/superstore.ee\/index.php\/wp-json\/wp\/v2\/product_brand?post=15322"},{"taxonomy":"product_cat","embeddable":true,"href":"https:\/\/superstore.ee\/index.php\/wp-json\/wp\/v2\/product_cat?post=15322"},{"taxonomy":"product_tag","embeddable":true,"href":"https:\/\/superstore.ee\/index.php\/wp-json\/wp\/v2\/product_tag?post=15322"}],"curies":[{"name":"wp","href":"https:\/\/api.w.org\/{rel}","templated":true}]}}