{"id":15353,"date":"2024-04-16T18:13:47","date_gmt":"2024-04-16T16:13:47","guid":{"rendered":"https:\/\/superstore.ee\/?post_type=product&#038;p=15353"},"modified":"2025-04-12T16:27:59","modified_gmt":"2025-04-12T13:27:59","slug":"niisutav-ja-toitev-huulepulk-kiko-milano-smart-fusion-lipstick-436-cold-brown","status":"publish","type":"product","link":"https:\/\/superstore.ee\/index.php\/toode\/niisutav-ja-toitev-huulepulk-kiko-milano-smart-fusion-lipstick-436-cold-brown\/","title":{"rendered":"Niisutav ja toitev huulepulk KIKO Milano Smart Fusion Lipstick (436 Cold Brown)"},"content":{"rendered":"","protected":false},"excerpt":{"rendered":"<p>\ud83c\uddea\ud83c\uddea KIKO Milano niisutav ja toitev huulepulk (<span style=\"font-weight: 400;\">436 Cold Brown<\/span><span style=\"font-weight: 400;\">)<\/span>. Kreemjas, \u00fcmbritsev tekstuur j\u00e4tab huultele pikaks ajaks imelise ja uskumatult pehme tunde. Huulepulk libiseb kergesti ja v\u00e4rv tuleb kohe esile.<\/p>\n<p>\ud83c\uddf7\ud83c\uddfa KIKO Milano \u0443\u0432\u043b\u0430\u0436\u043d\u044f\u044e\u0449\u0430\u044f \u0438 \u043f\u0438\u0442\u0430\u044e\u0449\u0430\u044f \u0433\u0443\u0431\u044b \u043f\u043e\u043c\u0430\u0434\u0430 (<span style=\"font-weight: 400;\">436 Cold Brown<\/span><span style=\"font-weight: 400;\">)<\/span>. \u041a\u0440\u0435\u043c\u043e\u0432\u0430\u044f, \u043e\u0431\u0432\u043e\u043b\u0430\u043a\u0438\u0432\u0430\u044e\u0449\u0430\u044f \u0442\u0435\u043a\u0441\u0442\u0443\u0440\u0430 \u043d\u0430\u0434\u043e\u043b\u0433\u043e \u043e\u0441\u0442\u0430\u0432\u043b\u044f\u0435\u0442 \u043d\u0430 \u0433\u0443\u0431\u0430\u0445 \u043e\u0449\u0443\u0449\u0435\u043d\u0438\u0435 \u043c\u044f\u0433\u043a\u043e\u0441\u0442\u0438. \u041b\u0435\u0433\u043a\u043e \u043d\u0430\u043d\u043e\u0441\u0438\u0442\u0441\u044f, \u0438 \u0446\u0432\u0435\u0442 \u043f\u0440\u043e\u044f\u0432\u043b\u044f\u0435\u0442\u0441\u044f \u0441\u0440\u0430\u0437\u0443.<\/p>\n<p>\ud83c\uddfa\ud83c\uddf8 KIKO Milano Smart Fusion Lipstick (<span style=\"font-weight: 400;\">436 Cold Brown<\/span><span style=\"font-weight: 400;\">)<\/span>. Rich and nourishing lipstick. The creamy, enveloping texture leaves the lips feeling wonderful and incredibly soft for a long time. The lipstick glides on easily and the colour is revealed immediately.<\/p>\n","protected":false},"featured_media":15363,"template":"","meta":{"jetpack_publicize_message":"","jetpack_publicize_feature_enabled":true,"jetpack_social_post_already_shared":false,"jetpack_social_options":{"image_generator_settings":{"template":"highway","default_image_id":0,"font":"","enabled":false},"version":2}},"product_brand":[],"product_cat":[987,986,973,340,631],"product_tag":[],"class_list":{"0":"post-15353","1":"product","2":"type-product","3":"status-publish","4":"has-post-thumbnail","6":"product_cat-lipstick","7":"product_cat-kiko-lips","8":"product_cat-makeup","9":"product_cat-kiko-milano","10":"product_cat-sale","11":"pa_varv-404-rosy-biscuit","12":"pa_varv-405-vintage-rose","13":"pa_varv-407-rosewood","14":"pa_varv-696","15":"pa_varv-442-universal-nude","16":"pa_varv-443-golden-coral","17":"pa_varv-448-hollywood-red","19":"first","20":"outofstock","21":"sale","22":"shipping-taxable","23":"purchasable","24":"product-type-simple"},"jetpack_publicize_connections":[],"jetpack_sharing_enabled":true,"jetpack_likes_enabled":true,"_links":{"self":[{"href":"https:\/\/superstore.ee\/index.php\/wp-json\/wp\/v2\/product\/15353","targetHints":{"allow":["GET"]}}],"collection":[{"href":"https:\/\/superstore.ee\/index.php\/wp-json\/wp\/v2\/product"}],"about":[{"href":"https:\/\/superstore.ee\/index.php\/wp-json\/wp\/v2\/types\/product"}],"wp:featuredmedia":[{"embeddable":true,"href":"https:\/\/superstore.ee\/index.php\/wp-json\/wp\/v2\/media\/15363"}],"wp:attachment":[{"href":"https:\/\/superstore.ee\/index.php\/wp-json\/wp\/v2\/media?parent=15353"}],"wp:term":[{"taxonomy":"product_brand","embeddable":true,"href":"https:\/\/superstore.ee\/index.php\/wp-json\/wp\/v2\/product_brand?post=15353"},{"taxonomy":"product_cat","embeddable":true,"href":"https:\/\/superstore.ee\/index.php\/wp-json\/wp\/v2\/product_cat?post=15353"},{"taxonomy":"product_tag","embeddable":true,"href":"https:\/\/superstore.ee\/index.php\/wp-json\/wp\/v2\/product_tag?post=15353"}],"curies":[{"name":"wp","href":"https:\/\/api.w.org\/{rel}","templated":true}]}}