{"id":15841,"date":"2024-06-09T14:48:25","date_gmt":"2024-06-09T12:48:25","guid":{"rendered":"https:\/\/superstore.ee\/?post_type=product&#038;p=15841"},"modified":"2024-12-27T15:00:16","modified_gmt":"2024-12-27T13:00:16","slug":"victorias-secret-pink-kookose-sara-andev-kehaoli-236ml-bestseller-conditioning-coconut-highlighting-body-oil","status":"publish","type":"product","link":"https:\/\/superstore.ee\/index.php\/toode\/victorias-secret-pink-kookose-sara-andev-kehaoli-236ml-bestseller-conditioning-coconut-highlighting-body-oil\/","title":{"rendered":"Victoria\u2019s Secret PINK Kookose s\u00e4ra andev keha\u00f5li (236ml) Conditioning Coconut Highlighting Body Oil"},"content":{"rendered":"","protected":false},"excerpt":{"rendered":"<p><span style=\"font-weight: 400;\">\ud83c\uddea\ud83c\uddea Victoria\u2019s Secret PINK Kookose s\u00e4ra andev keha\u00f5li (236ml) Conditioning Coconut Highlighting Body Oil<\/span><\/p>\n<p>See magus, s\u00e4delev \u00f5li l\u00f5hnab nagu kookos ja valgustab nahka nagu p\u00e4ike. Sisaldab kookos\u00f5li. Kerge koostis imendub koheselt nahka ega j\u00e4ta j\u00e4lgi, j\u00e4ttes maha ainult \u00fchtlase pronksise s\u00e4ra ja troopilise aroomi. Kehale m\u00f5eldud \u00f5li on kerge ja siidine tekstuuriga. Annab \u00f5rna jume, pronksise s\u00e4ra ja uskumatult meeldiva kookose l\u00f5hna!<\/p>\n<p><span style=\"font-weight: 400;\">\ud83c\uddf7\ud83c\uddfa Victoria\u2019s Secret PINK \u043a\u043e\u043a\u043e\u0441\u043e\u0432\u043e\u0435 \u043c\u0430\u0441\u043b\u043e \u0434\u043b\u044f \u0442\u0435\u043b\u0430 \u0441 \u0431\u0440\u043e\u043d\u0437\u0430\u0442\u043e\u0440\u043e\u043c (236 ml) Conditioning Coconut Highlighting Body Oil <\/span><\/p>\n<div class=\"flex flex-grow flex-col max-w-full\">\n<div class=\"min-h-[20px] text-message flex flex-col items-start whitespace-pre-wrap break-words [.text-message+&amp;]:mt-5 juice:w-full juice:items-end overflow-x-auto gap-2\" dir=\"auto\" data-message-author-role=\"assistant\" data-message-id=\"3f4f94aa-b33e-4383-b6a4-649fcfe6e28b\">\n<div class=\"flex w-full flex-col gap-1 juice:empty:hidden juice:first:pt-[3px]\">\n<div class=\"markdown prose w-full break-words dark:prose-invert light\">\u042d\u0442\u043e \u0441\u043b\u0430\u0434\u043a\u043e\u0435, \u043c\u0435\u0440\u0446\u0430\u044e\u0449\u0435\u0435 \u043c\u0430\u0441\u043b\u043e \u043f\u0430\u0445\u043d\u0435\u0442 \u043a\u043e\u043a\u043e\u0441\u043e\u043c \u0438 \u043e\u0441\u0432\u0435\u0449\u0430\u0435\u0442 \u043a\u043e\u0436\u0443, \u043a\u0430\u043a \u0441\u043e\u043b\u043d\u0446\u0435. \u0421\u043e\u0434\u0435\u0440\u0436\u0438\u0442 \u043a\u043e\u043a\u043e\u0441\u043e\u0432\u043e\u0435 \u043c\u0430\u0441\u043b\u043e. \u041b\u0435\u0433\u043a\u0430\u044f \u0444\u043e\u0440\u043c\u0443\u043b\u0430 \u043c\u0433\u043d\u043e\u0432\u0435\u043d\u043d\u043e \u0432\u043f\u0438\u0442\u044b\u0432\u0430\u0435\u0442\u0441\u044f \u0432 \u043a\u043e\u0436\u0443 \u0438 \u043d\u0435 \u043e\u0441\u0442\u0430\u0432\u043b\u044f\u0435\u0442 \u0441\u043b\u0435\u0434\u043e\u0432, \u043e\u0441\u0442\u0430\u0432\u043b\u044f\u044f \u043f\u043e\u0441\u043b\u0435 \u0441\u0435\u0431\u044f \u0442\u043e\u043b\u044c\u043a\u043e \u0440\u043e\u0432\u043d\u043e\u0435 \u0431\u0440\u043e\u043d\u0437\u043e\u0432\u043e\u0435 \u0441\u0438\u044f\u043d\u0438\u0435 \u0438 \u0442\u0440\u043e\u043f\u0438\u0447\u0435\u0441\u043a\u0438\u0439 \u0430\u0440\u043e\u043c\u0430\u0442. \u041c\u0430\u0441\u043b\u043e \u0434\u043b\u044f \u0442\u0435\u043b\u0430 \u0438\u043c\u0435\u0435\u0442 \u043b\u0435\u0433\u043a\u0443\u044e \u0438 \u0448\u0435\u043b\u043a\u043e\u0432\u0438\u0441\u0442\u0443\u044e \u0442\u0435\u043a\u0441\u0442\u0443\u0440\u0443. \u041f\u0440\u0438\u0434\u0430\u0435\u0442 \u043d\u0435\u0436\u043d\u044b\u0439 \u0446\u0432\u0435\u0442, \u0431\u0440\u043e\u043d\u0437\u043e\u0432\u043e\u0435 \u0441\u0438\u044f\u043d\u0438\u0435 \u0438 \u043d\u0435\u0432\u0435\u0440\u043e\u044f\u0442\u043d\u043e \u043f\u0440\u0438\u044f\u0442\u043d\u044b\u0439 \u0430\u0440\u043e\u043c\u0430\u0442 \u043a\u043e\u043a\u043e\u0441\u0430!<\/div>\n<\/div>\n<\/div>\n<\/div>\n<p><span style=\"font-weight: 400;\">\ud83c\uddfa\ud83c\uddf8 Victoria\u2019s Secret PINK Conditioning Coconut Highlighting Body Oil (236ml)<\/span><\/p>\n<p>Ready for an instant escape? This sweet, shimmery oil smells like a coconut and lights skin up like the sun. The lightweight formula sinks instantly into skin and is transfer-resistant, leaving behind only a seamless, bronzed glow and tropical scent.<\/p>\n","protected":false},"featured_media":16596,"template":"","meta":{"jetpack_publicize_message":"","jetpack_publicize_feature_enabled":true,"jetpack_social_post_already_shared":false,"jetpack_social_options":{"image_generator_settings":{"template":"highway","default_image_id":0,"font":"","enabled":false},"version":2}},"product_brand":[],"product_cat":[631,341],"product_tag":[],"class_list":{"0":"post-15841","1":"product","2":"type-product","3":"status-publish","4":"has-post-thumbnail","6":"product_cat-sale","7":"product_cat-victorias-secret","8":"pa_lohn-honey","9":"pa_lohn-honey-ginger","11":"first","12":"outofstock","13":"sale","14":"shipping-taxable","15":"purchasable","16":"product-type-simple"},"jetpack_publicize_connections":[],"jetpack_sharing_enabled":true,"jetpack_likes_enabled":true,"_links":{"self":[{"href":"https:\/\/superstore.ee\/index.php\/wp-json\/wp\/v2\/product\/15841","targetHints":{"allow":["GET"]}}],"collection":[{"href":"https:\/\/superstore.ee\/index.php\/wp-json\/wp\/v2\/product"}],"about":[{"href":"https:\/\/superstore.ee\/index.php\/wp-json\/wp\/v2\/types\/product"}],"wp:featuredmedia":[{"embeddable":true,"href":"https:\/\/superstore.ee\/index.php\/wp-json\/wp\/v2\/media\/16596"}],"wp:attachment":[{"href":"https:\/\/superstore.ee\/index.php\/wp-json\/wp\/v2\/media?parent=15841"}],"wp:term":[{"taxonomy":"product_brand","embeddable":true,"href":"https:\/\/superstore.ee\/index.php\/wp-json\/wp\/v2\/product_brand?post=15841"},{"taxonomy":"product_cat","embeddable":true,"href":"https:\/\/superstore.ee\/index.php\/wp-json\/wp\/v2\/product_cat?post=15841"},{"taxonomy":"product_tag","embeddable":true,"href":"https:\/\/superstore.ee\/index.php\/wp-json\/wp\/v2\/product_tag?post=15841"}],"curies":[{"name":"wp","href":"https:\/\/api.w.org\/{rel}","templated":true}]}}