{"id":15842,"date":"2024-06-09T14:48:46","date_gmt":"2024-06-09T12:48:46","guid":{"rendered":"https:\/\/superstore.ee\/?post_type=product&#038;p=15842"},"modified":"2024-12-26T20:25:32","modified_gmt":"2024-12-26T18:25:32","slug":"victorias-secret-pink-kookose-komplekt-kehasprei-250ml-sara-andev-kehaoli-236ml","status":"publish","type":"product","link":"https:\/\/superstore.ee\/index.php\/toode\/victorias-secret-pink-kookose-komplekt-kehasprei-250ml-sara-andev-kehaoli-236ml\/","title":{"rendered":"Victoria\u2019s Secret PINK Kookose komplekt (Kehasprei 250ml + S\u00e4ra andev keha\u00f5li 236ml)"},"content":{"rendered":"","protected":false},"excerpt":{"rendered":"<p><span style=\"font-weight: 400;\">\ud83c\uddea\ud83c\uddea Victoria\u2019s Secret PINK Kookose komplekt (Kehasprei 236ml + S\u00e4ra andev keha\u00f5li 236ml)<\/span><\/p>\n<p>Keha\u00f5li on kerge ja siidise koostisega. Annab \u00f5rna jume, pronksja s\u00e4ra ning uskumatult meeldiva kookose l\u00f5hna!<br \/>\n<span style=\"font-weight: 400;\">\ud83c\uddf7\ud83c\uddfa Victoria\u2019s Secret PINK \u043a\u043e\u043c\u043f\u043b\u0435\u043a\u0442 (\u043a\u043e\u043a\u043e\u0441\u043e\u0432\u043e \u0441\u043f\u0440\u0435\u0439 \u0434\u043b\u044f \u0442\u0435\u043b\u0430 \u0438 \u0432\u043e\u043b\u043e\u0441 236ml + \u043a\u043e\u043a\u043e\u0441\u043e\u0432\u043e\u0435 \u043c\u0430\u0441\u043b\u043e \u0434\u043b\u044f \u0442\u0435\u043b\u0430 \u0441 \u0431\u0440\u043e\u043d\u0437\u0430\u0442\u043e\u0440\u043e\u043c 236 ml)<\/span><\/p>\n<p>\u041c\u0430\u0441\u043b\u043e \u0434\u043b\u044f \u0442\u0435\u043b\u0430 \u0438\u043c\u0435\u0435\u0442 \u043b\u0435\u0433\u043a\u0443\u044e \u0438 \u0448\u0435\u043b\u043a\u043e\u0432\u0438\u0441\u0442\u0443\u044e \u0442\u0435\u043a\u0441\u0442\u0443\u0440\u0443. \u041f\u0440\u0438\u0434\u0430\u0435\u0442 \u043d\u0435\u0436\u043d\u044b\u0439 \u0446\u0432\u0435\u0442, \u0431\u0440\u043e\u043d\u0437\u043e\u0432\u043e\u0435 \u0441\u0438\u044f\u043d\u0438\u0435 \u0438 \u043d\u0435\u0432\u0435\u0440\u043e\u044f\u0442\u043d\u043e \u043f\u0440\u0438\u044f\u0442\u043d\u044b\u0439 \u0430\u0440\u043e\u043c\u0430\u0442 \u043a\u043e\u043a\u043e\u0441\u0430!<br \/>\n<span style=\"font-weight: 400;\">\ud83c\uddfa\ud83c\uddf8 Victoria\u2019s Secret PINK Fragrance Set (Coconut Body Glow Oil 236ml + Coconut Hair &amp; Body Mist 236ml)<\/span><\/p>\n<p>The body oil has a light and silky texture. Gives a delicate complexion, a bronze glow and an incredibly pleasant peach scent! Contains vitamin C, coconut oil and peach extract.<\/p>\n","protected":false},"featured_media":16592,"template":"","meta":{"jetpack_publicize_message":"","jetpack_publicize_feature_enabled":true,"jetpack_social_post_already_shared":false,"jetpack_social_options":{"image_generator_settings":{"template":"highway","default_image_id":0,"font":"","enabled":false},"version":2}},"product_brand":[],"product_cat":[342,631,341],"product_tag":[],"class_list":{"0":"post-15842","1":"product","2":"type-product","3":"status-publish","4":"has-post-thumbnail","6":"product_cat-komplektid-victorias-secret","7":"product_cat-sale","8":"product_cat-victorias-secret","10":"first","11":"outofstock","12":"sale","13":"shipping-taxable","14":"purchasable","15":"product-type-simple"},"jetpack_publicize_connections":[],"jetpack_sharing_enabled":true,"jetpack_likes_enabled":true,"_links":{"self":[{"href":"https:\/\/superstore.ee\/index.php\/wp-json\/wp\/v2\/product\/15842","targetHints":{"allow":["GET"]}}],"collection":[{"href":"https:\/\/superstore.ee\/index.php\/wp-json\/wp\/v2\/product"}],"about":[{"href":"https:\/\/superstore.ee\/index.php\/wp-json\/wp\/v2\/types\/product"}],"wp:featuredmedia":[{"embeddable":true,"href":"https:\/\/superstore.ee\/index.php\/wp-json\/wp\/v2\/media\/16592"}],"wp:attachment":[{"href":"https:\/\/superstore.ee\/index.php\/wp-json\/wp\/v2\/media?parent=15842"}],"wp:term":[{"taxonomy":"product_brand","embeddable":true,"href":"https:\/\/superstore.ee\/index.php\/wp-json\/wp\/v2\/product_brand?post=15842"},{"taxonomy":"product_cat","embeddable":true,"href":"https:\/\/superstore.ee\/index.php\/wp-json\/wp\/v2\/product_cat?post=15842"},{"taxonomy":"product_tag","embeddable":true,"href":"https:\/\/superstore.ee\/index.php\/wp-json\/wp\/v2\/product_tag?post=15842"}],"curies":[{"name":"wp","href":"https:\/\/api.w.org\/{rel}","templated":true}]}}