{"id":15852,"date":"2024-06-09T15:53:08","date_gmt":"2024-06-09T13:53:08","guid":{"rendered":"https:\/\/superstore.ee\/?post_type=product&#038;p=15852"},"modified":"2024-07-09T16:17:56","modified_gmt":"2024-07-09T14:17:56","slug":"victorias-secret-bare-vanilla-parfumeeritud-dusigeel-300-ml","status":"publish","type":"product","link":"https:\/\/superstore.ee\/index.php\/toode\/victorias-secret-bare-vanilla-parfumeeritud-dusigeel-300-ml\/","title":{"rendered":"Victoria&#8217;s Secret Bare Vanilla parf\u00fcmeeritud du\u0161igeel (300 ml)"},"content":{"rendered":"","protected":false},"excerpt":{"rendered":"<p><span style=\"font-weight:400\">\ud83c\uddea\ud83c\uddea <\/span><span style=\"font-weight:400\">Victoria\u2019s Secret Bare Vanilla parf\u00fcmeeritud du\u0161igeel(300 ml). V\u00e4ga kauap\u00fcsiv ja meeldiv l\u00f5hn!<\/span><br \/>\n<span style=\"font-weight:400\">V\u00e4rskendav du\u0161igeel aaloega, mis niisutab nahka ja annab uskumatult meeldiva aroomi.<\/span><\/p>\n<p><span style=\"font-weight:400\"><strong>L\u00f5hnastiil<\/strong><\/span>: Soe, m<span style=\"font-family:Bitter,serif;font-size:medium;font-style:normal;font-weight:400;letter-spacing:normal;text-transform:none;float:none;text-align:left\">agus \u2022Vahustatud vanilje. Pehme ka\u0161miir.<\/span> Vastupandamatu<br \/>\n<span style=\"font-weight:400\">K\u00f5ige kauem kestva l\u00f5hna saavutamiseks kasutage sobivat losjooni ja kehaspreit.<\/span><br \/>\n<span style=\"font-weight:400\">\ud83c\uddf7\ud83c\uddfa <\/span>\u041f\u0430\u0440\u0444\u044e\u043c\u0438\u0440\u043e\u0432\u0430\u043d\u043d\u044b\u0439 <span style=\"font-weight:400\">\u0433\u0435\u043b\u044c \u0434\u043b\u044f \u0434\u0443\u0448\u0430 \u043e\u0442 Victoria\u2019s Secret Bare Vanilla (300\u043c\u043b) <\/span><br \/>\n<span style=\"font-weight:400\">\u041e\u0441\u0432\u0435\u0436\u0430\u044e\u0449\u0430\u044f \u0444\u043e\u0440\u043c\u0443\u043b\u0430 \u0441 \u0430\u043b\u043e\u044d, \u043a\u043e\u0442\u043e\u0440\u0430\u044f \u0443\u0432\u043b\u0430\u0436\u043d\u044f\u0435\u0442 \u043a\u043e\u0436\u0443 \u0438 \u043f\u0440\u0438\u0434\u0430\u0435\u0442 \u043d\u0435\u0432\u0435\u0440\u043e\u044f\u0442\u043d\u043e \u043f\u0440\u0438\u044f\u0442\u043d\u044b\u0439 \u0430\u0440\u043e\u043c\u0430\u0442. <\/span><br \/>\n<span style=\"font-weight:400\"><strong>\u0421\u0442\u0438\u043b\u044c \u0430\u0440\u043e\u043c\u0430\u0442\u0430<\/strong>: <\/span>\u0441\u043b\u0430\u0434\u043a\u0438\u0439, \u0433\u0443\u0440\u043c\u0430\u043d\u0441\u043a\u0438\u0439 \u2022\u0412\u0437\u0431\u0438\u0442\u0430\u044f \u0432\u0430\u043d\u0438\u043b\u044c. \u041c\u044f\u0433\u043a\u0438\u0439 \u043a\u0430\u0448\u0435\u043c\u0438\u0440. \u041a\u043e\u0436\u0430 \u043a \u043a\u043e\u0436\u0435.<br \/>\n<span style=\"font-weight:400\">\u0414\u043b\u044f \u043d\u0430\u0438\u0431\u043e\u043b\u0435\u0435 \u0441\u0442\u043e\u0439\u043a\u043e\u0433\u043e \u0430\u0440\u043e\u043c\u0430\u0442\u0430 \u0438\u0441\u043f\u043e\u043b\u044c\u0437\u0443\u0439\u0442\u0435 \u0441\u043e\u043e\u0442\u0432\u0435\u0442\u0441\u0442\u0432\u0443\u044e\u0449\u0438\u0439 \u043b\u043e\u0441\u044c\u043e\u043d \u0438 \u0441\u043f\u0440\u0435\u0439.<\/span><br \/>\n<span style=\"font-weight:400\">\ud83c\uddfa\ud83c\uddf8 Victoria\u2019s Secret <\/span><span style=\"font-weight:400\">Refreshing Gel Body Bare Vanilla (300ml). Very long lasting and pleasant scent!<\/span><br \/>\n<span style=\"font-weight:400\"><strong>Fragrance Style<\/strong>: <\/span>Gourmand \u2022Whipped vanilla. Soft cashmere. Skin to skin.<br \/>\n<span style=\"font-weight:400\">Refreshing gel formula with skin-loving Aloe. For the most lasting fragrance experience, follow with matching lotion and mist.<\/span><\/p>\n","protected":false},"featured_media":15853,"template":"","meta":{"jetpack_publicize_message":"","jetpack_publicize_feature_enabled":true,"jetpack_social_post_already_shared":false,"jetpack_social_options":{"image_generator_settings":{"template":"highway","default_image_id":0,"font":"","enabled":false},"version":2}},"product_brand":[],"product_cat":[341],"product_tag":[],"class_list":{"0":"post-15852","1":"product","2":"type-product","3":"status-publish","4":"has-post-thumbnail","6":"product_cat-victorias-secret","8":"first","9":"outofstock","10":"sale","11":"shipping-taxable","12":"purchasable","13":"product-type-simple"},"jetpack_publicize_connections":[],"jetpack_sharing_enabled":true,"jetpack_likes_enabled":true,"_links":{"self":[{"href":"https:\/\/superstore.ee\/index.php\/wp-json\/wp\/v2\/product\/15852","targetHints":{"allow":["GET"]}}],"collection":[{"href":"https:\/\/superstore.ee\/index.php\/wp-json\/wp\/v2\/product"}],"about":[{"href":"https:\/\/superstore.ee\/index.php\/wp-json\/wp\/v2\/types\/product"}],"wp:featuredmedia":[{"embeddable":true,"href":"https:\/\/superstore.ee\/index.php\/wp-json\/wp\/v2\/media\/15853"}],"wp:attachment":[{"href":"https:\/\/superstore.ee\/index.php\/wp-json\/wp\/v2\/media?parent=15852"}],"wp:term":[{"taxonomy":"product_brand","embeddable":true,"href":"https:\/\/superstore.ee\/index.php\/wp-json\/wp\/v2\/product_brand?post=15852"},{"taxonomy":"product_cat","embeddable":true,"href":"https:\/\/superstore.ee\/index.php\/wp-json\/wp\/v2\/product_cat?post=15852"},{"taxonomy":"product_tag","embeddable":true,"href":"https:\/\/superstore.ee\/index.php\/wp-json\/wp\/v2\/product_tag?post=15852"}],"curies":[{"name":"wp","href":"https:\/\/api.w.org\/{rel}","templated":true}]}}