{"id":15865,"date":"2024-06-09T20:01:13","date_gmt":"2024-06-09T18:01:13","guid":{"rendered":"https:\/\/superstore.ee\/?post_type=product&#038;p=15865"},"modified":"2024-09-16T20:17:57","modified_gmt":"2024-09-16T17:17:57","slug":"victorias-secret-pink-virsiku-kehalosjoon-sadelusega-236ml-bestseller-shimmer-peach-luminous-body-creme","status":"publish","type":"product","link":"https:\/\/superstore.ee\/index.php\/toode\/victorias-secret-pink-virsiku-kehalosjoon-sadelusega-236ml-bestseller-shimmer-peach-luminous-body-creme\/","title":{"rendered":"Victoria\u2019s Secret PINK virsiku kehalosjoon s\u00e4delusega (236ml) Shimmer Peach Luminous Body Cr\u00e8me"},"content":{"rendered":"","protected":false},"excerpt":{"rendered":"<p><span style=\"font-weight: 400;\">\ud83c\uddea\ud83c\uddea Victoria\u2019s Secret PINK virsiku kehalosjoon s\u00e4delusega (236ml) Shimmer Peach Luminous Body Cr\u00e8me<\/span><\/p>\n<p>Kerge virsikul\u00f5hnaline kreem on rikastatud C-vitamiini, virsikuseemne\u00f5li ja suurep\u00e4rase kuldse s\u00e4delusega. Unikaalne kreemist \u00f5liks muutuv tekstuur tundub rikkalik, kuid imendub koheselt nahka, pakkudes niisutust ja andes kuldse jume. S\u00e4ra intensiivsus: madal.<br \/>\n<span style=\"font-weight: 400;\">\ud83c\uddf7\ud83c\uddfa Victoria\u2019s Secret PINK \u0441\u0438\u044f\u044e\u0449\u0438\u0439 \u043f\u0435\u0440\u0441\u0438\u043a\u043e\u0432\u044b\u0439 \u043a\u0440\u0435\u043c \u0434\u043b\u044f \u0442\u0435\u043b\u0430 (236 ml) Shimmer Peach Luminous Body Cr\u00e8me<\/span><\/p>\n<div class=\"flex flex-grow flex-col max-w-full\">\n<div class=\"min-h-[20px] text-message flex flex-col items-start whitespace-pre-wrap break-words [.text-message+&amp;]:mt-5 juice:w-full juice:items-end overflow-x-auto gap-2\" dir=\"auto\" data-message-author-role=\"assistant\" data-message-id=\"3f4f94aa-b33e-4383-b6a4-649fcfe6e28b\">\n<div class=\"flex w-full flex-col gap-1 juice:empty:hidden juice:first:pt-[3px]\">\n<div class=\"markdown prose w-full break-words dark:prose-invert light\">\u041b\u0435\u0433\u043a\u0438\u0439 \u043b\u043e\u0441\u044c\u043e\u043d \u0441 \u0430\u0440\u043e\u043c\u0430\u0442\u043e\u043c \u043f\u0435\u0440\u0441\u0438\u043a\u0430 \u043d\u0430\u0441\u044b\u0449\u0435\u043d \u0432\u0438\u0442\u0430\u043c\u0438\u043d\u043e\u043c C, \u043c\u0430\u0441\u043b\u043e\u043c \u043a\u043e\u0441\u0442\u043e\u0447\u0435\u043a \u043f\u0435\u0440\u0441\u0438\u043a\u0430 \u0438 \u0432\u0435\u043b\u0438\u043a\u043e\u043b\u0435\u043f\u043d\u044b\u043c \u0437\u043e\u043b\u043e\u0442\u0438\u0441\u0442\u044b\u043c \u043c\u0435\u0440\u0446\u0430\u043d\u0438\u0435\u043c. \u0423\u043d\u0438\u043a\u0430\u043b\u044c\u043d\u0430\u044f \u0442\u0435\u043a\u0441\u0442\u0443\u0440\u0430, \u043f\u0435\u0440\u0435\u0445\u043e\u0434\u044f\u0449\u0430\u044f \u0438\u0437 \u043a\u0440\u0435\u043c\u0430 \u0432 \u043c\u0430\u0441\u043b\u043e, \u043a\u0430\u0436\u0435\u0442\u0441\u044f \u043d\u0430\u0441\u044b\u0449\u0435\u043d\u043d\u043e\u0439, \u043d\u043e \u043c\u0433\u043d\u043e\u0432\u0435\u043d\u043d\u043e \u0432\u043f\u0438\u0442\u044b\u0432\u0430\u0435\u0442\u0441\u044f \u0432 \u043a\u043e\u0436\u0443, \u043e\u0431\u0435\u0441\u043f\u0435\u0447\u0438\u0432\u0430\u044f \u0443\u0432\u043b\u0430\u0436\u043d\u0435\u043d\u0438\u0435 \u0438 \u0437\u043e\u043b\u043e\u0442\u0438\u0441\u0442\u044b\u0439 \u043e\u0442\u0442\u0435\u043d\u043e\u043a. \u0418\u043d\u0442\u0435\u043d\u0441\u0438\u0432\u043d\u043e\u0441\u0442\u044c \u043c\u0435\u0440\u0446\u0430\u043d\u0438\u044f: \u043d\u0438\u0437\u043a\u0430\u044f.<\/div>\n<\/div>\n<\/div>\n<\/div>\n<p><span style=\"font-weight: 400;\">\ud83c\uddfa\ud83c\uddf8 Victoria\u2019s Secret PINK Shimmer Peach Luminous Body Cr\u00e8me (236ml)<\/span><\/p>\n<p>Think of this peachy-scented, lightweight \u201cglowtion\u201d as an IRL photo filter. It\u2019s packed with skin-brightening Vitamin C, Peach Kernel Oil, and gorgeous golden shimmer. The unique cream-to-oil texture feels rich but melts instantly into skin for a burst of moisture and veil of golden color. Shimmer intensity: Subtle<\/p>\n","protected":false},"featured_media":16614,"template":"","meta":{"jetpack_publicize_message":"","jetpack_publicize_feature_enabled":true,"jetpack_social_post_already_shared":false,"jetpack_social_options":{"image_generator_settings":{"template":"highway","default_image_id":0,"font":"","enabled":false},"version":2}},"product_brand":[],"product_cat":[341],"product_tag":[],"class_list":{"0":"post-15865","1":"product","2":"type-product","3":"status-publish","4":"has-post-thumbnail","6":"product_cat-victorias-secret","7":"pa_lohn-honey","8":"pa_lohn-honey-ginger","10":"first","11":"outofstock","12":"sale","13":"shipping-taxable","14":"purchasable","15":"product-type-simple"},"jetpack_publicize_connections":[],"jetpack_sharing_enabled":true,"jetpack_likes_enabled":true,"_links":{"self":[{"href":"https:\/\/superstore.ee\/index.php\/wp-json\/wp\/v2\/product\/15865","targetHints":{"allow":["GET"]}}],"collection":[{"href":"https:\/\/superstore.ee\/index.php\/wp-json\/wp\/v2\/product"}],"about":[{"href":"https:\/\/superstore.ee\/index.php\/wp-json\/wp\/v2\/types\/product"}],"wp:featuredmedia":[{"embeddable":true,"href":"https:\/\/superstore.ee\/index.php\/wp-json\/wp\/v2\/media\/16614"}],"wp:attachment":[{"href":"https:\/\/superstore.ee\/index.php\/wp-json\/wp\/v2\/media?parent=15865"}],"wp:term":[{"taxonomy":"product_brand","embeddable":true,"href":"https:\/\/superstore.ee\/index.php\/wp-json\/wp\/v2\/product_brand?post=15865"},{"taxonomy":"product_cat","embeddable":true,"href":"https:\/\/superstore.ee\/index.php\/wp-json\/wp\/v2\/product_cat?post=15865"},{"taxonomy":"product_tag","embeddable":true,"href":"https:\/\/superstore.ee\/index.php\/wp-json\/wp\/v2\/product_tag?post=15865"}],"curies":[{"name":"wp","href":"https:\/\/api.w.org\/{rel}","templated":true}]}}