{"id":15867,"date":"2024-06-09T20:11:36","date_gmt":"2024-06-09T18:11:36","guid":{"rendered":"https:\/\/superstore.ee\/?post_type=product&#038;p=15867"},"modified":"2024-09-17T09:29:31","modified_gmt":"2024-09-17T06:29:31","slug":"victorias-secret-pink-virsiku-komplekt-kehasprei-sadelusega-kehalosjoon-sadelusega","status":"publish","type":"product","link":"https:\/\/superstore.ee\/index.php\/toode\/victorias-secret-pink-virsiku-komplekt-kehasprei-sadelusega-kehalosjoon-sadelusega\/","title":{"rendered":"Victoria\u2019s Secret PINK Virsiku komplekt (Kehasprei s\u00e4delusega + Kehalosjoon s\u00e4delusega)"},"content":{"rendered":"","protected":false},"excerpt":{"rendered":"<p><span style=\"font-weight: 400\">\ud83c\uddea\ud83c\uddea Victoria\u2019s Secret PINK Virsiku komplekt (Kehasprei s\u00e4delusega 236ml + Kehalosjoon s\u00e4delusega 236ml)<\/span><\/p>\n<div class=\"flex flex-grow flex-col max-w-full\">\n<div class=\"min-h-[20px] text-message flex flex-col items-start whitespace-pre-wrap break-words [.text-message+&amp;]:mt-5 juice:w-full juice:items-end overflow-x-auto gap-2\" dir=\"auto\" data-message-author-role=\"assistant\" data-message-id=\"b35bf967-d379-4a9b-8889-825ed480b625\">\n<div class=\"flex w-full flex-col gap-1 juice:empty:hidden juice:first:pt-[3px]\">\n<div class=\"markdown prose w-full break-words dark:prose-invert light\">\n<p>Muuda oma nahk s\u00e4ravaks. V\u00e4rskendav sprei j\u00e4tab naha \u00f5rna virsiku\u00f5ie l\u00f5hnaga ja annab kerge kuldse s\u00e4ra. Sisaldab h\u00fcaluroonhapet ja vitamiin B5, mis niisutavad nahka. Lihtsalt piserdage \u00fcle kogu keha, eriti igal ajal, kui soovite lisada s\u00e4ra ja s\u00e4ravaid efekte.<\/p>\n<p>Kerge virsikul\u00f5hnaline kreem on rikastatud C-vitamiini, virsikuseemne\u00f5li ja suurep\u00e4rase kuldse s\u00e4delusega. Unikaalne kreemist \u00f5liks muutuv tekstuur tundub rikkalik, kuid imendub koheselt nahka, pakkudes niisutust ja andes kuldse jume. S\u00e4ra intensiivsus: madal.<\/p>\n<\/div>\n<\/div>\n<\/div>\n<\/div>\n<p><span style=\"font-weight: 400\">\ud83c\uddf7\ud83c\uddfa Victoria\u2019s Secret PINK \u043f\u0435\u0440\u0441\u0438\u043a\u043e\u0432\u044b\u0439 \u043a\u043e\u043c\u043f\u043b\u0435\u043a\u0442 (\u0441\u043f\u0440\u0435\u0439 \u0434\u043b\u044f \u0442\u0435\u043b\u0430 \u0441 \u0431\u043b\u0435\u0441\u0442\u043a\u0430\u043c\u0438 236ml + \u043a\u0440\u0435\u043c \u0434\u043b\u044f \u0442\u0435\u043b\u0430 236 ml)<\/span><\/p>\n<p>\u0421\u0438\u044f\u0439\u0442\u0435. \u041e\u0441\u0432\u0435\u0436\u0430\u044e\u0449\u0438\u0439 \u0441\u043f\u0440\u0435\u0439 \u043e\u0441\u0442\u0430\u0432\u043b\u044f\u0435\u0442 \u043a\u043e\u0436\u0443 \u0441 \u043b\u0435\u0433\u043a\u0438\u043c \u0430\u0440\u043e\u043c\u0430\u0442\u043e\u043c \u043f\u0435\u0440\u0441\u0438\u043a\u0430 \u0438 \u043f\u0440\u0438\u0434\u0430\u0435\u0442 \u043b\u0435\u0433\u043a\u0438\u0439 \u0437\u043e\u043b\u043e\u0442\u0438\u0441\u0442\u044b\u0439 \u0431\u043b\u0435\u0441\u043a. \u0421\u043e\u0434\u0435\u0440\u0436\u0438\u0442 \u0433\u0438\u0430\u043b\u0443\u0440\u043e\u043d\u043e\u0432\u0443\u044e \u043a\u0438\u0441\u043b\u043e\u0442\u0443 \u0438 \u0432\u0438\u0442\u0430\u043c\u0438\u043d B5, \u043a\u043e\u0442\u043e\u0440\u044b\u0435 \u0443\u0432\u043b\u0430\u0436\u043d\u044f\u044e\u0442 \u043a\u043e\u0436\u0443. \u041f\u0440\u043e\u0441\u0442\u043e \u0440\u0430\u0441\u043f\u044b\u043b\u0438\u0442\u0435 \u043f\u043e \u0432\u0441\u0435\u043c\u0443 \u0442\u0435\u043b\u0443, \u043e\u0441\u043e\u0431\u0435\u043d\u043d\u043e \u0432 \u043b\u044e\u0431\u043e\u0435 \u0432\u0440\u0435\u043c\u044f, \u043a\u043e\u0433\u0434\u0430 \u0437\u0430\u0445\u043e\u0442\u0438\u0442\u0435 \u0434\u043e\u0431\u0430\u0432\u0438\u0442\u044c \u0431\u043b\u0435\u0441\u043a\u0430 \u0438 \u0441\u0438\u044f\u043d\u0438\u044f.<\/p>\n<div class=\"flex flex-grow flex-col max-w-full\">\n<div class=\"min-h-[20px] text-message flex flex-col items-start whitespace-pre-wrap break-words [.text-message+&amp;]:mt-5 juice:w-full juice:items-end overflow-x-auto gap-2\" dir=\"auto\" data-message-author-role=\"assistant\" data-message-id=\"3f4f94aa-b33e-4383-b6a4-649fcfe6e28b\">\n<div class=\"flex w-full flex-col gap-1 juice:empty:hidden juice:first:pt-[3px]\">\n<div class=\"markdown prose w-full break-words dark:prose-invert light\">\n<p>\u041b\u0435\u0433\u043a\u0438\u0439 \u043b\u043e\u0441\u044c\u043e\u043d \u0441 \u0430\u0440\u043e\u043c\u0430\u0442\u043e\u043c \u043f\u0435\u0440\u0441\u0438\u043a\u0430 \u043d\u0430\u0441\u044b\u0449\u0435\u043d \u0432\u0438\u0442\u0430\u043c\u0438\u043d\u043e\u043c C, \u043c\u0430\u0441\u043b\u043e\u043c \u043a\u043e\u0441\u0442\u043e\u0447\u0435\u043a \u043f\u0435\u0440\u0441\u0438\u043a\u0430 \u0438 \u0432\u0435\u043b\u0438\u043a\u043e\u043b\u0435\u043f\u043d\u044b\u043c \u0437\u043e\u043b\u043e\u0442\u0438\u0441\u0442\u044b\u043c \u043c\u0435\u0440\u0446\u0430\u043d\u0438\u0435\u043c. \u0423\u043d\u0438\u043a\u0430\u043b\u044c\u043d\u0430\u044f \u0442\u0435\u043a\u0441\u0442\u0443\u0440\u0430, \u043f\u0435\u0440\u0435\u0445\u043e\u0434\u044f\u0449\u0430\u044f \u0438\u0437 \u043a\u0440\u0435\u043c\u0430 \u0432 \u043c\u0430\u0441\u043b\u043e, \u043a\u0430\u0436\u0435\u0442\u0441\u044f \u043d\u0430\u0441\u044b\u0449\u0435\u043d\u043d\u043e\u0439, \u043d\u043e \u043c\u0433\u043d\u043e\u0432\u0435\u043d\u043d\u043e \u0432\u043f\u0438\u0442\u044b\u0432\u0430\u0435\u0442\u0441\u044f \u0432 \u043a\u043e\u0436\u0443, \u043e\u0431\u0435\u0441\u043f\u0435\u0447\u0438\u0432\u0430\u044f \u0443\u0432\u043b\u0430\u0436\u043d\u0435\u043d\u0438\u0435 \u0438 \u0437\u043e\u043b\u043e\u0442\u0438\u0441\u0442\u044b\u0439 \u043e\u0442\u0442\u0435\u043d\u043e\u043a. \u0418\u043d\u0442\u0435\u043d\u0441\u0438\u0432\u043d\u043e\u0441\u0442\u044c \u043c\u0435\u0440\u0446\u0430\u043d\u0438\u044f: \u043d\u0438\u0437\u043a\u0430\u044f.<\/p>\n<\/div>\n<\/div>\n<\/div>\n<\/div>\n<p><span style=\"font-weight: 400\">\ud83c\uddfa\ud83c\uddf8 Victoria\u2019s Secret PINK Peach Set (Shimmer Peach Body Mist 236ml + Shimmer Peach Luminous Body Cr\u00e8me 236ml)<\/span><\/p>\n<div class=\"woocommerce-product-details__short-description\">\n<p>Get glowing. So peachy, so glimmery. Laced with hyaluronic acid and Vitamin B5 this refreshing body mist leaves skin with a light peach scent and veil of sunny gold shimmer. It\u2019s like a bottle of spray-on sunshine. Simply mist all over shoulders and limbs any time you want a hit of shimmer and shine.<\/p>\n<div class=\"woocommerce-product-details__short-description\">\n<p>Think of this peachy-scented, lightweight \u201cglowtion\u201d as an IRL photo filter. It\u2019s packed with skin-brightening Vitamin C, Peach Kernel Oil, and gorgeous golden shimmer. The unique cream-to-oil texture feels rich but melts instantly into skin for a burst of moisture and veil of golden color. Shimmer intensity: Subtle<\/p>\n<\/div>\n<\/div>\n","protected":false},"featured_media":16613,"template":"","meta":{"jetpack_publicize_message":"","jetpack_publicize_feature_enabled":true,"jetpack_social_post_already_shared":false,"jetpack_social_options":{"image_generator_settings":{"template":"highway","default_image_id":0,"font":"","enabled":false},"version":2}},"product_brand":[],"product_cat":[342,341],"product_tag":[],"class_list":{"0":"post-15867","1":"product","2":"type-product","3":"status-publish","4":"has-post-thumbnail","6":"product_cat-komplektid-victorias-secret","7":"product_cat-victorias-secret","9":"first","10":"outofstock","11":"sale","12":"shipping-taxable","13":"purchasable","14":"product-type-simple"},"jetpack_publicize_connections":[],"jetpack_sharing_enabled":true,"jetpack_likes_enabled":true,"_links":{"self":[{"href":"https:\/\/superstore.ee\/index.php\/wp-json\/wp\/v2\/product\/15867","targetHints":{"allow":["GET"]}}],"collection":[{"href":"https:\/\/superstore.ee\/index.php\/wp-json\/wp\/v2\/product"}],"about":[{"href":"https:\/\/superstore.ee\/index.php\/wp-json\/wp\/v2\/types\/product"}],"wp:featuredmedia":[{"embeddable":true,"href":"https:\/\/superstore.ee\/index.php\/wp-json\/wp\/v2\/media\/16613"}],"wp:attachment":[{"href":"https:\/\/superstore.ee\/index.php\/wp-json\/wp\/v2\/media?parent=15867"}],"wp:term":[{"taxonomy":"product_brand","embeddable":true,"href":"https:\/\/superstore.ee\/index.php\/wp-json\/wp\/v2\/product_brand?post=15867"},{"taxonomy":"product_cat","embeddable":true,"href":"https:\/\/superstore.ee\/index.php\/wp-json\/wp\/v2\/product_cat?post=15867"},{"taxonomy":"product_tag","embeddable":true,"href":"https:\/\/superstore.ee\/index.php\/wp-json\/wp\/v2\/product_tag?post=15867"}],"curies":[{"name":"wp","href":"https:\/\/api.w.org\/{rel}","templated":true}]}}