{"id":159,"date":"2021-12-05T13:20:14","date_gmt":"2021-12-05T13:20:14","guid":{"rendered":"https:\/\/superstore.ee\/?post_type=product&#038;p=159"},"modified":"2022-01-17T11:53:21","modified_gmt":"2022-01-17T09:53:21","slug":"naiste-calvin-klein-komplekt-puksid-t-sark","status":"publish","type":"product","link":"https:\/\/superstore.ee\/index.php\/toode\/naiste-calvin-klein-komplekt-puksid-t-sark\/","title":{"rendered":"Naiste Calvin Klein komplekt p\u00fcksid + T-s\u00e4rk"},"content":{"rendered":"","protected":false},"excerpt":{"rendered":"<p>Uus originaalne Calvin Klein komplekt p\u00fcksid + T-s\u00e4rk (pid\u017eaama\/kodukomplekt)<\/p>\n<p>Suurus: 14-16a <strong>(NB! Komplekt sobib M suurusele, p\u00fcksid sobivad pikkusele 170+ cm)<\/strong><\/p>\n<p>Materjal: 100% puuvill<\/p>\n<p>\u041d\u043e\u0432\u044b\u0439 \u043e\u0440\u0438\u0433\u0438\u043d\u0430\u043b\u044c\u043d\u044b\u0439 \u043a\u043e\u043c\u043f\u043b\u0435\u043a\u0442 Calvin Klein \u0448\u0442\u0430\u043d\u044b + \u0444\u0443\u0442\u0431\u043e\u043b\u043a\u0430 (\u043f\u0438\u0436\u0430\u043c\u043d\u044b\u0439 \u043a\u043e\u0441\u0442\u044e\u043c\/\u0434\u043e\u043c\u0430\u0448\u043d\u044f\u044f \u043e\u0434\u0435\u0436\u0434\u0430)<\/p>\n<p>\u0420\u0430\u0437\u043c\u0435\u0440: 14-16\u043b\u0435\u0442 <strong>(NB! \u041a\u043e\u043c\u043f\u043b\u0435\u043a\u0442 \u043f\u043e\u0434\u0445\u043e\u0434\u0438\u0442 \u0434\u043b\u044f \u0440\u0430\u0437\u043c\u0435\u0440\u0430 M, \u0431\u0440\u044e\u043a\u0438 \u043f\u043e\u0434\u0445\u043e\u0434\u044f\u0442 \u0434\u043b\u044f \u0434\u043b\u0438\u043d\u044b 170+ \u0441\u043c)<\/strong><\/p>\n<p>\u041c\u0430\u0442\u0435\u0440\u0438\u0430\u043b: 100% \u0445\u043b\u043e\u043f\u043e\u043a<\/p>\n","protected":false},"featured_media":160,"template":"","meta":{"jetpack_publicize_message":"","jetpack_publicize_feature_enabled":true,"jetpack_social_post_already_shared":false,"jetpack_social_options":{"image_generator_settings":{"template":"highway","default_image_id":0,"font":"","enabled":false},"version":2}},"product_brand":[],"product_cat":[15],"product_tag":[53,33,45,43,44],"class_list":{"0":"post-159","1":"product","2":"type-product","3":"status-publish","4":"has-post-thumbnail","6":"product_cat-maaramata","7":"product_tag-komplektid","8":"product_tag-naised","9":"product_tag-puksid","10":"product_tag-riided","11":"product_tag-tsargid","13":"first","14":"outofstock","15":"sale","16":"shipping-taxable","17":"purchasable","18":"product-type-simple"},"jetpack_publicize_connections":[],"jetpack_sharing_enabled":true,"jetpack_likes_enabled":true,"_links":{"self":[{"href":"https:\/\/superstore.ee\/index.php\/wp-json\/wp\/v2\/product\/159","targetHints":{"allow":["GET"]}}],"collection":[{"href":"https:\/\/superstore.ee\/index.php\/wp-json\/wp\/v2\/product"}],"about":[{"href":"https:\/\/superstore.ee\/index.php\/wp-json\/wp\/v2\/types\/product"}],"wp:featuredmedia":[{"embeddable":true,"href":"https:\/\/superstore.ee\/index.php\/wp-json\/wp\/v2\/media\/160"}],"wp:attachment":[{"href":"https:\/\/superstore.ee\/index.php\/wp-json\/wp\/v2\/media?parent=159"}],"wp:term":[{"taxonomy":"product_brand","embeddable":true,"href":"https:\/\/superstore.ee\/index.php\/wp-json\/wp\/v2\/product_brand?post=159"},{"taxonomy":"product_cat","embeddable":true,"href":"https:\/\/superstore.ee\/index.php\/wp-json\/wp\/v2\/product_cat?post=159"},{"taxonomy":"product_tag","embeddable":true,"href":"https:\/\/superstore.ee\/index.php\/wp-json\/wp\/v2\/product_tag?post=159"}],"curies":[{"name":"wp","href":"https:\/\/api.w.org\/{rel}","templated":true}]}}