{"id":15944,"date":"2024-06-16T13:21:04","date_gmt":"2024-06-16T11:21:04","guid":{"rendered":"https:\/\/superstore.ee\/?post_type=product&#038;p=15944"},"modified":"2024-06-28T18:24:25","modified_gmt":"2024-06-28T16:24:25","slug":"victorias-secret-bare-vanilla-cashmere-kehasprei-250ml","status":"publish","type":"product","link":"https:\/\/superstore.ee\/index.php\/toode\/victorias-secret-bare-vanilla-cashmere-kehasprei-250ml\/","title":{"rendered":"Victoria\u2019s Secret Bare Vanilla Cashmere Kehasprei (250ml)"},"content":{"rendered":"","protected":false},"excerpt":{"rendered":"<p>\ud83c\uddea\ud83c\uddea Victoria\u2019s Secret Bare Vanilla Cashmere Kehasprei (250ml)<\/p>\n<p><strong><em>Bare Vanilla Cashmere<\/em><\/strong> \u2013 L\u00f5hnastiil: \u00f5rn soe. Noodid: pat\u0161uli, vanilje orhidee, k\u00fcpress.<\/p>\n<p><em>Kombineerige sobiva kehakreemiga.<\/em><\/p>\n<p>\ud83c\uddf7\ud83c\uddfa Victoria\u2019s Secret Bare Vanilla Cashmere \u0441\u043f\u0440\u0435\u0439 \u0434\u043b\u044f \u0442\u0435\u043b\u0430 (250\u043c\u043b)<\/p>\n<p><strong><em>Bare Vanilla Cashmere<\/em><\/strong> \u2013 \u0421\u0442\u0438\u043b\u044c \u0430\u0440\u043e\u043c\u0430\u0442\u0430: \u043d\u0435\u0436\u043d\u044b\u0439, \u0442\u0435\u043f\u043b\u044b\u0439. \u041d\u043e\u0442\u044b: \u043f\u0430\u0447\u0443\u043b\u0438, \u0432\u0430\u043d\u0438\u043b\u044c\u043d\u0430\u044f \u043e\u0440\u0445\u0438\u0434\u0435\u044f, \u043a\u0438\u043f\u0430\u0440\u0438\u0441.<\/p>\n<p><em>\u0421\u043e\u0447\u0435\u0442\u0430\u0439\u0442\u0435 \u0441\u043f\u0440\u0435\u0439 \u0441 \u0441\u043e\u043e\u0442\u0432\u0435\u0442\u0441\u0442\u0432\u0443\u044e\u0449\u0438\u043c \u043b\u043e\u0441\u044c\u043e\u043d\u043e\u043c \u0434\u043b\u044f \u0442\u0435\u043b\u0430.<\/em><\/p>\n<p>\ud83c\uddfa\ud83c\uddf8 Victoria\u2019s Secret Bare Vanilla Cashmere Body Mist (250ml)<\/p>\n<p><strong><em>Bare Vanilla Cashmere<\/em><\/strong> \u2013 Fragrance Style: Delicate Warm. Notes: Soft Patchouli, Vanilla Orchid, Cypress.<\/p>\n<p><em>Pair it with matching Body Lotion.<\/em><\/p>\n","protected":false},"featured_media":15946,"template":"","meta":{"jetpack_publicize_message":"","jetpack_publicize_feature_enabled":true,"jetpack_social_post_already_shared":false,"jetpack_social_options":{"image_generator_settings":{"template":"highway","default_image_id":0,"font":"","enabled":false},"version":2}},"product_brand":[],"product_cat":[341],"product_tag":[],"class_list":{"0":"post-15944","1":"product","2":"type-product","3":"status-publish","4":"has-post-thumbnail","6":"product_cat-victorias-secret","8":"first","9":"outofstock","10":"sale","11":"shipping-taxable","12":"purchasable","13":"product-type-simple"},"jetpack_publicize_connections":[],"jetpack_sharing_enabled":true,"jetpack_likes_enabled":true,"_links":{"self":[{"href":"https:\/\/superstore.ee\/index.php\/wp-json\/wp\/v2\/product\/15944","targetHints":{"allow":["GET"]}}],"collection":[{"href":"https:\/\/superstore.ee\/index.php\/wp-json\/wp\/v2\/product"}],"about":[{"href":"https:\/\/superstore.ee\/index.php\/wp-json\/wp\/v2\/types\/product"}],"wp:featuredmedia":[{"embeddable":true,"href":"https:\/\/superstore.ee\/index.php\/wp-json\/wp\/v2\/media\/15946"}],"wp:attachment":[{"href":"https:\/\/superstore.ee\/index.php\/wp-json\/wp\/v2\/media?parent=15944"}],"wp:term":[{"taxonomy":"product_brand","embeddable":true,"href":"https:\/\/superstore.ee\/index.php\/wp-json\/wp\/v2\/product_brand?post=15944"},{"taxonomy":"product_cat","embeddable":true,"href":"https:\/\/superstore.ee\/index.php\/wp-json\/wp\/v2\/product_cat?post=15944"},{"taxonomy":"product_tag","embeddable":true,"href":"https:\/\/superstore.ee\/index.php\/wp-json\/wp\/v2\/product_tag?post=15944"}],"curies":[{"name":"wp","href":"https:\/\/api.w.org\/{rel}","templated":true}]}}