{"id":15993,"date":"2024-06-18T13:04:46","date_gmt":"2024-06-18T11:04:46","guid":{"rendered":"https:\/\/superstore.ee\/?post_type=product&#038;p=15993"},"modified":"2024-06-21T06:17:25","modified_gmt":"2024-06-21T04:17:25","slug":"victorias-secret-bare-vanilla-candied-komplekt-kehasprei-kehalosjoon","status":"publish","type":"product","link":"https:\/\/superstore.ee\/index.php\/toode\/victorias-secret-bare-vanilla-candied-komplekt-kehasprei-kehalosjoon\/","title":{"rendered":"Victoria\u2019s Secret Bare Vanilla Candied komplekt (Kehasprei + Kehalosjoon)"},"content":{"rendered":"","protected":false},"excerpt":{"rendered":"<p>\ud83c\uddea\ud83c\uddea Victoria\u2019s Secret <span style=\"font-weight: 400;\">Bare Vanilla<\/span>\u00a0Candied komplekt (Kehasprei 250ml + Parf\u00fcmeeritud Kehalosjoon 236ml)<\/p>\n<ul>\n<li><em><strong>Bare Vanilla Candied<\/strong><\/em> &#8211; T\u00fc\u00fcp: Puuviljane, h\u00f5rk. Noodid: Maasikapuru, vahukommilill, soe vanilje.<\/li>\n<\/ul>\n<p>\ud83c\uddf7\ud83c\uddfa Victoria\u2019s Secret <span style=\"font-weight: 400;\">Bare Vanilla<\/span>\u00a0Candied \u043a\u043e\u043c\u043f\u043b\u0435\u043a\u0442 (\u0421\u043f\u0440\u0435\u0439 \u0434\u043b\u044f \u0442\u0435\u043b\u0430 250ml + \u041f\u0430\u0440\u0444\u044e\u043c\u0438\u0440\u043e\u0432\u0430\u043d\u043d\u044b\u0439 \u043b\u043e\u0441\u044c\u043e\u043d 236ml)<\/p>\n<ul>\n<li><em><strong>Bare Vanilla Candied<\/strong><\/em> &#8211; \u0422\u0438\u043f:\u043a\u043b\u0443\u0431\u043d\u0438\u0447\u043d\u044b\u0439 \u043a\u0440\u0430\u043c\u0431\u043b, \u0446\u0432\u0435\u0442\u043e\u043a \u0437\u0435\u0444\u0438\u0440\u0430, \u0442\u0435\u043f\u043b\u0430\u044f \u0432\u0430\u043d\u0438\u043b\u044c. \u041d\u043e\u0442\u044b: \u0444\u0440\u0443\u043a\u0442\u043e\u0432\u044b\u0439, \u0441\u043b\u0430\u0434\u043a\u0438\u0439.<\/li>\n<\/ul>\n<p>\ud83c\uddfa\ud83c\uddf8 Victoria\u2019s Secret <span style=\"font-weight: 400;\">Bare Vanilla<\/span>\u00a0Candied Set (Fragrance Mist 250ml + Fragrance Lotion 236ml)<\/p>\n<ul>\n<li><em><strong>Bare Vanilla Candied<\/strong><\/em> &#8211; Type: fruity, sweet. Notes: strawberry crumble, marshmallow flower, warm vanilla.<\/li>\n<\/ul>\n","protected":false},"featured_media":14747,"template":"","meta":{"jetpack_publicize_message":"","jetpack_publicize_feature_enabled":true,"jetpack_social_post_already_shared":false,"jetpack_social_options":{"image_generator_settings":{"template":"highway","default_image_id":0,"font":"","enabled":false},"version":2}},"product_brand":[],"product_cat":[342,341],"product_tag":[],"class_list":{"0":"post-15993","1":"product","2":"type-product","3":"status-publish","4":"has-post-thumbnail","6":"product_cat-komplektid-victorias-secret","7":"product_cat-victorias-secret","8":"pa_lohn-bare-vanilla-candied","9":"pa_lohn-love-spell-candied","10":"pa_lohn-pure-seduction-candied-2","11":"pa_lohn-velvet-petals-candied","13":"first","14":"outofstock","15":"sale","16":"shipping-taxable","17":"purchasable","18":"product-type-simple"},"jetpack_publicize_connections":[],"jetpack_sharing_enabled":true,"jetpack_likes_enabled":true,"_links":{"self":[{"href":"https:\/\/superstore.ee\/index.php\/wp-json\/wp\/v2\/product\/15993","targetHints":{"allow":["GET"]}}],"collection":[{"href":"https:\/\/superstore.ee\/index.php\/wp-json\/wp\/v2\/product"}],"about":[{"href":"https:\/\/superstore.ee\/index.php\/wp-json\/wp\/v2\/types\/product"}],"wp:featuredmedia":[{"embeddable":true,"href":"https:\/\/superstore.ee\/index.php\/wp-json\/wp\/v2\/media\/14747"}],"wp:attachment":[{"href":"https:\/\/superstore.ee\/index.php\/wp-json\/wp\/v2\/media?parent=15993"}],"wp:term":[{"taxonomy":"product_brand","embeddable":true,"href":"https:\/\/superstore.ee\/index.php\/wp-json\/wp\/v2\/product_brand?post=15993"},{"taxonomy":"product_cat","embeddable":true,"href":"https:\/\/superstore.ee\/index.php\/wp-json\/wp\/v2\/product_cat?post=15993"},{"taxonomy":"product_tag","embeddable":true,"href":"https:\/\/superstore.ee\/index.php\/wp-json\/wp\/v2\/product_tag?post=15993"}],"curies":[{"name":"wp","href":"https:\/\/api.w.org\/{rel}","templated":true}]}}