{"id":15996,"date":"2024-06-18T13:14:33","date_gmt":"2024-06-18T11:14:33","guid":{"rendered":"https:\/\/superstore.ee\/?post_type=product&#038;p=15996"},"modified":"2024-08-12T10:08:02","modified_gmt":"2024-08-12T08:08:02","slug":"victorias-secret-velvet-petals-candied-komplekt-kehasprei-kehalosjoon","status":"publish","type":"product","link":"https:\/\/superstore.ee\/index.php\/toode\/victorias-secret-velvet-petals-candied-komplekt-kehasprei-kehalosjoon\/","title":{"rendered":"Victoria\u2019s Secret Velvet Petals Candied komplekt (Kehasprei + Kehalosjoon)"},"content":{"rendered":"","protected":false},"excerpt":{"rendered":"<p>\ud83c\uddea\ud83c\uddea Victoria\u2019s Secret Velvet Petals Candied komplekt (Kehasprei 250ml + Parf\u00fcmeeritud Kehalosjoon 236ml)<\/p>\n<ul>\n<li><em><strong>Velvet Petals Candied<\/strong><\/em> &#8211; T\u00fc\u00fcp: Lilleline, h\u00f5rk. Noodid: karamellilint, glasuuritud \u00f5ielehed, p\u00e4hkline pralinee.<\/li>\n<\/ul>\n<p>\ud83c\uddf7\ud83c\uddfa Victoria\u2019s Secret Velvet Petals Candied \u043a\u043e\u043c\u043f\u043b\u0435\u043a\u0442 (\u0421\u043f\u0440\u0435\u0439 \u0434\u043b\u044f \u0442\u0435\u043b\u0430 250ml + \u041f\u0430\u0440\u0444\u044e\u043c\u0438\u0440\u043e\u0432\u0430\u043d\u043d\u044b\u0439 \u043b\u043e\u0441\u044c\u043e\u043d 236ml)<\/p>\n<ul>\n<li><em><strong>Velvet Petals Candied<\/strong><\/em> &#8211; \u0422\u0438\u043f: \u0426\u0432\u0435\u0442\u043e\u0447\u043d\u044b\u0439, \u0441\u043b\u0430\u0434\u043a\u0438\u0439. \u041d\u043e\u0442\u044b: \u043a\u0430\u0440\u0430\u043c\u0435\u043b\u044c, \u0433\u043b\u0430\u0437\u0438\u0440\u043e\u0432\u0430\u043d\u043d\u044b\u0435 \u043b\u0435\u043f\u0435\u0441\u0442\u043a\u0438 \u0446\u0432\u0435\u0442\u043e\u0432, \u043e\u0440\u0435\u0445\u043e\u0432\u043e\u0435 \u043f\u0440\u0430\u043b\u0438\u043d\u0435.<\/li>\n<\/ul>\n<p>\ud83c\uddfa\ud83c\uddf8 Victoria\u2019s Secret Velvet Petals Candied Set (Fragrance Mist 250ml + Fragrance Lotion 236ml)<\/p>\n<ul>\n<li><em><strong>Velvet Petals Candied<\/strong><\/em> &#8211; Type: Floral Gourmand. Notes: caramel ribbon, glazed petals, nutty praline<\/li>\n<\/ul>\n","protected":false},"featured_media":14748,"template":"","meta":{"jetpack_publicize_message":"","jetpack_publicize_feature_enabled":true,"jetpack_social_post_already_shared":false,"jetpack_social_options":{"image_generator_settings":{"template":"highway","default_image_id":0,"font":"","enabled":false},"version":2}},"product_brand":[],"product_cat":[342,341],"product_tag":[],"class_list":{"0":"post-15996","1":"product","2":"type-product","3":"status-publish","4":"has-post-thumbnail","6":"product_cat-komplektid-victorias-secret","7":"product_cat-victorias-secret","8":"pa_lohn-bare-vanilla-candied","9":"pa_lohn-love-spell-candied","10":"pa_lohn-pure-seduction-candied-2","11":"pa_lohn-velvet-petals-candied","13":"first","14":"outofstock","15":"sale","16":"shipping-taxable","17":"purchasable","18":"product-type-simple"},"jetpack_publicize_connections":[],"jetpack_sharing_enabled":true,"jetpack_likes_enabled":true,"_links":{"self":[{"href":"https:\/\/superstore.ee\/index.php\/wp-json\/wp\/v2\/product\/15996","targetHints":{"allow":["GET"]}}],"collection":[{"href":"https:\/\/superstore.ee\/index.php\/wp-json\/wp\/v2\/product"}],"about":[{"href":"https:\/\/superstore.ee\/index.php\/wp-json\/wp\/v2\/types\/product"}],"wp:featuredmedia":[{"embeddable":true,"href":"https:\/\/superstore.ee\/index.php\/wp-json\/wp\/v2\/media\/14748"}],"wp:attachment":[{"href":"https:\/\/superstore.ee\/index.php\/wp-json\/wp\/v2\/media?parent=15996"}],"wp:term":[{"taxonomy":"product_brand","embeddable":true,"href":"https:\/\/superstore.ee\/index.php\/wp-json\/wp\/v2\/product_brand?post=15996"},{"taxonomy":"product_cat","embeddable":true,"href":"https:\/\/superstore.ee\/index.php\/wp-json\/wp\/v2\/product_cat?post=15996"},{"taxonomy":"product_tag","embeddable":true,"href":"https:\/\/superstore.ee\/index.php\/wp-json\/wp\/v2\/product_tag?post=15996"}],"curies":[{"name":"wp","href":"https:\/\/api.w.org\/{rel}","templated":true}]}}