{"id":16040,"date":"2024-06-19T18:18:57","date_gmt":"2024-06-19T16:18:57","guid":{"rendered":"https:\/\/superstore.ee\/?post_type=product&#038;p=16040"},"modified":"2024-06-19T18:19:33","modified_gmt":"2024-06-19T16:19:33","slug":"victorias-secret-gilded-gala-parfumeeritud-kehalosjoon-236ml","status":"publish","type":"product","link":"https:\/\/superstore.ee\/index.php\/toode\/victorias-secret-gilded-gala-parfumeeritud-kehalosjoon-236ml\/","title":{"rendered":"Victoria\u2019s Secret Gilded Gala Parf\u00fcmeeritud Kehalosjoon (236ml)"},"content":{"rendered":"","protected":false},"excerpt":{"rendered":"<p>\ud83c\uddea\ud83c\uddea Victoria\u2019s Secret Parf\u00fcmeeritud Kehalosjoon Gilded Gala (250ml)<\/p>\n<p style=\"text-align: left;\"><em><strong>Sugar Plum Fig<\/strong> <\/em>\u2013 L\u00f5hnastiil: puuviljane soe. Noodid: suhkrustatud viigimarja, apelsin kaneeliga, \u00f5rn roos.<\/p>\n<p><em><strong>Vanilla Amber Bourbon<\/strong><\/em> &#8211; L\u00f5hnastiil: magus, soe, h\u00f5rk. Noodid: vanilje merevaik, sile burboon, orhidee kroonlehe<\/p>\n<div class=\"sc-s4utl4-0 iHWVeS prism-layout-item-flex prism-layout-item sc-1dho2f2-9 fhkzkI\">\n<div class=\"sc-1dho2f2-4 lnIKHc\"><em><strong><span class=\"sc-1916wqc-0 jKKLdk prism-typography\" data-testid=\"SelectedChoiceLabel\">Ginger Apple Jewel<\/span><\/strong><\/em> <span class=\"sc-1916wqc-0 jKKLdk prism-typography\" data-testid=\"SelectedChoiceLabel\">\u2013 L\u00f5hnastiil: v\u00e4rske puuviljane. Noodid: s\u00e4rav ingver, muskus\u00f5un, hapukas j\u00f5hvikas.<\/span><\/div>\n<\/div>\n<p><em>Kauakestva l\u00f5hnaelamuse saamiseks \u00fchendage sobiva l\u00f5hnakreemiga.<\/em><\/p>\n<p>\ud83c\uddf7\ud83c\uddfa Victoria\u2019s Secret \u041f\u0430\u0440\u0444\u044e\u043c\u0438\u0440\u043e\u0432\u0430\u043d\u043d\u044b\u0439 \u043b\u043e\u0441\u044c\u043e\u043d \u0434\u043b\u044f \u0442\u0435\u043b\u0430 (236ml)<\/p>\n<p><em><strong>Sugar Plum Fig<\/strong> <\/em> \u2013 \u0421\u0442\u0438\u043b\u044c \u0430\u0440\u043e\u043c\u0430\u0442\u0430: \u0444\u0440\u0443\u043a\u0442\u043e\u0432\u044b\u0439, \u0442\u0435\u043f\u043b\u044b\u0439. \u041d\u043e\u0442\u044b: \u0437\u0430\u0441\u0430\u0445\u0430\u0440\u0435\u043d\u043d\u044b\u0439 \u0438\u043d\u0436\u0438\u0440, \u0430\u043f\u0435\u043b\u044c\u0441\u0438\u043d \u0441 \u043a\u043e\u0440\u0438\u0446\u0435\u0439, \u0440\u043e\u0437\u0430.<\/p>\n<p><em><strong>Vanilla Amber Bourbon<\/strong><\/em> &#8211; \u0421\u0442\u0438\u043b\u044c \u0430\u0440\u043e\u043c\u0430\u0442\u0430: \u0441\u043b\u0430\u0434\u043a\u0438\u0439, \u0442\u0435\u043f\u043b\u044b\u0439, \u0432\u043a\u0443\u0441\u043d\u044b\u0439. \u041d\u043e\u0442\u044b: \u0432\u0430\u043d\u0438\u043b\u044c, \u0430\u043c\u0431\u0440\u0430, \u043c\u044f\u0433\u043a\u0438\u0439 \u0431\u0443\u0440\u0431\u043e\u043d, \u043b\u0435\u043f\u0435\u0441\u0442\u043a\u0438 \u043e\u0440\u0445\u0438\u0434\u0435\u0438.<\/p>\n<p><strong><em>Ginger Apple Jewel<\/em><\/strong> \u2014 \u0421\u0442\u0438\u043b\u044c \u0430\u0440\u043e\u043c\u0430\u0442\u0430: \u0441\u0432\u0435\u0436\u0438\u0439 \u0444\u0440\u0443\u043a\u0442\u043e\u0432\u044b\u0439. \u041d\u043e\u0442\u044b: \u044f\u0440\u043a\u0438\u0439 \u0438\u043c\u0431\u0438\u0440\u044c, \u043c\u0443\u0441\u043a\u0443\u0441\u043d\u043e\u0435 \u044f\u0431\u043b\u043e\u043a\u043e, \u0442\u0435\u0440\u043f\u043a\u0430\u044f \u043a\u043b\u044e\u043a\u0432\u0430.<\/p>\n<p><em>\u0421\u043e\u0447\u0435\u0442\u0430\u0439\u0442\u0435 \u0441 \u0441\u043e\u043e\u0442\u0432\u0435\u0442\u0441\u0442\u0432\u0443\u044e\u0449\u0438\u043c \u043b\u043e\u0441\u044c\u043e\u043d\u043e\u043c Fragrance Lotion \u0434\u043b\u044f \u0434\u043b\u0438\u0442\u0435\u043b\u044c\u043d\u043e\u0433\u043e \u043e\u0449\u0443\u0449\u0435\u043d\u0438\u044f \u0430\u0440\u043e\u043c\u0430\u0442\u0430.<\/em><\/p>\n<p>\ud83c\uddfa\ud83c\uddf8 Victoria\u2019s Secret Gilded Gala Fragrance Lotion (236ml)<\/p>\n<p><em><strong>Sugar Plum Fig<\/strong> <\/em>\u2013 Fragrance Style: Fruity Warm. Notes: sugared fig, cinnamon orange, delicate rose.<\/p>\n<p><em><strong>Vanilla Amber Bourbon<\/strong><\/em> &#8211; Fragrance Style: Sweet, warm, delicious. Notes: vanilla, amber, soft bourbon, orchid petals.<\/p>\n<p><em><strong><span class=\"sc-1916wqc-0 jKKLdk prism-typography\" data-testid=\"SelectedChoiceLabel\">Ginger Apple Jewel<\/span><\/strong> <\/em>\u2013 Fragrance Style: Fresh Fruity. Notes: bright ginger, musky apple, tart cranberry.<\/p>\n<div class=\"woocommerce-product-details__short-description\">\n<p><em>Pair with matching Fragrance Lotion for a long-lasting fragrance experience.<\/em><\/p>\n<\/div>\n","protected":false},"featured_media":14808,"template":"","meta":{"jetpack_publicize_message":"","jetpack_publicize_feature_enabled":true,"jetpack_social_post_already_shared":false,"jetpack_social_options":{"image_generator_settings":{"template":"highway","default_image_id":0,"font":"","enabled":false},"version":2}},"product_brand":[],"product_cat":[341],"product_tag":[],"class_list":{"0":"post-16040","1":"product","2":"type-product","3":"status-publish","4":"has-post-thumbnail","6":"product_cat-victorias-secret","7":"pa_lohn-ginger-apple-jewel","8":"pa_lohn-sugar-plum-fig","9":"pa_lohn-vanilla-amber-bourbon","11":"first","12":"outofstock","13":"sale","14":"shipping-taxable","15":"product-type-variable"},"jetpack_publicize_connections":[],"jetpack_sharing_enabled":true,"jetpack_likes_enabled":true,"_links":{"self":[{"href":"https:\/\/superstore.ee\/index.php\/wp-json\/wp\/v2\/product\/16040","targetHints":{"allow":["GET"]}}],"collection":[{"href":"https:\/\/superstore.ee\/index.php\/wp-json\/wp\/v2\/product"}],"about":[{"href":"https:\/\/superstore.ee\/index.php\/wp-json\/wp\/v2\/types\/product"}],"wp:featuredmedia":[{"embeddable":true,"href":"https:\/\/superstore.ee\/index.php\/wp-json\/wp\/v2\/media\/14808"}],"wp:attachment":[{"href":"https:\/\/superstore.ee\/index.php\/wp-json\/wp\/v2\/media?parent=16040"}],"wp:term":[{"taxonomy":"product_brand","embeddable":true,"href":"https:\/\/superstore.ee\/index.php\/wp-json\/wp\/v2\/product_brand?post=16040"},{"taxonomy":"product_cat","embeddable":true,"href":"https:\/\/superstore.ee\/index.php\/wp-json\/wp\/v2\/product_cat?post=16040"},{"taxonomy":"product_tag","embeddable":true,"href":"https:\/\/superstore.ee\/index.php\/wp-json\/wp\/v2\/product_tag?post=16040"}],"curies":[{"name":"wp","href":"https:\/\/api.w.org\/{rel}","templated":true}]}}