{"id":1605,"date":"2022-02-11T22:03:36","date_gmt":"2022-02-11T20:03:36","guid":{"rendered":"https:\/\/superstore.ee\/?post_type=product&#038;p=1605"},"modified":"2022-04-07T21:34:15","modified_gmt":"2022-04-07T19:34:15","slug":"uniseks-calvin-klein-pusa-kaetud-fliisiga-2","status":"publish","type":"product","link":"https:\/\/superstore.ee\/index.php\/toode\/uniseks-calvin-klein-pusa-kaetud-fliisiga-2\/","title":{"rendered":"Uniseks Calvin Klein pusa kaetud fliisiga"},"content":{"rendered":"","protected":false},"excerpt":{"rendered":"<p><span style=\"font-weight: 400;\">\ud83c\uddea\ud83c\uddea Uniseks Calvin Klein pusa kaetud fliisiga<\/span><\/p>\n<p><span style=\"font-weight: 400;\">Suurus: 16a, sobib S suurusele<\/span><\/p>\n<p><span style=\"font-weight: 400;\">M\u00f5\u00f5tmed: rind 105cm, \u00fcldpikkus \u00f5last 64cm, varruka pikkus \u00f5last 65cm, \u00f5lg 8cm<\/span><\/p>\n<p><span style=\"font-weight: 400;\">Materjal: 73% puuvill 27% pol\u00fcester (fliisvooder)<\/span><\/p>\n<p>&nbsp;<\/p>\n<p><span style=\"font-weight: 400;\">\ud83c\uddf7\ud83c\uddfa \u0423\u043d\u0438\u0441\u0435\u043a\u0441 \u0444\u043b\u0438\u0441\u043e\u0432\u0430\u044f \u0445\u0443\u0434\u0438 Calvin Klein<\/span><\/p>\n<p><span style=\"font-weight: 400;\">\u0420\u0430\u0437\u043c\u0435\u0440: 16\u043b\u0435\u0442, oversize, \u043f\u043e\u0434\u0445\u043e\u0434\u0438\u0442 \u043d\u0430 S \u0440\u0430\u0437\u043c\u0435\u0440<\/span><\/p>\n<p><span style=\"font-weight: 400;\">\u041f\u0430\u0440\u0430\u043c\u0435\u0442\u0440\u044b: \u0433\u0440\u0443\u0434\u044c 105\u0441\u043c, \u043e\u0431\u0449\u0430\u044f \u0434\u043b\u0438\u043d\u0430 \u043e\u0442 \u043f\u043b\u0435\u0447\u0430 64\u0441\u043c, \u0434\u043b\u0438\u043d\u0430 \u0440\u0443\u043a\u0430\u0432\u0430 \u043e\u0442 \u043f\u043b\u0435\u0447\u0430 65\u0441\u043c, \u043f\u043b\u0435\u0447\u043e 8\u0441\u043c<\/span><\/p>\n<p><span style=\"font-weight: 400;\">\u041c\u0430\u0442\u0435\u0440\u0438\u0430\u043b: 73% \u0445\u043b\u043e\u043f\u043e\u043a 27% \u043f\u043e\u043b\u0438\u044d\u0441\u0442\u0435\u0440 (\u0444\u043b\u0438\u0441\u043e\u0432\u0430\u044f \u043f\u043e\u0434\u043a\u043b\u0430\u0434\u043a\u0430)<\/span><\/p>\n<p>&nbsp;<\/p>\n<p><span style=\"font-weight: 400;\">\ud83c\uddfa\ud83c\uddf8 Unisex Calvin Klein Original hoodie<\/span><\/p>\n<p><span style=\"font-weight: 400;\">Size: 16y, oversize, fits S size<\/span><\/p>\n<p><span style=\"font-weight: 400;\">Dimensions: chest 105cm, total length from shoulder 64cm, sleeve length from shoulder 65cm, shoulder 8cm<\/span><\/p>\n<p><span style=\"font-weight: 400;\">Material: 73% cotton 27% polyester (fleece lining)<\/span><\/p>\n","protected":false},"featured_media":1599,"template":"","meta":{"jetpack_publicize_message":"","jetpack_publicize_feature_enabled":true,"jetpack_social_post_already_shared":false,"jetpack_social_options":{"image_generator_settings":{"template":"highway","default_image_id":0,"font":"","enabled":false},"version":2}},"product_brand":[],"product_cat":[15],"product_tag":[],"class_list":{"0":"post-1605","1":"product","2":"type-product","3":"status-publish","4":"has-post-thumbnail","6":"product_cat-maaramata","8":"first","9":"outofstock","10":"sale","11":"shipping-taxable","12":"purchasable","13":"product-type-simple"},"jetpack_publicize_connections":[],"jetpack_sharing_enabled":true,"jetpack_likes_enabled":true,"_links":{"self":[{"href":"https:\/\/superstore.ee\/index.php\/wp-json\/wp\/v2\/product\/1605","targetHints":{"allow":["GET"]}}],"collection":[{"href":"https:\/\/superstore.ee\/index.php\/wp-json\/wp\/v2\/product"}],"about":[{"href":"https:\/\/superstore.ee\/index.php\/wp-json\/wp\/v2\/types\/product"}],"wp:featuredmedia":[{"embeddable":true,"href":"https:\/\/superstore.ee\/index.php\/wp-json\/wp\/v2\/media\/1599"}],"wp:attachment":[{"href":"https:\/\/superstore.ee\/index.php\/wp-json\/wp\/v2\/media?parent=1605"}],"wp:term":[{"taxonomy":"product_brand","embeddable":true,"href":"https:\/\/superstore.ee\/index.php\/wp-json\/wp\/v2\/product_brand?post=1605"},{"taxonomy":"product_cat","embeddable":true,"href":"https:\/\/superstore.ee\/index.php\/wp-json\/wp\/v2\/product_cat?post=1605"},{"taxonomy":"product_tag","embeddable":true,"href":"https:\/\/superstore.ee\/index.php\/wp-json\/wp\/v2\/product_tag?post=1605"}],"curies":[{"name":"wp","href":"https:\/\/api.w.org\/{rel}","templated":true}]}}