{"id":16054,"date":"2024-06-19T20:26:34","date_gmt":"2024-06-19T18:26:34","guid":{"rendered":"https:\/\/superstore.ee\/?post_type=product&#038;p=16054"},"modified":"2024-08-16T08:58:40","modified_gmt":"2024-08-16T06:58:40","slug":"victorias-secret-sugar-blur-kehasprei-250ml","status":"publish","type":"product","link":"https:\/\/superstore.ee\/index.php\/toode\/victorias-secret-sugar-blur-kehasprei-250ml\/","title":{"rendered":"Victoria\u2019s Secret Sugar Blur Kehasprei (250ml)"},"content":{"rendered":"","protected":false},"excerpt":{"rendered":"<p>\ud83c\uddea\ud83c\uddea Victoria\u2019s Secret <span style=\"font-weight: 400;\">Sugar Blur Kehasprei (250ml)<\/span><\/p>\n<p><em><strong>Sugar Blur<\/strong> <\/em>\u2013 L\u00f5hnastiil: puuviljane h\u00f5rk. Noodid: vaniljesuhkur, merevaik, \u00f5rn vaarikas.<\/p>\n<p><em><span style=\"font-weight: 400;\">Kombineerige sobiva kehakreemiga.<\/span><\/em><\/p>\n<p>\ud83c\uddf7\ud83c\uddfa Victoria\u2019s Secret <span style=\"font-weight: 400;\">Sugar Blur \u0441\u043f\u0440\u0435\u0439 \u0434\u043b\u044f \u0442\u0435\u043b\u0430 (250\u043c\u043b)<\/span><\/p>\n<p><strong><em>Sugar Blur<\/em><\/strong> \u2013 \u0421\u0442\u0438\u043b\u044c \u0430\u0440\u043e\u043c\u0430\u0442\u0430: \u0444\u0440\u0443\u043a\u0442\u043e\u0432\u044b\u0439 \u0433\u0443\u0440\u043c\u0430\u043d\u0441\u043a\u0438\u0439. \u041d\u043e\u0442\u044b: \u0432\u0430\u043d\u0438\u043b\u044c\u043d\u044b\u0439 \u0441\u0430\u0445\u0430\u0440, \u044f\u043d\u0442\u0430\u0440\u044c, \u043c\u0430\u043b\u0438\u043d\u0430.<\/p>\n<p><em><span style=\"font-weight: 400;\">\u0421\u043e\u0447\u0435\u0442\u0430\u0439\u0442\u0435 \u0441 \u043f\u043e\u0434\u0445\u043e\u0434\u044f\u0449\u0438\u043c \u043b\u043e\u0441\u044c\u043e\u043d\u043e\u043c \u0434\u043b\u044f \u0442\u0435\u043b\u0430..<\/span><\/em><\/p>\n<p>\ud83c\uddfa\ud83c\uddf8 Victoria\u2019s Secret <span style=\"font-weight: 400;\">Sugar Blur<\/span> Body Mist (250ml)<\/p>\n<p><strong><em>Sugar Blur <\/em><\/strong>\u2013 Fragrance Style: Fruity Gourmand. Notes: Vanilla Sugar, Amber, Sheer Raspberry.<\/p>\n<div class=\"woocommerce-product-details__short-description\">\n<div class=\"woocommerce-product-details__short-description\">\n<p><em>Pair it with matching Body Lotion.<\/em><\/p>\n<\/div>\n<\/div>\n","protected":false},"featured_media":16055,"template":"","meta":{"jetpack_publicize_message":"","jetpack_publicize_feature_enabled":true,"jetpack_social_post_already_shared":false,"jetpack_social_options":{"image_generator_settings":{"template":"highway","default_image_id":0,"font":"","enabled":false},"version":2}},"product_brand":[],"product_cat":[341],"product_tag":[],"class_list":{"0":"post-16054","1":"product","2":"type-product","3":"status-publish","4":"has-post-thumbnail","6":"product_cat-victorias-secret","8":"first","9":"outofstock","10":"sale","11":"shipping-taxable","12":"purchasable","13":"product-type-simple"},"jetpack_publicize_connections":[],"jetpack_sharing_enabled":true,"jetpack_likes_enabled":true,"_links":{"self":[{"href":"https:\/\/superstore.ee\/index.php\/wp-json\/wp\/v2\/product\/16054","targetHints":{"allow":["GET"]}}],"collection":[{"href":"https:\/\/superstore.ee\/index.php\/wp-json\/wp\/v2\/product"}],"about":[{"href":"https:\/\/superstore.ee\/index.php\/wp-json\/wp\/v2\/types\/product"}],"wp:featuredmedia":[{"embeddable":true,"href":"https:\/\/superstore.ee\/index.php\/wp-json\/wp\/v2\/media\/16055"}],"wp:attachment":[{"href":"https:\/\/superstore.ee\/index.php\/wp-json\/wp\/v2\/media?parent=16054"}],"wp:term":[{"taxonomy":"product_brand","embeddable":true,"href":"https:\/\/superstore.ee\/index.php\/wp-json\/wp\/v2\/product_brand?post=16054"},{"taxonomy":"product_cat","embeddable":true,"href":"https:\/\/superstore.ee\/index.php\/wp-json\/wp\/v2\/product_cat?post=16054"},{"taxonomy":"product_tag","embeddable":true,"href":"https:\/\/superstore.ee\/index.php\/wp-json\/wp\/v2\/product_tag?post=16054"}],"curies":[{"name":"wp","href":"https:\/\/api.w.org\/{rel}","templated":true}]}}