{"id":16059,"date":"2024-06-19T20:40:26","date_gmt":"2024-06-19T18:40:26","guid":{"rendered":"https:\/\/superstore.ee\/?post_type=product&#038;p=16059"},"modified":"2024-09-13T17:19:21","modified_gmt":"2024-09-13T14:19:21","slug":"victorias-secret-petal-buzz-komplekt-kehasprei-kehalosjoon","status":"publish","type":"product","link":"https:\/\/superstore.ee\/index.php\/toode\/victorias-secret-petal-buzz-komplekt-kehasprei-kehalosjoon\/","title":{"rendered":"Victoria\u2019s Secret Petal Buzz Komplekt (Kehasprei + Kehalosjoon)"},"content":{"rendered":"","protected":false},"excerpt":{"rendered":"<p><span style=\"font-weight: 400;\">\ud83c\uddea\ud83c\uddea Victoria\u2019s Secret <em><strong>Petal Buzz<\/strong><\/em> komplekt (Kehasprei 250ml + Parf\u00fcmeeritud Kehalosjoon 236ml)<\/span><\/p>\n<p><strong>L\u00f5hnastiil<\/strong>: v\u00e4rske lilleline. Noodid: \u00f5itsev roosinupp, k\u00fcps greip, roosa pipar.<\/p>\n<p><span style=\"font-weight: 400;\">\ud83c\uddf7\ud83c\uddfa Victoria\u2019s Secret <em><strong>Petal Buzz <\/strong><\/em><\/span>\u043a\u043e\u043c\u043f\u043b\u0435\u043a\u0442 (\u0421\u043f\u0440\u0435\u0439 \u0434\u043b\u044f \u0442\u0435\u043b\u0430 250ml + \u041f\u0430\u0440\u0444\u044e\u043c\u0438\u0440\u043e\u0432\u0430\u043d\u043d\u044b\u0439 \u043b\u043e\u0441\u044c\u043e\u043d 236ml)<\/p>\n<p><strong>\u0421\u0442\u0438\u043b\u044c \u0430\u0440\u043e\u043c\u0430\u0442\u0430<\/strong>: \u0441\u0432\u0435\u0436\u0438\u0439 \u0446\u0432\u0435\u0442\u043e\u0447\u043d\u044b\u0439. \u041d\u043e\u0442\u044b: \u0446\u0432\u0435\u0442\u0443\u0449\u0438\u0439 \u0431\u0443\u0442\u043e\u043d \u0440\u043e\u0437\u044b, \u0441\u043f\u0435\u043b\u044b\u0439 \u0433\u0440\u0435\u0439\u043f\u0444\u0440\u0443\u0442, \u0440\u043e\u0437\u043e\u0432\u044b\u0439 \u043f\u0435\u0440\u0435\u0446.<\/p>\n<p><span style=\"font-weight: 400;\">\ud83c\uddfa\ud83c\uddf8 Victoria\u2019s Secret <em><strong>Petal Buzz<\/strong><\/em> set (Fragrance Mist 250ml + Fragrance Lotion 236ml)<\/span><\/p>\n<p><strong>Fragrance Style<\/strong>: Fresh Floral. Notes: blooming rosebud, ripe grapefruit, pink pepper.<\/p>\n","protected":false},"featured_media":16062,"template":"","meta":{"jetpack_publicize_message":"","jetpack_publicize_feature_enabled":true,"jetpack_social_post_already_shared":false,"jetpack_social_options":{"image_generator_settings":{"template":"highway","default_image_id":0,"font":"","enabled":false},"version":2}},"product_brand":[],"product_cat":[342,341],"product_tag":[],"class_list":{"0":"post-16059","1":"product","2":"type-product","3":"status-publish","4":"has-post-thumbnail","6":"product_cat-komplektid-victorias-secret","7":"product_cat-victorias-secret","8":"pa_lohn-velvet-petals","10":"first","11":"outofstock","12":"sale","13":"shipping-taxable","14":"purchasable","15":"product-type-simple"},"jetpack_publicize_connections":[],"jetpack_sharing_enabled":true,"jetpack_likes_enabled":true,"_links":{"self":[{"href":"https:\/\/superstore.ee\/index.php\/wp-json\/wp\/v2\/product\/16059","targetHints":{"allow":["GET"]}}],"collection":[{"href":"https:\/\/superstore.ee\/index.php\/wp-json\/wp\/v2\/product"}],"about":[{"href":"https:\/\/superstore.ee\/index.php\/wp-json\/wp\/v2\/types\/product"}],"wp:featuredmedia":[{"embeddable":true,"href":"https:\/\/superstore.ee\/index.php\/wp-json\/wp\/v2\/media\/16062"}],"wp:attachment":[{"href":"https:\/\/superstore.ee\/index.php\/wp-json\/wp\/v2\/media?parent=16059"}],"wp:term":[{"taxonomy":"product_brand","embeddable":true,"href":"https:\/\/superstore.ee\/index.php\/wp-json\/wp\/v2\/product_brand?post=16059"},{"taxonomy":"product_cat","embeddable":true,"href":"https:\/\/superstore.ee\/index.php\/wp-json\/wp\/v2\/product_cat?post=16059"},{"taxonomy":"product_tag","embeddable":true,"href":"https:\/\/superstore.ee\/index.php\/wp-json\/wp\/v2\/product_tag?post=16059"}],"curies":[{"name":"wp","href":"https:\/\/api.w.org\/{rel}","templated":true}]}}