{"id":16069,"date":"2024-06-20T10:35:19","date_gmt":"2024-06-20T08:35:19","guid":{"rendered":"https:\/\/superstore.ee\/?post_type=product&#038;p=16069"},"modified":"2024-09-10T15:18:58","modified_gmt":"2024-09-10T12:18:58","slug":"victorias-secret-kehasprei-petal-buzz-2","status":"publish","type":"product","link":"https:\/\/superstore.ee\/index.php\/toode\/victorias-secret-kehasprei-petal-buzz-2\/","title":{"rendered":"Victoria\u2019s Secret Petal Buzz Kehasprei (250ml)"},"content":{"rendered":"","protected":false},"excerpt":{"rendered":"<p>\ud83c\uddea\ud83c\uddea Victoria\u2019s Secret Petal Buzz Kehasprei (250ml)<\/p>\n<p><em><strong>Petal Buzz<\/strong> <\/em>\u2013 L\u00f5hnastiil: v\u00e4rske lilleline. Noodid: \u00f5itsev roosinupp, k\u00fcps greip, roosa pipar.<\/p>\n<p><em>Kombineerige sobiva kehakreemiga.<\/em><\/p>\n<p>\ud83c\uddf7\ud83c\uddfa Victoria\u2019s Secret Petal Buzz \u0441\u043f\u0440\u0435\u0439 \u0434\u043b\u044f \u0442\u0435\u043b\u0430 (250\u043c\u043b)<\/p>\n<p><em><strong>Petal Buzz<\/strong> <\/em>\u2013 \u0421\u0442\u0438\u043b\u044c \u0430\u0440\u043e\u043c\u0430\u0442\u0430: \u0441\u0432\u0435\u0436\u0438\u0439 \u0446\u0432\u0435\u0442\u043e\u0447\u043d\u044b\u0439. \u041d\u043e\u0442\u044b: \u0446\u0432\u0435\u0442\u0443\u0449\u0438\u0439 \u0431\u0443\u0442\u043e\u043d \u0440\u043e\u0437\u044b, \u0441\u043f\u0435\u043b\u044b\u0439 \u0433\u0440\u0435\u0439\u043f\u0444\u0440\u0443\u0442, \u0440\u043e\u0437\u043e\u0432\u044b\u0439 \u043f\u0435\u0440\u0435\u0446.<\/p>\n<p><em>\u0421\u043e\u0447\u0435\u0442\u0430\u0439\u0442\u0435 \u0441 \u043f\u043e\u0434\u0445\u043e\u0434\u044f\u0449\u0438\u043c \u043b\u043e\u0441\u044c\u043e\u043d\u043e\u043c \u0434\u043b\u044f \u0442\u0435\u043b\u0430.<\/em><\/p>\n<p>\ud83c\uddfa\ud83c\uddf8 Victoria\u2019s Secret Petal Buzz Body Mist (250ml)<\/p>\n<p><em><strong>Petal Buzz<\/strong> <\/em>\u2013 Fragrance Style: Fresh Floral. Notes: blooming rosebud, ripe grapefruit, pink pepper.<\/p>\n<p><em>Pair it with matching Body Lotion.<\/em><\/p>\n","protected":false},"featured_media":14701,"template":"","meta":{"jetpack_publicize_message":"","jetpack_publicize_feature_enabled":true,"jetpack_social_post_already_shared":false,"jetpack_social_options":{"image_generator_settings":{"template":"highway","default_image_id":0,"font":"","enabled":false},"version":2}},"product_brand":[],"product_cat":[341],"product_tag":[],"class_list":{"0":"post-16069","1":"product","2":"type-product","3":"status-publish","4":"has-post-thumbnail","6":"product_cat-victorias-secret","8":"first","9":"outofstock","10":"sale","11":"downloadable","12":"shipping-taxable","13":"purchasable","14":"product-type-simple"},"jetpack_publicize_connections":[],"jetpack_sharing_enabled":true,"jetpack_likes_enabled":true,"_links":{"self":[{"href":"https:\/\/superstore.ee\/index.php\/wp-json\/wp\/v2\/product\/16069","targetHints":{"allow":["GET"]}}],"collection":[{"href":"https:\/\/superstore.ee\/index.php\/wp-json\/wp\/v2\/product"}],"about":[{"href":"https:\/\/superstore.ee\/index.php\/wp-json\/wp\/v2\/types\/product"}],"wp:featuredmedia":[{"embeddable":true,"href":"https:\/\/superstore.ee\/index.php\/wp-json\/wp\/v2\/media\/14701"}],"wp:attachment":[{"href":"https:\/\/superstore.ee\/index.php\/wp-json\/wp\/v2\/media?parent=16069"}],"wp:term":[{"taxonomy":"product_brand","embeddable":true,"href":"https:\/\/superstore.ee\/index.php\/wp-json\/wp\/v2\/product_brand?post=16069"},{"taxonomy":"product_cat","embeddable":true,"href":"https:\/\/superstore.ee\/index.php\/wp-json\/wp\/v2\/product_cat?post=16069"},{"taxonomy":"product_tag","embeddable":true,"href":"https:\/\/superstore.ee\/index.php\/wp-json\/wp\/v2\/product_tag?post=16069"}],"curies":[{"name":"wp","href":"https:\/\/api.w.org\/{rel}","templated":true}]}}