{"id":16240,"date":"2024-07-02T18:40:11","date_gmt":"2024-07-02T16:40:11","guid":{"rendered":"https:\/\/superstore.ee\/?post_type=product&#038;p=16240"},"modified":"2026-03-01T01:07:18","modified_gmt":"2026-02-28T23:07:18","slug":"peitekreemide-palett-kiko-milano-colour-correct-concealer-palette","status":"publish","type":"product","link":"https:\/\/superstore.ee\/index.php\/toode\/peitekreemide-palett-kiko-milano-colour-correct-concealer-palette\/","title":{"rendered":"Peitekreemide palett KIKO Milano Colour Correct Concealer Palette"},"content":{"rendered":"","protected":false},"excerpt":{"rendered":"<div class=\"ProductDetails__Name visible-md\">\n<div role=\"heading\" data-size=\"medium\">\n<div class=\"woocommerce-product-details__short-description\">\n<p>\ud83c\uddea\ud83c\uddea V\u00e4rvikorrektsiooni peitekreemide palett KIKO Milano<\/p>\n<p>Viie veekindla peitekreemi palett:<\/p>\n<ul>\n<li>Bee\u017e: neutraliseerib n\u00e4htavad tumedad ringid silmade all heledal nahal ja peidab pruunid laigud;<\/li>\n<li>Lilla: helendab tuhm jume ja korrigeerib optiliselt naha kollakat tooni;<\/li>\n<li>Soe bee\u017e: korrigeerib n\u00e4htavaid tumedaid ringe silmade all oliivikarva ja tumedal nahal;<\/li>\n<li>Roheline: v\u00e4hendab rosaatsea v\u00e4ljan\u00e4gemist ja nahapunetust;<\/li>\n<li>Highlighter: lisab s\u00e4ra p\u00f5sesarnadele, otsaesise keskosale ja l\u00f5uale, ninasillale, kulmukaarele, Cupido kaarele ja silmanurkadele.<\/li>\n<\/ul>\n<p>Kreemjas tekstuur on kergesti peale kantav ja hajutatav.<\/p>\n<p>\ud83c\uddf7\ud83c\uddfa \u041f\u0430\u043b\u0435\u0442\u043a\u0430 \u043a\u043e\u043d\u0441\u0438\u043b\u0435\u0440\u043e\u0432 \u0434\u043b\u044f \u043a\u043e\u0440\u0440\u0435\u043a\u0446\u0438\u0438 \u0446\u0432\u0435\u0442\u0430 \u043b\u0438\u0446\u0430 KIKO Milano<\/p>\n<p>\u041f\u0430\u043b\u0438\u0442\u0440\u0430 \u043f\u044f\u0442\u0438 \u0432\u043e\u0434\u043e\u0441\u0442\u043e\u0439\u043a\u0438\u0445 \u043a\u043e\u043d\u0441\u0438\u043b\u0435\u0440\u043e\u0432:<\/p>\n<ul>\n<li>\u0411\u0435\u0436\u0435\u0432\u044b\u0439: \u043d\u0435\u0439\u0442\u0440\u0430\u043b\u0438\u0437\u0443\u0435\u0442 \u0432\u0438\u0434\u0438\u043c\u044b\u0435 \u0442\u0435\u043c\u043d\u044b\u0435 \u043a\u0440\u0443\u0433\u0438 \u043f\u043e\u0434 \u0433\u043b\u0430\u0437\u0430\u043c\u0438 \u043d\u0430 \u0441\u0432\u0435\u0442\u043b\u043e\u0439 \u043a\u043e\u0436\u0435 \u0438 \u0441\u043a\u0440\u044b\u0432\u0430\u0435\u0442 \u043a\u043e\u0440\u0438\u0447\u043d\u0435\u0432\u044b\u0435 \u043f\u044f\u0442\u043d\u0430;<\/li>\n<li>\u0421\u0438\u0440\u0435\u043d\u0435\u0432\u044b\u0439: \u043e\u0441\u0432\u0435\u0442\u043b\u044f\u0435\u0442 \u0442\u0443\u0441\u043a\u043b\u044b\u0439 \u0446\u0432\u0435\u0442 \u043b\u0438\u0446\u0430 \u0438 \u043e\u043f\u0442\u0438\u0447\u0435\u0441\u043a\u0438 \u043a\u043e\u0440\u0440\u0435\u043a\u0442\u0438\u0440\u0443\u0435\u0442 \u0436\u0435\u043b\u0442\u044b\u0439 \u043e\u0442\u0442\u0435\u043d\u043e\u043a \u043a\u043e\u0436\u0438;<\/li>\n<li>\u0422\u0435\u043f\u043b\u044b\u0439 \u0431\u0435\u0436\u0435\u0432\u044b\u0439: \u043a\u043e\u0440\u0440\u0435\u043a\u0442\u0438\u0440\u0443\u0435\u0442 \u0432\u0438\u0434\u0438\u043c\u044b\u0435 \u0442\u0435\u043c\u043d\u044b\u0435 \u043a\u0440\u0443\u0433\u0438 \u043f\u043e\u0434 \u0433\u043b\u0430\u0437\u0430\u043c\u0438 \u043d\u0430 \u043e\u043b\u0438\u0432\u043a\u043e\u0432\u044b\u0445 \u0438 \u0442\u0435\u043c\u043d\u044b\u0445 \u0442\u043e\u043d\u0430\u0445 \u043a\u043e\u0436\u0438;<\/li>\n<li>\u0417\u0435\u043b\u0435\u043d\u044b\u0439: \u0443\u043c\u0435\u043d\u044c\u0448\u0430\u0435\u0442 \u0432\u0438\u0434\u0438\u043c\u043e\u0441\u0442\u044c \u0440\u043e\u0437\u0430\u0446\u0435\u0430 \u0438 \u043f\u043e\u043a\u0440\u0430\u0441\u043d\u0435\u043d\u0438\u0439 \u043a\u043e\u0436\u0438 \u0432 \u0446\u0435\u043b\u043e\u043c;<\/li>\n<li>\u0425\u0430\u0439\u043b\u0430\u0439\u0442\u0435\u0440: \u0434\u043e\u0431\u0430\u0432\u043b\u044f\u0435\u0442 \u0441\u0432\u0435\u0442\u0430 \u0441\u043a\u0443\u043b\u0430\u043c, \u0446\u0435\u043d\u0442\u0440\u0443 \u043b\u0431\u0430 \u0438 \u043f\u043e\u0434\u0431\u043e\u0440\u043e\u0434\u043a\u0430, \u043f\u0435\u0440\u0435\u043d\u043e\u0441\u0438\u0446\u0435, \u0434\u0443\u0433\u0435 \u0431\u0440\u043e\u0432\u0435\u0439, \u0434\u0443\u0433\u0435 \u041a\u0443\u043f\u0438\u0434\u043e\u043d\u0430 \u0438 \u0432\u043d\u0443\u0442\u0440\u0435\u043d\u043d\u0438\u043c \u0443\u0433\u043e\u043b\u043a\u0430\u043c \u0433\u043b\u0430\u0437.<\/li>\n<\/ul>\n<p>\u041a\u0440\u0435\u043c\u043e\u0432\u0430\u044f \u0442\u0435\u043a\u0441\u0442\u0443\u0440\u0430 \u043b\u0435\u0433\u043a\u043e \u043d\u0430\u043d\u043e\u0441\u0438\u0442\u0441\u044f \u0438 \u0440\u0430\u0441\u0442\u0443\u0448\u0435\u0432\u044b\u0432\u0430\u0435\u0442\u0441\u044f.<\/p>\n<\/div>\n<div class=\"woocommerce-product-details__short-description\">\n<p>\ud83c\uddfa\ud83c\uddf8 KIKO Milano Colour Correct Concealer Palette<\/p>\n<p>Palette of five water-resistant concealers:<\/p>\n<ul>\n<li>Beige: neutralizes visible dark circles under the eyes on fairer skin tones and conceals any brown spots;<\/li>\n<li>Lilac: brightens dull complexions and optically corrects yellow skin tones;<\/li>\n<li>Warm beige: corrects visible dark circles under the eyes on olive and darker skin tones;<\/li>\n<li>Green: reduces the visibility of the skin condition rosacea and redness in general;<\/li>\n<li>Highlighter: adds light to the cheekbones, center of the forehead and chin, bridge of the nose, eyebrow arch, Cupid\u2019s bow and the inner corners of the eyes.<\/li>\n<\/ul>\n<p>The creamy texture is buildable and blends with ease.<\/p>\n<\/div>\n<\/div>\n<\/div>\n","protected":false},"featured_media":16313,"template":"","meta":{"jetpack_publicize_message":"","jetpack_publicize_feature_enabled":true,"jetpack_social_post_already_shared":false,"jetpack_social_options":{"image_generator_settings":{"template":"highway","default_image_id":0,"font":"","enabled":false},"version":2}},"product_brand":[],"product_cat":[980,976,973,340,978,631,912,974],"product_tag":[],"class_list":{"0":"post-16240","1":"product","2":"type-product","3":"status-publish","4":"has-post-thumbnail","6":"product_cat-highlighter","7":"product_cat-foundation-concealer","8":"product_cat-makeup","9":"product_cat-kiko-milano","10":"product_cat-contouring-and-bronzers","11":"product_cat-sale","12":"product_cat-nahahooldus","13":"product_cat-face","14":"pa_varv-01-fair","15":"pa_varv-02-medium","16":"pa_varv-03-deep","18":"first","19":"outofstock","20":"sale","21":"shipping-taxable","22":"purchasable","23":"product-type-simple"},"jetpack_publicize_connections":[],"jetpack_sharing_enabled":true,"jetpack_likes_enabled":true,"_links":{"self":[{"href":"https:\/\/superstore.ee\/index.php\/wp-json\/wp\/v2\/product\/16240","targetHints":{"allow":["GET"]}}],"collection":[{"href":"https:\/\/superstore.ee\/index.php\/wp-json\/wp\/v2\/product"}],"about":[{"href":"https:\/\/superstore.ee\/index.php\/wp-json\/wp\/v2\/types\/product"}],"wp:featuredmedia":[{"embeddable":true,"href":"https:\/\/superstore.ee\/index.php\/wp-json\/wp\/v2\/media\/16313"}],"wp:attachment":[{"href":"https:\/\/superstore.ee\/index.php\/wp-json\/wp\/v2\/media?parent=16240"}],"wp:term":[{"taxonomy":"product_brand","embeddable":true,"href":"https:\/\/superstore.ee\/index.php\/wp-json\/wp\/v2\/product_brand?post=16240"},{"taxonomy":"product_cat","embeddable":true,"href":"https:\/\/superstore.ee\/index.php\/wp-json\/wp\/v2\/product_cat?post=16240"},{"taxonomy":"product_tag","embeddable":true,"href":"https:\/\/superstore.ee\/index.php\/wp-json\/wp\/v2\/product_tag?post=16240"}],"curies":[{"name":"wp","href":"https:\/\/api.w.org\/{rel}","templated":true}]}}