{"id":16373,"date":"2024-07-04T13:52:54","date_gmt":"2024-07-04T11:52:54","guid":{"rendered":"https:\/\/superstore.ee\/?post_type=product&#038;p=16373"},"modified":"2025-04-12T16:25:46","modified_gmt":"2025-04-12T13:25:46","slug":"kiko-milano-kulmude-fikseeriv-geel-eyebrow-designer-gel-mascara","status":"publish","type":"product","link":"https:\/\/superstore.ee\/index.php\/toode\/kiko-milano-kulmude-fikseeriv-geel-eyebrow-designer-gel-mascara\/","title":{"rendered":"KIKO Milano kulmude fikseeriv geel Eyebrow Designer Gel Mascara"},"content":{"rendered":"","protected":false},"excerpt":{"rendered":"<div class=\"ProductDetails__Sub hidden-md\">\n<p>\ud83c\uddea\ud83c\uddea KIKO Milano kulmude fikseeriv geel satiinviimistlusega:<\/p>\n<ul>\n<li>ideaalne kulmude kujundamiseks, t\u00e4itmiseks ja m\u00e4\u00e4ratlemiseks, t\u00e4iustades neid keeruka satiinviimistlusega;<\/li>\n<li>kerge geel tagab t\u00e4iusliku hoidmise j\u00e4lgi j\u00e4tmata;<\/li>\n<li>ainulaadne minipintsel tagab selgema ja t\u00e4psema pealekandmise;<\/li>\n<li>mittekuivav ja mittekleepuv.<\/li>\n<\/ul>\n<p>\ud83c\uddf7\ud83c\uddfa \u0424\u0438\u043a\u0441\u0438\u0440\u0443\u044e\u0449\u0438\u0439 \u0433\u0435\u043b\u044c \u0434\u043b\u044f \u0431\u0440\u043e\u0432\u0435\u0439 KIKO Milano \u0441 \u0441\u0430\u0442\u0438\u043d\u043e\u0432\u044b\u043c \u0444\u0438\u043d\u0438\u0448\u0435\u043c:<\/p>\n<ul>\n<li>\u0438\u0434\u0435\u0430\u043b\u044c\u043d\u043e \u043f\u043e\u0434\u0445\u043e\u0434\u0438\u0442 \u0434\u043b\u044f \u043f\u0440\u0438\u0434\u0430\u043d\u0438\u044f \u0444\u043e\u0440\u043c\u044b, \u0437\u0430\u043f\u043e\u043b\u043d\u0435\u043d\u0438\u044f \u0438 \u0432\u044b\u0434\u0435\u043b\u0435\u043d\u0438\u044f \u0431\u0440\u043e\u0432\u0435\u0439, \u043f\u043e\u0434\u0447\u0435\u0440\u043a\u0438\u0432\u0430\u044f \u0438\u0445 \u0443\u0442\u043e\u043d\u0447\u0435\u043d\u043d\u044b\u043c \u0441\u0430\u0442\u0438\u043d\u043e\u0432\u044b\u043c \u043e\u0442\u0442\u0435\u043d\u043a\u043e\u043c;<\/li>\n<li>\u043b\u0435\u0433\u043a\u0438\u0439 \u0433\u0435\u043b\u044c \u043e\u0431\u0435\u0441\u043f\u0435\u0447\u0438\u0432\u0430\u0435\u0442 \u0438\u0434\u0435\u0430\u043b\u044c\u043d\u0443\u044e \u0444\u0438\u043a\u0441\u0430\u0446\u0438\u044e , \u043d\u0435 \u043e\u0441\u0442\u0430\u0432\u043b\u044f\u044f \u0441\u043b\u0435\u0434\u043e\u0432;<\/li>\n<li>\u0443\u043d\u0438\u043a\u0430\u043b\u044c\u043d\u0430\u044f \u043c\u0438\u043d\u0438-\u043a\u0438\u0441\u0442\u044c \u043e\u0431\u0435\u0441\u043f\u0435\u0447\u0438\u0432\u0430\u0435\u0442 \u0431\u043e\u043b\u0435\u0435 \u0447\u0435\u0442\u043a\u043e\u0435 \u0438 \u0442\u043e\u0447\u043d\u043e\u0435 \u043d\u0430\u043d\u0435\u0441\u0435\u043d\u0438\u0435;<\/li>\n<li>\u043d\u0435 \u0441\u0443\u0448\u0438\u0442 \u0438 \u043d\u0435 \u043b\u0438\u043f\u043d\u0435\u0442.<\/li>\n<\/ul>\n<p>\ud83c\uddfa\ud83c\uddf8 KIKO Milano Eyebrow Designer Gel Mascara<\/p>\n<p>Eyebrow fixing gel with satin finish:<\/p>\n<ul>\n<li>perfect for shaping, filling and defining the eyebrows, enhancing them with a sophisticated satin finish;<\/li>\n<li>the lightweight gel ensures perfect hold without leaving marks;<\/li>\n<li>the unique mini brush ensures more defined and precise application;<\/li>\n<li>non-drying and non-sticky.<\/li>\n<\/ul>\n<\/div>\n","protected":false},"featured_media":16374,"template":"","meta":{"jetpack_publicize_message":"","jetpack_publicize_feature_enabled":true,"jetpack_social_post_already_shared":false,"jetpack_social_options":{"image_generator_settings":{"template":"highway","default_image_id":0,"font":"","enabled":false},"version":2}},"product_brand":[],"product_cat":[973,340,981],"product_tag":[],"class_list":{"0":"post-16373","1":"product","2":"type-product","3":"status-publish","4":"has-post-thumbnail","6":"product_cat-makeup","7":"product_cat-kiko-milano","8":"product_cat-brows","9":"pa_varv-01-blonde","10":"pa_varv-02-chestnut","12":"first","13":"outofstock","14":"shipping-taxable","15":"purchasable","16":"product-type-simple"},"jetpack_publicize_connections":[],"jetpack_sharing_enabled":true,"jetpack_likes_enabled":true,"_links":{"self":[{"href":"https:\/\/superstore.ee\/index.php\/wp-json\/wp\/v2\/product\/16373","targetHints":{"allow":["GET"]}}],"collection":[{"href":"https:\/\/superstore.ee\/index.php\/wp-json\/wp\/v2\/product"}],"about":[{"href":"https:\/\/superstore.ee\/index.php\/wp-json\/wp\/v2\/types\/product"}],"wp:featuredmedia":[{"embeddable":true,"href":"https:\/\/superstore.ee\/index.php\/wp-json\/wp\/v2\/media\/16374"}],"wp:attachment":[{"href":"https:\/\/superstore.ee\/index.php\/wp-json\/wp\/v2\/media?parent=16373"}],"wp:term":[{"taxonomy":"product_brand","embeddable":true,"href":"https:\/\/superstore.ee\/index.php\/wp-json\/wp\/v2\/product_brand?post=16373"},{"taxonomy":"product_cat","embeddable":true,"href":"https:\/\/superstore.ee\/index.php\/wp-json\/wp\/v2\/product_cat?post=16373"},{"taxonomy":"product_tag","embeddable":true,"href":"https:\/\/superstore.ee\/index.php\/wp-json\/wp\/v2\/product_tag?post=16373"}],"curies":[{"name":"wp","href":"https:\/\/api.w.org\/{rel}","templated":true}]}}