{"id":16490,"date":"2024-07-05T18:04:40","date_gmt":"2024-07-05T16:04:40","guid":{"rendered":"https:\/\/superstore.ee\/?post_type=product&#038;p=16490"},"modified":"2026-03-09T08:58:28","modified_gmt":"2026-03-09T06:58:28","slug":"geel-kreem-kiko-milano-sebo-balance-cream","status":"publish","type":"product","link":"https:\/\/superstore.ee\/index.php\/toode\/geel-kreem-kiko-milano-sebo-balance-cream\/","title":{"rendered":"KIKO MILANO Sebo Balance Cream"},"content":{"rendered":"","protected":false},"excerpt":{"rendered":"<p>Puhastav matistava l\u00f5ppviimistlusega geel-kreem<\/p>\n<p>Soovitatav: Segat\u00fc\u00fcpi ja rasvasele nahale.<\/p>\n<p>Miks see on eriline:<\/p>\n<ul>\n<li>Selle koostis on rikastatud puhastava paju- ja kurgiekstrakti, rohelise tee ning niisutava suhkrukompleksiga.<\/li>\n<li>See v\u00e4hendab liigset rasueritust, luues t\u00e4iusliku aluse meigile ning samal ajal rahustades nahka.<\/li>\n<li>Kerge ja v\u00e4rske tekstuur imendub kiiresti ega j\u00e4ta nahka raskeks.<\/li>\n<li>Koostises sisalduv sf\u00e4\u00e4riline puuder annab n\u00e4ole pehme fookuse ehk soft-focus efekti.<\/li>\n<\/ul>\n<p>Dermatoloogiliselt testitud<\/p>\n<p>Ei ummista poore (mittekomedogeenne)<\/p>\n<p><strong>Tulemused<\/strong>: Nahk on niisutatud ja matistatud kogu p\u00e4eva v\u00e4ltel. L\u00e4ige on kontrolli all, eriti probleemsetes piirkondades nagu T-tsoon.<\/p>\n<p>Valmistatud Itaalias<\/p>\n<p>Maht: 50 ml<\/p>\n<details>\n<summary>Details<\/summary>\n<div translate=\"no\">\n<p>Purifying matte-finish gel cream.Recommended for: combination to oily skin.<\/p>\n<p>It\u2019s special because:<\/p>\n<p>&#8211; its formula is enriched with purifying willow extract, cucumber and green tea and a moisturising mix of sugars;<\/p>\n<p>&#8211; it reduces excess sebum, creating the perfect makeup base while also soothing the skin;<\/p>\n<p>&#8211; it has a light and fresh texture that is rapidly absorbed without weighing the skin down;<\/p>\n<p>&#8211; it gives the face a soft-focus effect thanks to the spherical powder in the formula.<\/p>\n<p>Dermatologically tested<\/p>\n<p>Non-comedogenic<\/p>\n<p>Results: Skin is moisturised and mattified all day long, keeping shine at bay, in particular in the T-zone.<\/p>\n<p>Made in Italy<br \/>\n50 ml<\/p>\n<p>INGREDIENTS:<br \/>\nAQUA (WATER\/EAU), BUTYLENE GLYCOL, CAPRYLIC\/CAPRIC TRIGLYCERIDE, GLYCERIN, VINYL DIMETHICONE\/METHICONE SILSESQUIOXANE C ROSSPOLYMER, DIMETHICONE, POLYMETHYL METHACRYLATE, SACCHARIDE ISOMERATE, AMMONIUM ACRYLOYLDIMETHYLTAURATE\/VP COPOLYMER, POLYACRYLAMI DE, PARFUM (FRAGRANCE), C13-14 ISOPARAFFIN, POLYSORBATE 80, ACRYLATES\/C10-30 ALKYL ACRYLATE CROSSPOLYMER, ENANTIA CHLORANTHA BARK EX TRACT, FRUCTOSE, NIACINAMIDE, SUCROSE, OLEA EUROPAEA FRUIT OIL (OLEA EUROPAEA (OLIVE) FRUIT OIL), TOCOPHERYL ACETATE, LAURETH-7, , S ALIX ALBA BARK EXTRACT (SALIX ALBA (WILLOW) BARK EXTRACT), CUCUMIS SATIVUS FRUIT EXTRACT (CUCUMIS SATIVUS (CUCUMBER) FRUIT EXTRACT), CAMELLIA SINENSIS LEAF EXTRACT, OLEANOLIC ACID, CITRIC ACID, SODIUM CITRATE, SODIUM HYDROXIDE, BHT, PHENOXYETHANOL, HYDROXYACETOPHE NONE, ETHYLHEXYLGLYCERIN, BENZYL ALCOHOL, SODIUM BENZOATE, POTASSIUM SORBATE, DIMETHYL PHENETHYL ACETATE, CI 19140 (YELLOW 5), CI 42 090 (BLUE 1).<\/p>\n<\/div>\n<p>\u041e\u0447\u0438\u0449\u0430\u044e\u0449\u0438\u0439 \u043c\u0430\u0442\u0438\u0440\u0443\u044e\u0449\u0438\u0439 \u0433\u0435\u043b\u0435\u0432\u044b\u0439 \u043a\u0440\u0435\u043c<br \/>\n\u0420\u0435\u043a\u043e\u043c\u0435\u043d\u0434\u0443\u0435\u0442\u0441\u044f \u0434\u043b\u044f: \u041a\u043e\u043c\u0431\u0438\u043d\u0438\u0440\u043e\u0432\u0430\u043d\u043d\u043e\u0439 \u0438 \u0436\u0438\u0440\u043d\u043e\u0439 \u043a\u043e\u0436\u0438.<\/p>\n<p>\u041e\u0441\u043e\u0431\u0435\u043d\u043d\u043e\u0441\u0442\u0438 \u0441\u0440\u0435\u0434\u0441\u0442\u0432\u0430:<\/p>\n<ul>\n<li>\u0415\u0433\u043e \u0444\u043e\u0440\u043c\u0443\u043b\u0430 \u043e\u0431\u043e\u0433\u0430\u0449\u0435\u043d\u0430 \u043e\u0447\u0438\u0449\u0430\u044e\u0449\u0438\u043c \u044d\u043a\u0441\u0442\u0440\u0430\u043a\u0442\u043e\u043c \u0438\u0432\u044b, \u043e\u0433\u0443\u0440\u0446\u0430 \u0438 \u0437\u0435\u043b\u0435\u043d\u043e\u0433\u043e \u0447\u0430\u044f, \u0430 \u0442\u0430\u043a\u0436\u0435 \u0443\u0432\u043b\u0430\u0436\u043d\u044f\u044e\u0449\u0438\u043c \u043a\u043e\u043c\u043f\u043b\u0435\u043a\u0441\u043e\u043c \u0441\u0430\u0445\u0430\u0440\u043e\u0432.<\/li>\n<li>\u041e\u043d \u044d\u0444\u0444\u0435\u043a\u0442\u0438\u0432\u043d\u043e \u0443\u043c\u0435\u043d\u044c\u0448\u0430\u0435\u0442 \u0438\u0437\u043b\u0438\u0448\u043a\u0438 \u0441\u0435\u0431\u0443\u043c\u0430, \u0441\u043e\u0437\u0434\u0430\u0432\u0430\u044f \u0438\u0434\u0435\u0430\u043b\u044c\u043d\u0443\u044e \u0431\u0430\u0437\u0443 \u043f\u043e\u0434 \u043c\u0430\u043a\u0438\u044f\u0436 \u0438 \u043e\u0434\u043d\u043e\u0432\u0440\u0435\u043c\u0435\u043d\u043d\u043e \u0443\u0441\u043f\u043e\u043a\u0430\u0438\u0432\u0430\u044f \u043a\u043e\u0436\u0443.<\/li>\n<li>\u041b\u0435\u0433\u043a\u0430\u044f \u0438 \u0441\u0432\u0435\u0436\u0430\u044f \u0442\u0435\u043a\u0441\u0442\u0443\u0440\u0430 \u0431\u044b\u0441\u0442\u0440\u043e \u0432\u043f\u0438\u0442\u044b\u0432\u0430\u0435\u0442\u0441\u044f, \u043d\u0435 \u0443\u0442\u044f\u0436\u0435\u043b\u044f\u044f \u043a\u043e\u0436\u0443 \u0438 \u043d\u0435 \u043e\u0441\u0442\u0430\u0432\u043b\u044f\u044f \u0447\u0443\u0432\u0441\u0442\u0432\u0430 \u043b\u0438\u043f\u043a\u043e\u0441\u0442\u0438.<\/li>\n<li>\u0411\u043b\u0430\u0433\u043e\u0434\u0430\u0440\u044f \u0441\u043e\u0434\u0435\u0440\u0436\u0430\u043d\u0438\u044e \u0432 \u0441\u043e\u0441\u0442\u0430\u0432\u0435 \u0441\u0444\u0435\u0440\u0438\u0447\u0435\u0441\u043a\u043e\u0439 \u043f\u0443\u0434\u0440\u044b, \u043a\u0440\u0435\u043c \u043f\u0440\u0438\u0434\u0430\u0435\u0442 \u043b\u0438\u0446\u0443 \u044d\u0444\u0444\u0435\u043a\u0442 \u00ab\u043c\u044f\u0433\u043a\u043e\u0433\u043e \u0444\u043e\u043a\u0443\u0441\u0430\u00bb (soft-focus), \u0432\u0438\u0437\u0443\u0430\u043b\u044c\u043d\u043e \u0432\u044b\u0440\u0430\u0432\u043d\u0438\u0432\u0430\u044f \u0440\u0435\u043b\u044c\u0435\u0444.<\/li>\n<\/ul>\n<p>\u0414\u0435\u0440\u043c\u0430\u0442\u043e\u043b\u043e\u0433\u0438\u0447\u0435\u0441\u043a\u0438 \u043f\u0440\u043e\u0442\u0435\u0441\u0442\u0438\u0440\u043e\u0432\u0430\u043d\u043e. \u041d\u0435\u043a\u043e\u043c\u0435\u0434\u043e\u0433\u0435\u043d\u043d\u043e (\u043d\u0435 \u0437\u0430\u0431\u0438\u0432\u0430\u0435\u0442 \u043f\u043e\u0440\u044b)<\/p>\n<\/details>\n","protected":false},"featured_media":16554,"template":"","meta":{"jetpack_publicize_message":"","jetpack_publicize_feature_enabled":true,"jetpack_social_post_already_shared":false,"jetpack_social_options":{"image_generator_settings":{"template":"highway","default_image_id":0,"font":"","enabled":false},"version":2}},"product_brand":[],"product_cat":[340,967,912,964],"product_tag":[],"class_list":{"0":"post-16490","1":"product","2":"type-product","3":"status-publish","4":"has-post-thumbnail","6":"product_cat-kiko-milano","7":"product_cat-creams-and-serums","8":"product_cat-nahahooldus","9":"product_cat-face-care","10":"pa_varv-402","11":"pa_varv-403","13":"first","14":"instock","15":"shipping-taxable","16":"purchasable","17":"product-type-simple"},"jetpack_publicize_connections":[],"jetpack_sharing_enabled":true,"jetpack_likes_enabled":true,"_links":{"self":[{"href":"https:\/\/superstore.ee\/index.php\/wp-json\/wp\/v2\/product\/16490","targetHints":{"allow":["GET"]}}],"collection":[{"href":"https:\/\/superstore.ee\/index.php\/wp-json\/wp\/v2\/product"}],"about":[{"href":"https:\/\/superstore.ee\/index.php\/wp-json\/wp\/v2\/types\/product"}],"wp:featuredmedia":[{"embeddable":true,"href":"https:\/\/superstore.ee\/index.php\/wp-json\/wp\/v2\/media\/16554"}],"wp:attachment":[{"href":"https:\/\/superstore.ee\/index.php\/wp-json\/wp\/v2\/media?parent=16490"}],"wp:term":[{"taxonomy":"product_brand","embeddable":true,"href":"https:\/\/superstore.ee\/index.php\/wp-json\/wp\/v2\/product_brand?post=16490"},{"taxonomy":"product_cat","embeddable":true,"href":"https:\/\/superstore.ee\/index.php\/wp-json\/wp\/v2\/product_cat?post=16490"},{"taxonomy":"product_tag","embeddable":true,"href":"https:\/\/superstore.ee\/index.php\/wp-json\/wp\/v2\/product_tag?post=16490"}],"curies":[{"name":"wp","href":"https:\/\/api.w.org\/{rel}","templated":true}]}}