{"id":16731,"date":"2024-07-22T16:17:03","date_gmt":"2024-07-22T14:17:03","guid":{"rendered":"https:\/\/superstore.ee\/?post_type=product&#038;p=16731"},"modified":"2026-03-03T12:02:19","modified_gmt":"2026-03-03T10:02:19","slug":"kinkekarp-pink","status":"publish","type":"product","link":"https:\/\/superstore.ee\/index.php\/toode\/kinkekarp-pink\/","title":{"rendered":"Kinkekarp &#8211; Pink"},"content":{"rendered":"","protected":false},"excerpt":{"rendered":"<p>\ud83c\uddea\ud83c\uddea Kas soovite teha ideaalse kingituse? Kasutage meie kaunite pakketeenust! Lihtsalt valige kingituseks sobivad tooted ja m\u00e4rkige tellimuse vormistamisel kommentaaridesse, mida tuleb pakkida ja mida saata eraldi.<\/p>\n<p>Kui soovite saata kingituse otse saajale, m\u00e4rkige tema kontaktandmed (telefoninumber ja Itella Smartpost pakiautomaat). Samuti, kui soovite lisada kaardile l\u00fchikese soovi, kirjutage sellest tellimuse m\u00e4rkustes.<\/p>\n<p>\ud83c\udf81 Tellimuste puhul, mis \u00fcletavad 45 eurot, lisame tasuta v\u00e4ikese \u00fcllatuse (midagi Kiko v\u00f5i VS kosmeetikast). Andke meile teada, kas soovite \u00fcllatuse panna kingitusepakki v\u00f5i j\u00e4tta endale.<\/p>\n<p>\ud83c\udf81 Tellimuste puhul alates 50 eurost on kohaletoimetamine tasuta.<\/p>\n<p>\ud83c\uddf7\ud83c\uddfa \u0425\u043e\u0442\u0438\u0442\u0435 \u0441\u0434\u0435\u043b\u0430\u0442\u044c \u0438\u0434\u0435\u0430\u043b\u044c\u043d\u044b\u0439 \u043f\u043e\u0434\u0430\u0440\u043e\u043a? \u0412\u043e\u0441\u043f\u043e\u043b\u044c\u0437\u0443\u0439\u0442\u0435\u0441\u044c \u043d\u0430\u0448\u0435\u0439 \u0443\u0441\u043b\u0443\u0433\u043e\u0439 \u043a\u0440\u0430\u0441\u0438\u0432\u043e\u0439 \u0443\u043f\u0430\u043a\u043e\u0432\u043a\u0438! \u041f\u0440\u043e\u0441\u0442\u043e \u0432\u044b\u0431\u0435\u0440\u0438\u0442\u0435 \u0442\u043e\u0432\u0430\u0440\u044b \u0434\u043b\u044f \u043f\u043e\u0434\u0430\u0440\u043a\u0430 \u0438 \u0443\u043a\u0430\u0436\u0438\u0442\u0435 \u0432 \u043a\u043e\u043c\u043c\u0435\u043d\u0442\u0430\u0440\u0438\u044f\u0445 \u043f\u0440\u0438 \u043e\u0444\u043e\u0440\u043c\u043b\u0435\u043d\u0438\u0438 \u0437\u0430\u043a\u0430\u0437\u0430, \u0447\u0442\u043e \u043d\u0443\u0436\u043d\u043e \u0443\u043f\u0430\u043a\u043e\u0432\u0430\u0442\u044c, \u0430 \u0447\u0442\u043e \u043e\u0442\u043f\u0440\u0430\u0432\u0438\u0442\u044c \u043e\u0442\u0434\u0435\u043b\u044c\u043d\u043e.<\/p>\n<p>\u0415\u0441\u043b\u0438 \u0432\u044b \u0445\u043e\u0442\u0438\u0442\u0435 \u043e\u0442\u043f\u0440\u0430\u0432\u0438\u0442\u044c \u043f\u043e\u0434\u0430\u0440\u043e\u043a \u043d\u0430\u043f\u0440\u044f\u043c\u0443\u044e \u043f\u043e\u043b\u0443\u0447\u0430\u0442\u0435\u043b\u044e, \u0443\u043a\u0430\u0436\u0438\u0442\u0435 \u0435\u0433\u043e \u043a\u043e\u043d\u0442\u0430\u043a\u0442\u043d\u044b\u0435 \u0434\u0430\u043d\u043d\u044b\u0435 (\u043d\u043e\u043c\u0435\u0440 \u0442\u0435\u043b\u0435\u0444\u043e\u043d\u0430 \u0438 \u043f\u0443\u043d\u043a\u0442 Itella Smartpost). \u0422\u0430\u043a\u0436\u0435, \u0435\u0441\u043b\u0438 \u0445\u043e\u0442\u0438\u0442\u0435 \u0434\u043e\u0431\u0430\u0432\u0438\u0442\u044c \u043a\u043e\u0440\u043e\u0442\u043a\u043e\u0435 \u043f\u043e\u0436\u0435\u043b\u0430\u043d\u0438\u0435 \u0432 \u043e\u0442\u043a\u0440\u044b\u0442\u043a\u0443, \u043d\u0430\u043f\u0438\u0448\u0438\u0442\u0435 \u043e\u0431 \u044d\u0442\u043e\u043c \u0432 \u0437\u0430\u043c\u0435\u0442\u043a\u0430\u0445 \u043f\u0440\u0438 \u043e\u0444\u043e\u0440\u043c\u043b\u0435\u043d\u0438\u0438 \u0437\u0430\u043a\u0430\u0437\u0430.<\/p>\n<p>\ud83c\udf81 \u041f\u0440\u0438 \u0437\u0430\u043a\u0430\u0437\u0435 \u043d\u0430 \u0441\u0443\u043c\u043c\u0443 \u043e\u0442 45 \u0435\u0432\u0440\u043e \u043c\u044b \u0434\u043e\u0431\u0430\u0432\u0438\u043c \u043d\u0435\u0431\u043e\u043b\u044c\u0448\u043e\u0439 \u0441\u044e\u0440\u043f\u0440\u0438\u0437 \u043e\u0442 \u043d\u0430\u0441 \u0431\u0435\u0441\u043f\u043b\u0430\u0442\u043d\u043e (\u0447\u0442\u043e-\u0442\u043e \u0438\u0437 \u043a\u043e\u0441\u043c\u0435\u0442\u0438\u043a\u0438 Kiko \u0438\u043b\u0438 VS). \u0421\u043e\u043e\u0431\u0449\u0438\u0442\u0435 \u043d\u0430\u043c, \u0445\u043e\u0442\u0438\u0442\u0435 \u043b\u0438 \u043f\u043e\u043b\u043e\u0436\u0438\u0442\u044c \u0441\u044e\u0440\u043f\u0440\u0438\u0437 \u0432 \u043f\u043e\u0434\u0430\u0440\u043e\u0447\u043d\u0443\u044e \u043a\u043e\u0440\u043e\u0431\u043a\u0443 \u0438\u043b\u0438 \u043e\u0441\u0442\u0430\u0432\u0438\u0442\u044c \u0435\u0433\u043e \u0441\u0435\u0431\u0435.<\/p>\n<p>\ud83c\udf81 \u041f\u0440\u0438 \u0437\u0430\u043a\u0430\u0437\u0435 \u043e\u0442 50 \u0435\u0432\u0440\u043e \u0434\u043e\u0441\u0442\u0430\u0432\u043a\u0430 \u0431\u0435\u0441\u043f\u043b\u0430\u0442\u043d\u0430\u044f.<\/p>\n<p>\ud83c\uddfa\ud83c\uddf8 Do you want to make the perfect gift? Use our beautiful wrapping service! Simply select the items for the gift and specify in the order comments what needs to be wrapped and what should be sent separately.<\/p>\n<p>If you want to send the gift directly to the recipient, provide their contact details (phone number and Itella Smartpost pickup point). Also, if you want to add a short message to a card, write about it in the order notes.<\/p>\n<p>\ud83c\udf81 For orders over 45 euros, we will add a small surprise from us for free (something from Kiko or VS cosmetics). Let us know if you want the surprise included in the gift box or kept for yourself.<\/p>\n<p>\ud83c\udf81 For orders over 50 euros, shipping is free.<\/p>\n","protected":false},"featured_media":17129,"template":"","meta":{"jetpack_publicize_message":"","jetpack_publicize_feature_enabled":true,"jetpack_social_post_already_shared":false,"jetpack_social_options":{"image_generator_settings":{"template":"highway","default_image_id":0,"font":"","enabled":false},"version":2}},"product_brand":[],"product_cat":[340,830,342,341],"product_tag":[],"class_list":{"0":"post-16731","1":"product","2":"type-product","3":"status-publish","4":"has-post-thumbnail","6":"product_cat-kiko-milano","7":"product_cat-kingitused","8":"product_cat-komplektid-victorias-secret","9":"product_cat-victorias-secret","11":"first","12":"outofstock","13":"shipping-taxable","14":"purchasable","15":"product-type-simple"},"jetpack_publicize_connections":[],"jetpack_sharing_enabled":true,"jetpack_likes_enabled":true,"_links":{"self":[{"href":"https:\/\/superstore.ee\/index.php\/wp-json\/wp\/v2\/product\/16731","targetHints":{"allow":["GET"]}}],"collection":[{"href":"https:\/\/superstore.ee\/index.php\/wp-json\/wp\/v2\/product"}],"about":[{"href":"https:\/\/superstore.ee\/index.php\/wp-json\/wp\/v2\/types\/product"}],"wp:featuredmedia":[{"embeddable":true,"href":"https:\/\/superstore.ee\/index.php\/wp-json\/wp\/v2\/media\/17129"}],"wp:attachment":[{"href":"https:\/\/superstore.ee\/index.php\/wp-json\/wp\/v2\/media?parent=16731"}],"wp:term":[{"taxonomy":"product_brand","embeddable":true,"href":"https:\/\/superstore.ee\/index.php\/wp-json\/wp\/v2\/product_brand?post=16731"},{"taxonomy":"product_cat","embeddable":true,"href":"https:\/\/superstore.ee\/index.php\/wp-json\/wp\/v2\/product_cat?post=16731"},{"taxonomy":"product_tag","embeddable":true,"href":"https:\/\/superstore.ee\/index.php\/wp-json\/wp\/v2\/product_tag?post=16731"}],"curies":[{"name":"wp","href":"https:\/\/api.w.org\/{rel}","templated":true}]}}