{"id":16967,"date":"2024-08-01T16:40:09","date_gmt":"2024-08-01T14:40:09","guid":{"rendered":"https:\/\/superstore.ee\/?post_type=product&#038;p=16967"},"modified":"2026-02-01T17:34:09","modified_gmt":"2026-02-01T15:34:09","slug":"kauapusiv-kreemjas-lauvarv-kiko-milano-colour-lasting-creamy-eyeshadow-2","status":"publish","type":"product","link":"https:\/\/superstore.ee\/index.php\/toode\/kauapusiv-kreemjas-lauvarv-kiko-milano-colour-lasting-creamy-eyeshadow-2\/","title":{"rendered":"Kauap\u00fcsiv kreemjas lauv\u00e4rv KIKO Milano Colour Lasting Creamy Eyeshadow"},"content":{"rendered":"","protected":false},"excerpt":{"rendered":"<p>\ud83c\uddea\ud83c\uddea Kauap\u00fcsiv kreemjas lauv\u00e4rv KIKO Milano. Sametine ja \u00fchtlane tekstuur eristab kohest ja intensiivset v\u00e4rvivabastust t\u00e4iusliku silmameigi saavutamiseks kuni kaheksaks tunniks. Siidist ja h\u00e4sti segunevat koostist on \u00fclimalt lihtne reguleerida ning metalliline viimistlus lisab silmadele elegantsi.<\/p>\n<p>\ud83c\uddf7\ud83c\uddfa \u0421\u0442\u043e\u0439\u043a\u0438\u0435 \u043a\u0440\u0435\u043c\u043e\u0432\u044b\u0435 \u0442\u0435\u043d\u0438 \u0434\u043b\u044f \u0432\u0435\u043a KIKO Milano. \u0411\u0430\u0440\u0445\u0430\u0442\u0438\u0441\u0442\u0430\u044f \u0438 \u043e\u0434\u043d\u043e\u0440\u043e\u0434\u043d\u0430\u044f \u0442\u0435\u043a\u0441\u0442\u0443\u0440\u0430 \u0434\u0435\u0440\u0436\u0438\u0442\u0441\u044f \u0434\u043e 8-\u043c\u0438 \u0447\u0430\u0441\u043e\u0432. \u0428\u0435\u043b\u043a\u043e\u0432\u0438\u0441\u0442\u0430\u044f \u0438 \u0445\u043e\u0440\u043e\u0448\u043e \u0440\u0430\u0441\u0442\u0443\u0448\u0435\u0432\u044b\u0432\u0430\u0435\u043c\u0430\u044f \u0444\u043e\u0440\u043c\u0443\u043b\u0430 \u043e\u0447\u0435\u043d\u044c \u043b\u0435\u0433\u043a\u043e \u043d\u0430\u043d\u043e\u0441\u0438\u0442\u0441\u044f.<\/p>\n<p>\ud83c\uddfa\ud83c\uddf8 KIKO Milano Colour Lasting Creamy Eyeshadow. Long-lasting (8 hours) cream eyeshadow. The velvety and even texture features an instant and intense colour release for perfect eye makeup for up to 8 hours.<\/p>\n","protected":false},"featured_media":23223,"template":"","meta":{"jetpack_publicize_message":"","jetpack_publicize_feature_enabled":true,"jetpack_social_post_already_shared":false,"jetpack_social_options":{"image_generator_settings":{"template":"highway","default_image_id":0,"font":"","enabled":false},"version":2}},"product_brand":[],"product_cat":[973,340,984,631,912,982],"product_tag":[],"class_list":{"0":"post-16967","1":"product","2":"type-product","3":"status-publish","4":"has-post-thumbnail","6":"product_cat-makeup","7":"product_cat-kiko-milano","8":"product_cat-eyeshadow","9":"product_cat-sale","10":"product_cat-nahahooldus","11":"product_cat-eyes","12":"pa_varv-05-chocolate","13":"pa_varv-07-free","14":"pa_varv-07-rosy-silver","15":"pa_varv-08-anthracite","17":"first","18":"outofstock","19":"shipping-taxable","20":"product-type-variable"},"jetpack_publicize_connections":[],"jetpack_sharing_enabled":true,"jetpack_likes_enabled":true,"_links":{"self":[{"href":"https:\/\/superstore.ee\/index.php\/wp-json\/wp\/v2\/product\/16967","targetHints":{"allow":["GET"]}}],"collection":[{"href":"https:\/\/superstore.ee\/index.php\/wp-json\/wp\/v2\/product"}],"about":[{"href":"https:\/\/superstore.ee\/index.php\/wp-json\/wp\/v2\/types\/product"}],"wp:featuredmedia":[{"embeddable":true,"href":"https:\/\/superstore.ee\/index.php\/wp-json\/wp\/v2\/media\/23223"}],"wp:attachment":[{"href":"https:\/\/superstore.ee\/index.php\/wp-json\/wp\/v2\/media?parent=16967"}],"wp:term":[{"taxonomy":"product_brand","embeddable":true,"href":"https:\/\/superstore.ee\/index.php\/wp-json\/wp\/v2\/product_brand?post=16967"},{"taxonomy":"product_cat","embeddable":true,"href":"https:\/\/superstore.ee\/index.php\/wp-json\/wp\/v2\/product_cat?post=16967"},{"taxonomy":"product_tag","embeddable":true,"href":"https:\/\/superstore.ee\/index.php\/wp-json\/wp\/v2\/product_tag?post=16967"}],"curies":[{"name":"wp","href":"https:\/\/api.w.org\/{rel}","templated":true}]}}