{"id":171,"date":"2021-12-05T17:04:40","date_gmt":"2021-12-05T17:04:40","guid":{"rendered":"https:\/\/superstore.ee\/?post_type=product&#038;p=171"},"modified":"2022-02-03T21:22:34","modified_gmt":"2022-02-03T19:22:34","slug":"meeste-calvin-klein-kahepoolne-voo","status":"publish","type":"product","link":"https:\/\/superstore.ee\/index.php\/toode\/meeste-calvin-klein-kahepoolne-voo\/","title":{"rendered":"Meeste Calvin Klein kahepoolne v\u00f6\u00f6"},"content":{"rendered":"","protected":false},"excerpt":{"rendered":"<p>Uus Calvin Klein kahepoolne (must ja pruun) v\u00f6\u00f6<\/p>\n<p>Materjal: 100% t\u00e4isnahk<\/p>\n<p>Suurus: 90<\/p>\n<p>Laius: 3,5cm<\/p>\n<p>\u041d\u043e\u0432\u044b\u0439 \u0434\u0432\u0443\u0445\u0441\u0442\u043e\u0440\u043e\u043d\u043d\u0438\u0439 (\u0447\u0451\u0440\u043d\u044b\u0439 \u0438 \u043a\u043e\u0440\u0438\u0447\u043d\u0435\u0432\u044b\u0439) \u043c\u0443\u0436\u0441\u043a\u043e\u0439 \u0440\u0435\u043c\u0435\u043d\u044c Calvin Klein<\/p>\n<p>\u0420\u0430\u0437\u043c\u0435\u0440: 90<\/p>\n<p>\u0428\u0438\u0440\u0438\u043d\u0430: 3,5\u0441\u043c<\/p>\n<p>\u041c\u0430\u0442\u0435\u0440\u0438\u0430\u043b: 100% \u043a\u043e\u0436\u0430<\/p>\n","protected":false},"featured_media":172,"template":"","meta":{"jetpack_publicize_message":"","jetpack_publicize_feature_enabled":true,"jetpack_social_post_already_shared":false,"jetpack_social_options":{"image_generator_settings":{"template":"highway","default_image_id":0,"font":"","enabled":false},"version":2}},"product_brand":[],"product_cat":[15],"product_tag":[34,58],"class_list":{"0":"post-171","1":"product","2":"type-product","3":"status-publish","4":"has-post-thumbnail","6":"product_cat-maaramata","7":"product_tag-mehed","8":"product_tag-vood","10":"first","11":"outofstock","12":"sale","13":"shipping-taxable","14":"purchasable","15":"product-type-simple"},"jetpack_publicize_connections":[],"jetpack_sharing_enabled":true,"jetpack_likes_enabled":true,"_links":{"self":[{"href":"https:\/\/superstore.ee\/index.php\/wp-json\/wp\/v2\/product\/171","targetHints":{"allow":["GET"]}}],"collection":[{"href":"https:\/\/superstore.ee\/index.php\/wp-json\/wp\/v2\/product"}],"about":[{"href":"https:\/\/superstore.ee\/index.php\/wp-json\/wp\/v2\/types\/product"}],"wp:featuredmedia":[{"embeddable":true,"href":"https:\/\/superstore.ee\/index.php\/wp-json\/wp\/v2\/media\/172"}],"wp:attachment":[{"href":"https:\/\/superstore.ee\/index.php\/wp-json\/wp\/v2\/media?parent=171"}],"wp:term":[{"taxonomy":"product_brand","embeddable":true,"href":"https:\/\/superstore.ee\/index.php\/wp-json\/wp\/v2\/product_brand?post=171"},{"taxonomy":"product_cat","embeddable":true,"href":"https:\/\/superstore.ee\/index.php\/wp-json\/wp\/v2\/product_cat?post=171"},{"taxonomy":"product_tag","embeddable":true,"href":"https:\/\/superstore.ee\/index.php\/wp-json\/wp\/v2\/product_tag?post=171"}],"curies":[{"name":"wp","href":"https:\/\/api.w.org\/{rel}","templated":true}]}}